{"id":31423,"date":"2026-02-27T00:13:29","date_gmt":"2026-02-27T00:13:29","guid":{"rendered":"https:\/\/nordicmart.andreevmaster.com\/product\/songmics-vaateteline-korkeussaadettavalla-tangolla\/"},"modified":"2026-02-27T09:36:13","modified_gmt":"2026-02-27T09:36:13","slug":"songmics-vaateteline-korkeussaadettavalla-tangolla","status":"publish","type":"product","link":"https:\/\/nordicmart.andreevmaster.com\/fi\/tuote\/songmics-vaateteline-korkeussaadettavalla-tangolla\/","title":{"rendered":"SONGMICS vaateteline korkeuss\u00e4\u00e4dett\u00e4v\u00e4ll\u00e4 tangolla"},"content":{"rendered":"<p>SONGMICS vaateteline py\u00f6rill\u00e4, vaatetanko hyllyll\u00e4, 2 tankoa, leveys 98,5 cm, kokonaiskuormitus 55 kg, alempi tanko korkeuss\u00e4\u00e4dett\u00e4v\u00e4, ter\u00e4s<br \/>\nV\u00e4ri: vintage-ruskea-mustanmusta<br \/>\nMateriaali: ter\u00e4s, lastulevy<br \/>\nKoko: 35 x 98,5 x 180,3 cm (S x L x K)<br \/>\nPaino: 6,6 kg<br \/>\nYl\u00e4vaatetangon maks. staattinen kantavuus: 15 kg<br \/>\nAlemman vaatetangon maks. staattinen kantavuus: 20 kg<br \/>\nHyllyn maks. staattinen kantavuus: 20 kg<br \/>\nMaks. staattinen kokonaiskuormitus: 55 kg<\/p>\n","protected":false},"excerpt":{"rendered":"<p>SONGMICS vaateteline py\u00f6rill\u00e4, vaatetanko hyllyll\u00e4, 2 tankoa, leveys 98,5 cm, kokonaiskuormitus 55 kg, alempi tanko korkeuss\u00e4\u00e4dett\u00e4v\u00e4, ter\u00e4s<\/p>\n","protected":false},"featured_media":40572,"comment_status":"open","ping_status":"closed","template":"","meta":[],"product_brand":[],"product_cat":[32],"product_tag":[],"class_list":{"0":"post-31423","1":"product","2":"type-product","3":"status-publish","4":"has-post-thumbnail","6":"product_cat-uncategorized-fi","8":"first","9":"instock","10":"shipping-taxable","11":"purchasable","12":"product-type-simple"},"_links":{"self":[{"href":"https:\/\/nordicmart.andreevmaster.com\/fi\/wp-json\/wp\/v2\/product\/31423","targetHints":{"allow":["GET"]}}],"collection":[{"href":"https:\/\/nordicmart.andreevmaster.com\/fi\/wp-json\/wp\/v2\/product"}],"about":[{"href":"https:\/\/nordicmart.andreevmaster.com\/fi\/wp-json\/wp\/v2\/types\/product"}],"replies":[{"embeddable":true,"href":"https:\/\/nordicmart.andreevmaster.com\/fi\/wp-json\/wp\/v2\/comments?post=31423"}],"wp:featuredmedia":[{"embeddable":true,"href":"https:\/\/nordicmart.andreevmaster.com\/fi\/wp-json\/wp\/v2\/media\/40572"}],"wp:attachment":[{"href":"https:\/\/nordicmart.andreevmaster.com\/fi\/wp-json\/wp\/v2\/media?parent=31423"}],"wp:term":[{"taxonomy":"product_brand","embeddable":true,"href":"https:\/\/nordicmart.andreevmaster.com\/fi\/wp-json\/wp\/v2\/product_brand?post=31423"},{"taxonomy":"product_cat","embeddable":true,"href":"https:\/\/nordicmart.andreevmaster.com\/fi\/wp-json\/wp\/v2\/product_cat?post=31423"},{"taxonomy":"product_tag","embeddable":true,"href":"https:\/\/nordicmart.andreevmaster.com\/fi\/wp-json\/wp\/v2\/product_tag?post=31423"}],"curies":[{"name":"wp","href":"https:\/\/api.w.org\/{rel}","templated":true}]}}