{"id":31420,"date":"2026-02-27T00:13:28","date_gmt":"2026-02-27T00:13:28","guid":{"rendered":"https:\/\/nordicmart.andreevmaster.com\/product\/songmics-vaateripustin-rullilla-ja-hyllylla-tammivarinen-kermanvalkoinen\/"},"modified":"2026-02-27T09:36:12","modified_gmt":"2026-02-27T09:36:12","slug":"songmics-vaateripustin-rullilla-ja-hyllylla-tammivarinen-kermanvalkoinen","status":"publish","type":"product","link":"https:\/\/nordicmart.andreevmaster.com\/fi\/tuote\/songmics-vaateripustin-rullilla-ja-hyllylla-tammivarinen-kermanvalkoinen\/","title":{"rendered":"SONGMICS vaateripustin rullilla ja hyllyll\u00e4, tammiv\u00e4rinen-kermanvalkoinen"},"content":{"rendered":"<p>SONGMICS vaateripustin rullilla, vaateripustin hyllyll\u00e4, vaateripustin, leveys 98,5 cm, kokonaiskuormitus 50 kg, ter\u00e4s, vaateripustin makuuhuoneeseen<br \/>\nV\u00e4ri: luonnonbeige-pilvinen valkoinen<br \/>\nMateriaali: ter\u00e4s, lastulevy<br \/>\nKoko: 35 x 98,5 x 160,3 cm (S x L x K)<br \/>\nPaino: 6,1 kg<br \/>\nVaatepidikkeen maks. staattinen kantavuus: 30 kg<br \/>\nHyllyn maks. staattinen kantavuus: 20 kg<br \/>\nMaks. staattinen kokonaiskuormitus: 50 kg<\/p>\n","protected":false},"excerpt":{"rendered":"<p>SONGMICS vaateripustin rullilla, vaateripustin hyllyll\u00e4, vaateripustin, leveys 98,5 cm, kokonaiskuormitus 50 kg, ter\u00e4s, vaateripustin makuuhuoneeseen<\/p>\n","protected":false},"featured_media":40569,"comment_status":"open","ping_status":"closed","template":"","meta":[],"product_brand":[],"product_cat":[32],"product_tag":[],"class_list":{"0":"post-31420","1":"product","2":"type-product","3":"status-publish","4":"has-post-thumbnail","6":"product_cat-uncategorized-fi","8":"first","9":"instock","10":"shipping-taxable","11":"purchasable","12":"product-type-simple"},"_links":{"self":[{"href":"https:\/\/nordicmart.andreevmaster.com\/fi\/wp-json\/wp\/v2\/product\/31420","targetHints":{"allow":["GET"]}}],"collection":[{"href":"https:\/\/nordicmart.andreevmaster.com\/fi\/wp-json\/wp\/v2\/product"}],"about":[{"href":"https:\/\/nordicmart.andreevmaster.com\/fi\/wp-json\/wp\/v2\/types\/product"}],"replies":[{"embeddable":true,"href":"https:\/\/nordicmart.andreevmaster.com\/fi\/wp-json\/wp\/v2\/comments?post=31420"}],"wp:featuredmedia":[{"embeddable":true,"href":"https:\/\/nordicmart.andreevmaster.com\/fi\/wp-json\/wp\/v2\/media\/40569"}],"wp:attachment":[{"href":"https:\/\/nordicmart.andreevmaster.com\/fi\/wp-json\/wp\/v2\/media?parent=31420"}],"wp:term":[{"taxonomy":"product_brand","embeddable":true,"href":"https:\/\/nordicmart.andreevmaster.com\/fi\/wp-json\/wp\/v2\/product_brand?post=31420"},{"taxonomy":"product_cat","embeddable":true,"href":"https:\/\/nordicmart.andreevmaster.com\/fi\/wp-json\/wp\/v2\/product_cat?post=31420"},{"taxonomy":"product_tag","embeddable":true,"href":"https:\/\/nordicmart.andreevmaster.com\/fi\/wp-json\/wp\/v2\/product_tag?post=31420"}],"curies":[{"name":"wp","href":"https:\/\/api.w.org\/{rel}","templated":true}]}}