{"id":31417,"date":"2026-02-27T00:13:28","date_gmt":"2026-02-27T00:13:28","guid":{"rendered":"https:\/\/nordicmart.andreevmaster.com\/product\/songmics-seinalle-kiinnitettava-vaatetanko-2-kpln-sarja-30-x-84-x-7-cm-musta\/"},"modified":"2026-02-27T09:36:11","modified_gmt":"2026-02-27T09:36:11","slug":"songmics-seinalle-kiinnitettava-vaatetanko-2-kpln-sarja-30-x-84-x-7-cm-musta","status":"publish","type":"product","link":"https:\/\/nordicmart.andreevmaster.com\/fi\/tuote\/songmics-seinalle-kiinnitettava-vaatetanko-2-kpln-sarja-30-x-84-x-7-cm-musta\/","title":{"rendered":"SONGMICS sein\u00e4lle kiinnitett\u00e4v\u00e4 vaatetanko, 2 kpl:n sarja, 30 x 84 x 7 cm, musta"},"content":{"rendered":"<p>SONGMICS sein\u00e4lle kiinnitett\u00e4v\u00e4 vaatetanko, sein\u00e4lle kiinnitett\u00e4v\u00e4 vaateteline, teollinen, tilaa s\u00e4\u00e4st\u00e4v\u00e4, 30,4 x 170 x 7 cm, 68 kg kantavuus, helppo asentaa, pieniin huoneisiin, musta HSR104B01<br \/>\nV\u00e4ri: musta<br \/>\nMateriaali: ter\u00e4s<br \/>\nKoko vaatetankoa kohti: 30 x 84 x 7 cm (S x L x K)<br \/>\nPaino vaatetankoa kohti: 1,4 kg<br \/>\nMaks. staattinen kantavuus vaatetankoa kohti: 60 kg<\/p>\n","protected":false},"excerpt":{"rendered":"<p>SONGMICS sein\u00e4lle kiinnitett\u00e4v\u00e4 vaatetanko, sein\u00e4lle kiinnitett\u00e4v\u00e4 vaateteline, teollinen, tilaa s\u00e4\u00e4st\u00e4v\u00e4, 30,4 x 170 x 7 cm, 68 kg kantavuus, helppo asentaa, pieniin huoneisiin, musta HSR104B01<\/p>\n","protected":false},"featured_media":40566,"comment_status":"open","ping_status":"closed","template":"","meta":[],"product_brand":[],"product_cat":[32],"product_tag":[],"class_list":{"0":"post-31417","1":"product","2":"type-product","3":"status-publish","4":"has-post-thumbnail","6":"product_cat-uncategorized-fi","8":"first","9":"instock","10":"shipping-taxable","11":"purchasable","12":"product-type-simple"},"_links":{"self":[{"href":"https:\/\/nordicmart.andreevmaster.com\/fi\/wp-json\/wp\/v2\/product\/31417","targetHints":{"allow":["GET"]}}],"collection":[{"href":"https:\/\/nordicmart.andreevmaster.com\/fi\/wp-json\/wp\/v2\/product"}],"about":[{"href":"https:\/\/nordicmart.andreevmaster.com\/fi\/wp-json\/wp\/v2\/types\/product"}],"replies":[{"embeddable":true,"href":"https:\/\/nordicmart.andreevmaster.com\/fi\/wp-json\/wp\/v2\/comments?post=31417"}],"wp:featuredmedia":[{"embeddable":true,"href":"https:\/\/nordicmart.andreevmaster.com\/fi\/wp-json\/wp\/v2\/media\/40566"}],"wp:attachment":[{"href":"https:\/\/nordicmart.andreevmaster.com\/fi\/wp-json\/wp\/v2\/media?parent=31417"}],"wp:term":[{"taxonomy":"product_brand","embeddable":true,"href":"https:\/\/nordicmart.andreevmaster.com\/fi\/wp-json\/wp\/v2\/product_brand?post=31417"},{"taxonomy":"product_cat","embeddable":true,"href":"https:\/\/nordicmart.andreevmaster.com\/fi\/wp-json\/wp\/v2\/product_cat?post=31417"},{"taxonomy":"product_tag","embeddable":true,"href":"https:\/\/nordicmart.andreevmaster.com\/fi\/wp-json\/wp\/v2\/product_tag?post=31417"}],"curies":[{"name":"wp","href":"https:\/\/api.w.org\/{rel}","templated":true}]}}