{"id":31415,"date":"2026-02-27T00:13:27","date_gmt":"2026-02-27T00:13:27","guid":{"rendered":"https:\/\/nordicmart.andreevmaster.com\/product\/songmics-raskaiden-tavaroiden-vaateripustin-90-kg\/"},"modified":"2026-02-27T09:36:11","modified_gmt":"2026-02-27T09:36:11","slug":"songmics-raskaiden-tavaroiden-vaateripustin-90-kg","status":"publish","type":"product","link":"https:\/\/nordicmart.andreevmaster.com\/fi\/tuote\/songmics-raskaiden-tavaroiden-vaateripustin-90-kg\/","title":{"rendered":"SONGMICS raskaiden tavaroiden vaateripustin 90 kg"},"content":{"rendered":"<p>Sopii erinomaisesti kotiin Vaatekaappimme on loistava s\u00e4ilytysratkaisu rypistym\u00e4tt\u00f6mille vaatteille, sill\u00e4 ripustamalla vaatteet v\u00e4lt\u00e4t ei-toivotut rypyt.  Jos makuuhuoneesi, pukeutumishuoneesi tai vaatekaappisi on pieni, vaatekaappimme on sinulle sopiva ratkaisu, sill\u00e4 se luo lis\u00e4\u00e4 tilaa kaikkien vaatteidesi s\u00e4ilytt\u00e4miseen k\u00e4tev\u00e4sti ja j\u00e4rjestyksess\u00e4, jolloin kaaos on vihdoin ohi. Yksinkertaisen rakenteensa ja tyylikk\u00e4\u00e4n ulkon\u00e4k\u00f6ns\u00e4 ansiosta rullavaunumme sopii mihin tahansa huoneeseen, joten voit hy\u00f6dynt\u00e4\u00e4 asuntosi jokaisen vapaa tilan optimaalisesti. Ammattimainen myym\u00e4l\u00e4kaluste Rullavaunumme on yleisk\u00e4ytt\u00f6inen, se s\u00e4\u00e4st\u00e4\u00e4 tilaa ja jakaa myym\u00e4l\u00e4n useisiin alueisiin. Se sopii erinomaisesti kaupalliseen k\u00e4ytt\u00f6\u00f6n, kuten vaatekauppoihin, muotiliikkeisiin, valokuvastudioihin jne. Alareunaan kiinnitettyjen py\u00f6rien ansiosta vaatevaunua on helppo liikutella ja siirt\u00e4\u00e4 tarvittaessa toiseen paikkaan. Kest\u00e4v\u00e4t ja 360\u00b0 k\u00e4\u00e4ntyv\u00e4t py\u00f6r\u00e4t liukuvat helposti kaikentyyppisill\u00e4 lattioilla, jopa ulkona, kuten kadulla, rinteess\u00e4 jne. Siksi vaateteline on t\u00e4ydellinen kirpputoreille ja torille.  Lis\u00e4ksi voit ripustaa vaatteet tangolle sen sijaan, ett\u00e4 laskisit ne taitettuina p\u00f6yd\u00e4lle, mik\u00e4 ei vain v\u00e4henn\u00e4 ryppyj\u00e4 ja taitteita, vaan my\u00f6s antaa asiakkaille nopean p\u00e4\u00e4syn tuotteisiin. Tuotetiedot: &#8211; V\u00e4ri: hopea &#8211; Materiaali: kromattu rautaputki &#8211; Mitat: 92-132 cm x 160 cm x 45,4 cm (L x K x S) &#8211; Nettopaino: 5,2 kg Toimitus sis\u00e4lt\u00e4\u00e4: &#8211; 1 x vaateteline &#8211; 1 x ohjeet (DE, EN, FR, IT, ES)<\/p>\n","protected":false},"excerpt":{"rendered":"<p>SONGMICS raskaiden tavaroiden metallinen vaateteline, kantavuus 90 kg, vaateteline py\u00f6rill\u00e4, taitettava, pituus 92\u2013132 cm, kromattu, teollisuus HSR13S<\/p>\n","protected":false},"featured_media":40564,"comment_status":"open","ping_status":"closed","template":"","meta":[],"product_brand":[],"product_cat":[32],"product_tag":[],"class_list":{"0":"post-31415","1":"product","2":"type-product","3":"status-publish","4":"has-post-thumbnail","6":"product_cat-uncategorized-fi","8":"first","9":"instock","10":"shipping-taxable","11":"purchasable","12":"product-type-simple"},"_links":{"self":[{"href":"https:\/\/nordicmart.andreevmaster.com\/fi\/wp-json\/wp\/v2\/product\/31415","targetHints":{"allow":["GET"]}}],"collection":[{"href":"https:\/\/nordicmart.andreevmaster.com\/fi\/wp-json\/wp\/v2\/product"}],"about":[{"href":"https:\/\/nordicmart.andreevmaster.com\/fi\/wp-json\/wp\/v2\/types\/product"}],"replies":[{"embeddable":true,"href":"https:\/\/nordicmart.andreevmaster.com\/fi\/wp-json\/wp\/v2\/comments?post=31415"}],"wp:featuredmedia":[{"embeddable":true,"href":"https:\/\/nordicmart.andreevmaster.com\/fi\/wp-json\/wp\/v2\/media\/40564"}],"wp:attachment":[{"href":"https:\/\/nordicmart.andreevmaster.com\/fi\/wp-json\/wp\/v2\/media?parent=31415"}],"wp:term":[{"taxonomy":"product_brand","embeddable":true,"href":"https:\/\/nordicmart.andreevmaster.com\/fi\/wp-json\/wp\/v2\/product_brand?post=31415"},{"taxonomy":"product_cat","embeddable":true,"href":"https:\/\/nordicmart.andreevmaster.com\/fi\/wp-json\/wp\/v2\/product_cat?post=31415"},{"taxonomy":"product_tag","embeddable":true,"href":"https:\/\/nordicmart.andreevmaster.com\/fi\/wp-json\/wp\/v2\/product_tag?post=31415"}],"curies":[{"name":"wp","href":"https:\/\/api.w.org\/{rel}","templated":true}]}}