{"id":31414,"date":"2026-02-27T00:13:27","date_gmt":"2026-02-27T00:13:27","guid":{"rendered":"https:\/\/nordicmart.andreevmaster.com\/product\/songmics-teollisuustyylinen-vaateteline-pyorilla\/"},"modified":"2026-02-27T09:36:11","modified_gmt":"2026-02-27T09:36:11","slug":"songmics-teollisuustyylinen-vaateteline-pyorilla","status":"publish","type":"product","link":"https:\/\/nordicmart.andreevmaster.com\/fi\/tuote\/songmics-teollisuustyylinen-vaateteline-pyorilla\/","title":{"rendered":"SONGMICS Teollisuustyylinen vaateteline py\u00f6rill\u00e4"},"content":{"rendered":"<p>Onko sinulla paljon vaatteita, mutta vaatekaapissasi ei ole tarpeeksi s\u00e4ilytystilaa? Tervetuloa t\u00e4m\u00e4 vaateteline! Se on uusi s\u00e4ilytysratkaisu kotiisi ja t\u00e4ydellinen lis\u00e4 vaatekaappiisi!  T\u00e4ydellinen kotik\u00e4ytt\u00f6\u00f6n Kuinka vaatteet voidaan s\u00e4ilytt\u00e4\u00e4 ilman taitteita? T\u00e4m\u00e4 vaateteline on t\u00e4ydellinen vastaus t\u00e4h\u00e4n kysymykseen! Ripustettuna vaatetelineeseen takkisi n\u00e4ytt\u00e4v\u00e4t aina silt\u00e4, kuin olisit juuri silitt\u00e4nyt ne. Lis\u00e4ksi t\u00e4ss\u00e4 vaatetelineess\u00e4 on hylly, jolle voit sijoittaa muutamia s\u00e4ilytyslaatikoita. Sopii my\u00f6s kaupalliseen k\u00e4ytt\u00f6\u00f6n Aseta t\u00e4m\u00e4 vaateteline vaatekauppaasi tai valokuvastudioosi ja ripusta siihen erilaisia vaatekappaleita sen sijaan, ett\u00e4 taittaisit ne ja pinoaisit ne sekavasti p\u00e4\u00e4llekk\u00e4in. N\u00e4in asiakkaasi voivat helposti tarkastella tuotteitasi ja p\u00e4\u00e4st\u00e4 niihin nopeasti k\u00e4siksi. Lis\u00e4ksi t\u00e4m\u00e4 vaateteline on helppo siirt\u00e4\u00e4 mihin tahansa 4 py\u00f6r\u00e4n ansiosta. Irrota vaatetelineen yl\u00e4osa ja taita alaosa kokoon kuljetuksen helpottamiseksi. N\u00e4in voit esimerkiksi vied\u00e4 sen mukanasi kirpputorille. Haluatko s\u00e4\u00e4st\u00e4\u00e4 herk\u00e4t vaatteet t\u00e4yteen ahdetulta vaatekaapilta? Haluatko esitell\u00e4 tuotteitasi tyylikk\u00e4\u00e4sti liikkeess\u00e4si? Hanki sitten t\u00e4m\u00e4 ulosvedett\u00e4v\u00e4 vaateteline!<br \/>\nTuotetiedot: &#8211; V\u00e4ri: musta &#8211; Materiaali: rautaputki &#8211; Koko: (92-132) x 45,4 x 160 cm (P x L x K) &#8211; Paino: 5 kg &#8211; Vaatetelineen maks. staattinen kantavuus: 90 kg Toimitus sis\u00e4lt\u00e4\u00e4:- 1 x vaateteline &#8211; 1 x ohjeet (DE, EN, ES, FR, IT) SONGMICS-huomautukset: &#8211; Tekstiss\u00e4 mainittu maks. kantavuus viittaa staattiseen maksimipainoon.<\/p>\n","protected":false},"excerpt":{"rendered":"<p>SONGMICS raskaiden tavaroiden metallinen vaateteline, kantavuus 90 kg, vaateteline py\u00f6rill\u00e4, taitettava, pituus 92\u2013132 cm, kromattu, teollisuus HSR13S<\/p>\n","protected":false},"featured_media":40563,"comment_status":"open","ping_status":"closed","template":"","meta":[],"product_brand":[],"product_cat":[32],"product_tag":[],"class_list":{"0":"post-31414","1":"product","2":"type-product","3":"status-publish","4":"has-post-thumbnail","6":"product_cat-uncategorized-fi","8":"first","9":"instock","10":"shipping-taxable","11":"purchasable","12":"product-type-simple"},"_links":{"self":[{"href":"https:\/\/nordicmart.andreevmaster.com\/fi\/wp-json\/wp\/v2\/product\/31414","targetHints":{"allow":["GET"]}}],"collection":[{"href":"https:\/\/nordicmart.andreevmaster.com\/fi\/wp-json\/wp\/v2\/product"}],"about":[{"href":"https:\/\/nordicmart.andreevmaster.com\/fi\/wp-json\/wp\/v2\/types\/product"}],"replies":[{"embeddable":true,"href":"https:\/\/nordicmart.andreevmaster.com\/fi\/wp-json\/wp\/v2\/comments?post=31414"}],"wp:featuredmedia":[{"embeddable":true,"href":"https:\/\/nordicmart.andreevmaster.com\/fi\/wp-json\/wp\/v2\/media\/40563"}],"wp:attachment":[{"href":"https:\/\/nordicmart.andreevmaster.com\/fi\/wp-json\/wp\/v2\/media?parent=31414"}],"wp:term":[{"taxonomy":"product_brand","embeddable":true,"href":"https:\/\/nordicmart.andreevmaster.com\/fi\/wp-json\/wp\/v2\/product_brand?post=31414"},{"taxonomy":"product_cat","embeddable":true,"href":"https:\/\/nordicmart.andreevmaster.com\/fi\/wp-json\/wp\/v2\/product_cat?post=31414"},{"taxonomy":"product_tag","embeddable":true,"href":"https:\/\/nordicmart.andreevmaster.com\/fi\/wp-json\/wp\/v2\/product_tag?post=31414"}],"curies":[{"name":"wp","href":"https:\/\/api.w.org\/{rel}","templated":true}]}}