{"id":31413,"date":"2026-02-27T00:13:27","date_gmt":"2026-02-27T00:13:27","guid":{"rendered":"https:\/\/nordicmart.andreevmaster.com\/product\/pyorilla-varustettu-vaateteline-tukeva-vaateteline-ulosvedettava-vaatetangon-90-kgn-kantavuus-helppo-asentaa-kuljetettava-musta-hsr13bkv1\/"},"modified":"2026-02-27T09:36:11","modified_gmt":"2026-02-27T09:36:11","slug":"pyorilla-varustettu-vaateteline-tukeva-vaateteline-ulosvedettava-vaatetangon-90-kgn-kantavuus-helppo-asentaa-kuljetettava-musta-hsr13bkv1","status":"publish","type":"product","link":"https:\/\/nordicmart.andreevmaster.com\/fi\/tuote\/pyorilla-varustettu-vaateteline-tukeva-vaateteline-ulosvedettava-vaatetangon-90-kgn-kantavuus-helppo-asentaa-kuljetettava-musta-hsr13bkv1\/","title":{"rendered":"Py\u00f6rill\u00e4 varustettu vaateteline, tukeva vaateteline, ulosvedett\u00e4v\u00e4 vaatetangon, 90 kg:n kantavuus, helppo asentaa, kuljetettava, musta HSR13BKV1"},"content":{"rendered":"<p>Parannettu kantavuus: 1 mm paksujen ter\u00e4sputkien ansiosta, jotka ovat paksumpia ja vankempia kuin tavalliset 0,8 mm paksut putket, ja tukevien PP-py\u00f6rien ansiosta t\u00e4m\u00e4 vaateteline kest\u00e4\u00e4 jopa 90 kg:n painon. Joten voit ripustaa raskaat takkisi huoletta!<\/p>\n<p>Ulosvedett\u00e4v\u00e4 vaateripustin: Yl\u00e4osan vaateripustimen kumpaakin p\u00e4\u00e4t\u00e4 voidaan vet\u00e4\u00e4 ulos viel\u00e4 20 cm, jotta saat enemm\u00e4n tilaa ripustaa vaatteita (yl\u00e4osan vaateripustin voidaan vet\u00e4\u00e4 ulos 92 cm:st\u00e4 132 cm:iin); 2 jatko-osaa ovat my\u00f6s ihanteellisia k\u00e4silaukkujen, hattujen, huivien tai muiden asusteiden ripustamiseen.Helppo siirt\u00e4\u00e4 ja lukita: T\u00e4m\u00e4 vaateteline toimitetaan 4 360\u00b0 k\u00e4\u00e4ntyv\u00e4ll\u00e4 py\u00f6r\u00e4ll\u00e4, joista 2 on lukittavissa, joten voit helposti siirt\u00e4\u00e4 sen makuuhuoneesta vaatekaappiisi ja lukita sen paikoilleen tarvittaessa.Helppo koota ja s\u00e4ilytt\u00e4\u00e4: T\u00e4m\u00e4n vaatetelineen kokoamiseen ei tarvita ty\u00f6kaluja, ja se on valmis vain kolmessa vaiheessa! Kun sit\u00e4 ei k\u00e4ytet\u00e4, voit purkaa sen ja laittaa nopeasti pois s\u00e4ngyn alle tai k\u00e4ytt\u00e4m\u00e4tt\u00f6m\u00e4\u00e4n nurkkaan tilan s\u00e4\u00e4st\u00e4miseksi.Monipuolinen k\u00e4ytt\u00f6: T\u00e4m\u00e4 vaateteline toimitetaan 2 pohjatangolla s\u00e4ilytyslaatikoillesi, mik\u00e4 tekee siit\u00e4 toimivan riippumatta siit\u00e4, onko se makuuhuoneessasi tai vaatekaapissasi p\u00e4ivitt\u00e4isten esineiden s\u00e4ilytt\u00e4mist\u00e4 varten tai pesutilassasi vaatteiden kuivattamista varten. Jauhemaalattu ter\u00e4s mahdollistaa my\u00f6s ulkok\u00e4yt\u00f6n.<\/p>\n<p>Onko sinulla paljon vaatteita, mutta vaatekaapissasi ei ole tarpeeksi s\u00e4ilytystilaa? Tervetuloa t\u00e4m\u00e4 naulakko! Se on uusi s\u00e4ilytysmahdollisuus kotiisi ja ihanteellinen lis\u00e4 vaatekaappiisi!  T\u00e4ydellinen kotik\u00e4ytt\u00f6\u00f6n Kuinka s\u00e4ilytt\u00e4\u00e4 vaatteita ilman taitteita? T\u00e4m\u00e4 vaateripustin on t\u00e4ydellinen vastaus t\u00e4h\u00e4n kysymykseen! Kun vaatteet roikkuvat vaateripustimella, takkisi n\u00e4ytt\u00e4v\u00e4t aina silt\u00e4, kuin olisit juuri silitt\u00e4nyt ne. T\u00e4ss\u00e4 vaateripustimessa on my\u00f6s hylly, jolle voit sijoittaa muutaman s\u00e4ilytyslaatikon. Sopii my\u00f6s kaupalliseen k\u00e4ytt\u00f6\u00f6n Sijoita t\u00e4m\u00e4 vaateteline vaatekauppaasi tai valokuvastudioosi ja ripusta siihen erilaisia vaatekappaleita sen sijaan, ett\u00e4 taittaisit ne ja pinoaisit ne p\u00e4\u00e4llekk\u00e4in. N\u00e4in asiakkaasi voivat helposti n\u00e4hd\u00e4 tuotteesi ja p\u00e4\u00e4st\u00e4 niihin nopeasti k\u00e4siksi. Nelj\u00e4n py\u00f6r\u00e4n ansiosta t\u00e4m\u00e4 vaateteline on my\u00f6s helppo siirt\u00e4\u00e4 mihin tahansa paikkaan. Sinun tarvitsee vain irrottaa vaatetelineen yl\u00e4osa ja taittaa alaosa kokoon, jotta se on helpompi kuljettaa. T\u00e4m\u00e4 tarkoittaa, ett\u00e4 voit vied\u00e4 sen mukanasi esimerkiksi kirpputorille. Haluatko v\u00e4ltt\u00e4\u00e4 herk\u00e4n vaatteiden sotkemisen vaatekaapissasi? Haluatko esitt\u00e4\u00e4 tuotteitasi tyylikk\u00e4\u00e4sti myym\u00e4l\u00e4ss\u00e4si? Osta sitten t\u00e4m\u00e4 ulosvedett\u00e4v\u00e4 vaateteline!<br \/>\nTuotetiedot:- V\u00e4ri: Musta- Materiaali: Putkimainen rauta- Koko: (92-132) x 45,4 x 160 cm (P x L x K)- Paino: 5 kg- Maks. vaatetelineen staattinen kantavuus: 90 kgToimitus sis\u00e4lt\u00e4\u00e4:- 1 x vaateteline- 1 x k\u00e4ytt\u00f6ohje (DE, EN, ES, FR, IT)SONGMICS Huomautukset:- Tekstiss\u00e4 mainittu suurin kantavuus viittaa suurimpaan staattiseen painoon.<\/p>\n","protected":false},"excerpt":{"rendered":"<p>Parannettu kantavuus: 1 mm paksujen ter\u00e4sputkien ansiosta, jotka ovat paksumpia ja vankempia kuin tavalliset 0,8 mm paksut putket, ja tukevien PP-py\u00f6rien ansiosta t\u00e4m\u00e4 vaateteline kest\u00e4\u00e4 jopa 90 kg:n painon. Joten voit ripustaa raskaat takkisi huoletta! Ulosvedett\u00e4v\u00e4 vaateripustin: Yl\u00e4osan vaateripustimen kumpaakin p\u00e4\u00e4t\u00e4 voidaan vet\u00e4\u00e4 ulos viel\u00e4 20 cm, jotta saat enemm\u00e4n tilaa ripustaa vaatteita (yl\u00e4osan vaateripustin [&hellip;]<\/p>\n","protected":false},"featured_media":0,"comment_status":"open","ping_status":"closed","template":"","meta":[],"product_brand":[],"product_cat":[32],"product_tag":[],"class_list":{"0":"post-31413","1":"product","2":"type-product","3":"status-publish","5":"product_cat-uncategorized-fi","7":"first","8":"instock","9":"shipping-taxable","10":"product-type-simple"},"_links":{"self":[{"href":"https:\/\/nordicmart.andreevmaster.com\/fi\/wp-json\/wp\/v2\/product\/31413","targetHints":{"allow":["GET"]}}],"collection":[{"href":"https:\/\/nordicmart.andreevmaster.com\/fi\/wp-json\/wp\/v2\/product"}],"about":[{"href":"https:\/\/nordicmart.andreevmaster.com\/fi\/wp-json\/wp\/v2\/types\/product"}],"replies":[{"embeddable":true,"href":"https:\/\/nordicmart.andreevmaster.com\/fi\/wp-json\/wp\/v2\/comments?post=31413"}],"wp:attachment":[{"href":"https:\/\/nordicmart.andreevmaster.com\/fi\/wp-json\/wp\/v2\/media?parent=31413"}],"wp:term":[{"taxonomy":"product_brand","embeddable":true,"href":"https:\/\/nordicmart.andreevmaster.com\/fi\/wp-json\/wp\/v2\/product_brand?post=31413"},{"taxonomy":"product_cat","embeddable":true,"href":"https:\/\/nordicmart.andreevmaster.com\/fi\/wp-json\/wp\/v2\/product_cat?post=31413"},{"taxonomy":"product_tag","embeddable":true,"href":"https:\/\/nordicmart.andreevmaster.com\/fi\/wp-json\/wp\/v2\/product_tag?post=31413"}],"curies":[{"name":"wp","href":"https:\/\/api.w.org\/{rel}","templated":true}]}}