{"id":31412,"date":"2026-02-27T00:13:27","date_gmt":"2026-02-27T00:13:27","guid":{"rendered":"https:\/\/nordicmart.andreevmaster.com\/product\/songmics-vaateteline-5-hyllya-ja-terasrunko-pilvinen-valkoinen\/"},"modified":"2026-02-27T09:36:11","modified_gmt":"2026-02-27T09:36:11","slug":"songmics-vaateteline-5-hyllya-ja-terasrunko-pilvinen-valkoinen","status":"publish","type":"product","link":"https:\/\/nordicmart.andreevmaster.com\/fi\/tuote\/songmics-vaateteline-5-hyllya-ja-terasrunko-pilvinen-valkoinen\/","title":{"rendered":"SONGMICS vaateteline, 5 hylly\u00e4 ja ter\u00e4srunko, pilvinen valkoinen"},"content":{"rendered":"<p>SONGMICS vaateteline, pyykkiteline 5 hyllyll\u00e4, metallirunko, 40 x 101,7 x 153,3 cm, makuuhuoneeseen, olohuoneeseen, eteiseen, musta HSR138B01<br \/>\nV\u00e4ri: pilvinen valkoinen<br \/>\nMateriaali: ter\u00e4s<br \/>\nKoko yhteens\u00e4: 40 x 101,7 x 153,3 cm (S x L x K)<br \/>\nPaino: 6 kg<br \/>\nVaatepalkin maks. staattinen kantavuus: 25 kg<br \/>\nVaatepidikkeen alla olevan hyllyk\u00f6n maks. staattinen kantavuus: 15 kg<br \/>\nSivuristikon enimm\u00e4iskantavuus (ylh\u00e4\u00e4lt\u00e4 alas): 5 kg, 7 kg, 8 kg, 10 kg<br \/>\nMaks. staattinen kokonaiskuormitus: 70 kg<\/p>\n","protected":false},"excerpt":{"rendered":"<p>SONGMICS vaateteline, pyykkiteline 5 hyllyll\u00e4, metallirunko, 40 x 101,7 x 153,3 cm, makuuhuoneeseen, olohuoneeseen, eteiseen, musta HSR138B01<\/p>\n","protected":false},"featured_media":40562,"comment_status":"open","ping_status":"closed","template":"","meta":[],"product_brand":[],"product_cat":[32],"product_tag":[],"class_list":{"0":"post-31412","1":"product","2":"type-product","3":"status-publish","4":"has-post-thumbnail","6":"product_cat-uncategorized-fi","8":"first","9":"instock","10":"shipping-taxable","11":"purchasable","12":"product-type-simple"},"_links":{"self":[{"href":"https:\/\/nordicmart.andreevmaster.com\/fi\/wp-json\/wp\/v2\/product\/31412","targetHints":{"allow":["GET"]}}],"collection":[{"href":"https:\/\/nordicmart.andreevmaster.com\/fi\/wp-json\/wp\/v2\/product"}],"about":[{"href":"https:\/\/nordicmart.andreevmaster.com\/fi\/wp-json\/wp\/v2\/types\/product"}],"replies":[{"embeddable":true,"href":"https:\/\/nordicmart.andreevmaster.com\/fi\/wp-json\/wp\/v2\/comments?post=31412"}],"wp:featuredmedia":[{"embeddable":true,"href":"https:\/\/nordicmart.andreevmaster.com\/fi\/wp-json\/wp\/v2\/media\/40562"}],"wp:attachment":[{"href":"https:\/\/nordicmart.andreevmaster.com\/fi\/wp-json\/wp\/v2\/media?parent=31412"}],"wp:term":[{"taxonomy":"product_brand","embeddable":true,"href":"https:\/\/nordicmart.andreevmaster.com\/fi\/wp-json\/wp\/v2\/product_brand?post=31412"},{"taxonomy":"product_cat","embeddable":true,"href":"https:\/\/nordicmart.andreevmaster.com\/fi\/wp-json\/wp\/v2\/product_cat?post=31412"},{"taxonomy":"product_tag","embeddable":true,"href":"https:\/\/nordicmart.andreevmaster.com\/fi\/wp-json\/wp\/v2\/product_tag?post=31412"}],"curies":[{"name":"wp","href":"https:\/\/api.w.org\/{rel}","templated":true}]}}