{"id":31403,"date":"2026-02-27T00:13:25","date_gmt":"2026-02-27T00:13:25","guid":{"rendered":"https:\/\/nordicmart.andreevmaster.com\/product\/songmics-vaateripustin-pyorilla-leveys-1035-cm-pilvinen-valkoinen\/"},"modified":"2026-02-27T09:36:09","modified_gmt":"2026-02-27T09:36:09","slug":"songmics-vaateripustin-pyorilla-leveys-1035-cm-pilvinen-valkoinen","status":"publish","type":"product","link":"https:\/\/nordicmart.andreevmaster.com\/fi\/tuote\/songmics-vaateripustin-pyorilla-leveys-1035-cm-pilvinen-valkoinen\/","title":{"rendered":"SONGMICS vaateripustin py\u00f6rill\u00e4, leveys 103,5 cm, pilvinen valkoinen"},"content":{"rendered":"<p>SONGMICS vaateripustin py\u00f6rill\u00e4, vaatetanko, vaateripustin, vaateripustin ter\u00e4sputkista, kantavuus 50 kg, leveys 103,5 cm, monik\u00e4ytt\u00f6inen s\u00e4ilytys, musta HSR131B01<br \/>\nTuotteen mitat: 41 x 103,5 x 155 cm; 3,5 kg<br \/>\nV\u00e4ri\uff1aPilvinen valkoinen<br \/>\nPinta\uff1ater\u00e4s<br \/>\nMateriaali\uff1aSeoster\u00e4s<br \/>\nPakkausten lukum\u00e4\u00e4r\u00e4\uff1a1<br \/>\nParistot mukana\uff1aEi<br \/>\nTarvittavat paristot: Ei<br \/>\nTuotteen paino: 3,5 kg<\/p>\n","protected":false},"excerpt":{"rendered":"<p>SONGMICS vaateripustin py\u00f6rill\u00e4, vaatetanko, vaateripustin, vaateripustin ter\u00e4sputkista, kantavuus 50 kg, leveys 103,5 cm, monik\u00e4ytt\u00f6inen s\u00e4ilytys, musta HSR131B01<\/p>\n","protected":false},"featured_media":40553,"comment_status":"open","ping_status":"closed","template":"","meta":[],"product_brand":[],"product_cat":[32],"product_tag":[],"class_list":{"0":"post-31403","1":"product","2":"type-product","3":"status-publish","4":"has-post-thumbnail","6":"product_cat-uncategorized-fi","8":"first","9":"instock","10":"shipping-taxable","11":"purchasable","12":"product-type-simple"},"_links":{"self":[{"href":"https:\/\/nordicmart.andreevmaster.com\/fi\/wp-json\/wp\/v2\/product\/31403","targetHints":{"allow":["GET"]}}],"collection":[{"href":"https:\/\/nordicmart.andreevmaster.com\/fi\/wp-json\/wp\/v2\/product"}],"about":[{"href":"https:\/\/nordicmart.andreevmaster.com\/fi\/wp-json\/wp\/v2\/types\/product"}],"replies":[{"embeddable":true,"href":"https:\/\/nordicmart.andreevmaster.com\/fi\/wp-json\/wp\/v2\/comments?post=31403"}],"wp:featuredmedia":[{"embeddable":true,"href":"https:\/\/nordicmart.andreevmaster.com\/fi\/wp-json\/wp\/v2\/media\/40553"}],"wp:attachment":[{"href":"https:\/\/nordicmart.andreevmaster.com\/fi\/wp-json\/wp\/v2\/media?parent=31403"}],"wp:term":[{"taxonomy":"product_brand","embeddable":true,"href":"https:\/\/nordicmart.andreevmaster.com\/fi\/wp-json\/wp\/v2\/product_brand?post=31403"},{"taxonomy":"product_cat","embeddable":true,"href":"https:\/\/nordicmart.andreevmaster.com\/fi\/wp-json\/wp\/v2\/product_cat?post=31403"},{"taxonomy":"product_tag","embeddable":true,"href":"https:\/\/nordicmart.andreevmaster.com\/fi\/wp-json\/wp\/v2\/product_tag?post=31403"}],"curies":[{"name":"wp","href":"https:\/\/api.w.org\/{rel}","templated":true}]}}