{"id":31402,"date":"2026-02-27T00:13:24","date_gmt":"2026-02-27T00:13:24","guid":{"rendered":"https:\/\/nordicmart.andreevmaster.com\/product\/songmics-vaateripustin-pyorilla-leveys-1035-cm-musta\/"},"modified":"2026-02-27T09:36:09","modified_gmt":"2026-02-27T09:36:09","slug":"songmics-vaateripustin-pyorilla-leveys-1035-cm-musta","status":"publish","type":"product","link":"https:\/\/nordicmart.andreevmaster.com\/fi\/tuote\/songmics-vaateripustin-pyorilla-leveys-1035-cm-musta\/","title":{"rendered":"SONGMICS vaateripustin py\u00f6rill\u00e4, leveys 103,5 cm, musta"},"content":{"rendered":"<p>SONGMICS vaateripustin py\u00f6rill\u00e4, vaatetanko, vaateripustin, vaateripustin ter\u00e4sputkista, kantavuus 50 kg, leveys 103,5 cm, monik\u00e4ytt\u00f6inen s\u00e4ilytys, musta HSR131B01<br \/>\nV\u00e4ri: musta<br \/>\nMateriaali: ter\u00e4s<br \/>\nKoko: 41 x 103,5 x 155 cm (S x L x K)<br \/>\nPaino: 3,5 kg<br \/>\nTangon maks. staattinen kantavuus: 25 kg<br \/>\nKoukkujen maks. staattinen kantavuus: 2,5 kg<br \/>\nHyllyn maks. staattinen kantavuus: 15 kg<br \/>\nMaks. staattinen kokonaiskuormitus: 50 kg<\/p>\n","protected":false},"excerpt":{"rendered":"<p>SONGMICS vaateripustin py\u00f6rill\u00e4, vaatetanko, vaateripustin, vaateripustin ter\u00e4sputkista, kantavuus 50 kg, leveys 103,5 cm, monik\u00e4ytt\u00f6inen s\u00e4ilytys, musta HSR131B01<\/p>\n","protected":false},"featured_media":40552,"comment_status":"open","ping_status":"closed","template":"","meta":[],"product_brand":[],"product_cat":[32],"product_tag":[],"class_list":{"0":"post-31402","1":"product","2":"type-product","3":"status-publish","4":"has-post-thumbnail","6":"product_cat-uncategorized-fi","8":"first","9":"instock","10":"shipping-taxable","11":"purchasable","12":"product-type-simple"},"_links":{"self":[{"href":"https:\/\/nordicmart.andreevmaster.com\/fi\/wp-json\/wp\/v2\/product\/31402","targetHints":{"allow":["GET"]}}],"collection":[{"href":"https:\/\/nordicmart.andreevmaster.com\/fi\/wp-json\/wp\/v2\/product"}],"about":[{"href":"https:\/\/nordicmart.andreevmaster.com\/fi\/wp-json\/wp\/v2\/types\/product"}],"replies":[{"embeddable":true,"href":"https:\/\/nordicmart.andreevmaster.com\/fi\/wp-json\/wp\/v2\/comments?post=31402"}],"wp:featuredmedia":[{"embeddable":true,"href":"https:\/\/nordicmart.andreevmaster.com\/fi\/wp-json\/wp\/v2\/media\/40552"}],"wp:attachment":[{"href":"https:\/\/nordicmart.andreevmaster.com\/fi\/wp-json\/wp\/v2\/media?parent=31402"}],"wp:term":[{"taxonomy":"product_brand","embeddable":true,"href":"https:\/\/nordicmart.andreevmaster.com\/fi\/wp-json\/wp\/v2\/product_brand?post=31402"},{"taxonomy":"product_cat","embeddable":true,"href":"https:\/\/nordicmart.andreevmaster.com\/fi\/wp-json\/wp\/v2\/product_cat?post=31402"},{"taxonomy":"product_tag","embeddable":true,"href":"https:\/\/nordicmart.andreevmaster.com\/fi\/wp-json\/wp\/v2\/product_tag?post=31402"}],"curies":[{"name":"wp","href":"https:\/\/api.w.org\/{rel}","templated":true}]}}