{"id":31401,"date":"2026-02-27T00:13:24","date_gmt":"2026-02-27T00:13:24","guid":{"rendered":"https:\/\/nordicmart.andreevmaster.com\/product\/songmics-raskaiden-tavaroiden-kaksoisvaateripustin-110-kg\/"},"modified":"2026-02-27T09:36:09","modified_gmt":"2026-02-27T09:36:09","slug":"songmics-raskaiden-tavaroiden-kaksoisvaateripustin-110-kg","status":"publish","type":"product","link":"https:\/\/nordicmart.andreevmaster.com\/fi\/tuote\/songmics-raskaiden-tavaroiden-kaksoisvaateripustin-110-kg\/","title":{"rendered":"SONGMICS raskaiden tavaroiden kaksoisvaateripustin 110 kg"},"content":{"rendered":"<p>Kaatuvatko useimmat vaatetelineesi tai taipuvatko ne jo muutaman henkarin painosta? Haluatko jotain todella tukevaa talvitakkiesi s\u00e4ilytt\u00e4miseen? Silloin Songmicsin &#8221;raskasvaatiteline&#8221; on ihanteellinen sinulle! Kiitos kokonaan metallisten osien ja tukevan rakenteen, siihen voi ripustaa jopa 110 kg painoa ilman, ett\u00e4 teline alkaa heilua. K\u00e4ytetyn tekniikan ansiosta mik\u00e4\u00e4n ei liu&#8217;u alas, kun tangot ovat kuormitettuja. Siksi se sopii erinomaisesti jatkuvaan k\u00e4ytt\u00f6\u00f6n tai kaupallisiin k\u00e4ytt\u00e4jiin. Erityisen mukavaa on, ett\u00e4 tangon molemmista p\u00e4ist\u00e4 voi vet\u00e4\u00e4 palan ulos. N\u00e4in voit ripustaa sinne juuri valitsemasi vaatteet. Tietenkin n\u00e4it\u00e4 paloja voi k\u00e4ytt\u00e4\u00e4 my\u00f6s yksinkertaisesti ripustamaan enemm\u00e4n vaatteita. Kokoonpano on my\u00f6s eritt\u00e4in helppoa. Telineen alaosat, joissa rullat sijaitsevat, toimitetaan esiasennettuina. Ne tarvitsee vain kiinnitt\u00e4\u00e4 toisiinsa ja lukita paikalleen.  Huomautukset:  &#8211; Hitsauskohdissa on pieni\u00e4 naarmuja, jotka ovat syntyneet hitsaussaumojen hionnasta. Ne eiv\u00e4t ole virheit\u00e4, joten \u00e4l\u00e4 huoli.  &#8211; Kun koot telineen kaksi alaosaa ja yl\u00e4osan kulmikkaat tangot, molemmat puolet on kohdistettava samanaikaisesti ja sitten kiinnitett\u00e4v\u00e4 toisiinsa. Muuten kokoonpanossa voi ilmet\u00e4 vaikeuksia. &#8211; Ole varovainen, kun s\u00e4\u00e4d\u00e4t vaatetangon korkeutta, jotta et osu p\u00e4\u00e4ll\u00e4si ulkonevaan poikkitankoon. &#8211; Yl\u00e4poikkitangon ihanteellinen ulosvedett\u00e4viss\u00e4 oleva et\u00e4isyys on 0\u201320 cm. Tuotetiedot: &#8211; Mitat: (129\u2013169) x (148\u2013172) x 55 cm (L x K x S) &#8211; Rullien korkeus: 12 cm &#8211; Materiaali: kromatut rautaputket &#8211; Pakkauksen mitat: 90 x 59 x 11,9 cm (L x K x S) &#8211; Nettopaino: 8,9 kg Toimitus sis\u00e4lt\u00e4\u00e4: &#8211; 1 x vaateteline &#8211; 1 x ohjeet<\/p>\n","protected":false},"excerpt":{"rendered":"<p>SONGMICS raskaiden tavaroiden metallinen vaateripustin, kantavuus 110 kg, vaateripustin py\u00f6rill\u00e4, pituus 129\u2013169 cm, kromattu HSR12S<\/p>\n","protected":false},"featured_media":40551,"comment_status":"open","ping_status":"closed","template":"","meta":[],"product_brand":[],"product_cat":[32],"product_tag":[],"class_list":{"0":"post-31401","1":"product","2":"type-product","3":"status-publish","4":"has-post-thumbnail","6":"product_cat-uncategorized-fi","8":"first","9":"instock","10":"shipping-taxable","11":"purchasable","12":"product-type-simple"},"_links":{"self":[{"href":"https:\/\/nordicmart.andreevmaster.com\/fi\/wp-json\/wp\/v2\/product\/31401","targetHints":{"allow":["GET"]}}],"collection":[{"href":"https:\/\/nordicmart.andreevmaster.com\/fi\/wp-json\/wp\/v2\/product"}],"about":[{"href":"https:\/\/nordicmart.andreevmaster.com\/fi\/wp-json\/wp\/v2\/types\/product"}],"replies":[{"embeddable":true,"href":"https:\/\/nordicmart.andreevmaster.com\/fi\/wp-json\/wp\/v2\/comments?post=31401"}],"wp:featuredmedia":[{"embeddable":true,"href":"https:\/\/nordicmart.andreevmaster.com\/fi\/wp-json\/wp\/v2\/media\/40551"}],"wp:attachment":[{"href":"https:\/\/nordicmart.andreevmaster.com\/fi\/wp-json\/wp\/v2\/media?parent=31401"}],"wp:term":[{"taxonomy":"product_brand","embeddable":true,"href":"https:\/\/nordicmart.andreevmaster.com\/fi\/wp-json\/wp\/v2\/product_brand?post=31401"},{"taxonomy":"product_cat","embeddable":true,"href":"https:\/\/nordicmart.andreevmaster.com\/fi\/wp-json\/wp\/v2\/product_cat?post=31401"},{"taxonomy":"product_tag","embeddable":true,"href":"https:\/\/nordicmart.andreevmaster.com\/fi\/wp-json\/wp\/v2\/product_tag?post=31401"}],"curies":[{"name":"wp","href":"https:\/\/api.w.org\/{rel}","templated":true}]}}