{"id":31394,"date":"2026-02-27T00:13:23","date_gmt":"2026-02-27T00:13:23","guid":{"rendered":"https:\/\/nordicmart.andreevmaster.com\/product\/songmics-vaateripustin-pyorilla-2-vaatetankoa-musta\/"},"modified":"2026-02-27T09:36:08","modified_gmt":"2026-02-27T09:36:08","slug":"songmics-vaateripustin-pyorilla-2-vaatetankoa-musta","status":"publish","type":"product","link":"https:\/\/nordicmart.andreevmaster.com\/fi\/tuote\/songmics-vaateripustin-pyorilla-2-vaatetankoa-musta\/","title":{"rendered":"SONGMICS vaateripustin py\u00f6rill\u00e4, 2 vaatetankoa, musta"},"content":{"rendered":"<p>SONGMICS vaateripustin py\u00f6rill\u00e4, 2 vaatetankoa, vaateripustin, vaateripustin ter\u00e4sputkista, kantavuus 100 kg, leveys 103,5 cm, monik\u00e4ytt\u00f6inen s\u00e4ilytys, musta HSR107B01<\/p>\n","protected":false},"excerpt":{"rendered":"<p>SONGMICS vaateripustin py\u00f6rill\u00e4, 2 vaatetankoa, vaateripustin, vaateripustin ter\u00e4sputkista, kantavuus 100 kg, leveys 103,5 cm, monik\u00e4ytt\u00f6inen s\u00e4ilytys, musta HSR107B01<\/p>\n","protected":false},"featured_media":40544,"comment_status":"open","ping_status":"closed","template":"","meta":[],"product_brand":[],"product_cat":[32],"product_tag":[],"class_list":{"0":"post-31394","1":"product","2":"type-product","3":"status-publish","4":"has-post-thumbnail","6":"product_cat-uncategorized-fi","8":"first","9":"instock","10":"shipping-taxable","11":"purchasable","12":"product-type-simple"},"_links":{"self":[{"href":"https:\/\/nordicmart.andreevmaster.com\/fi\/wp-json\/wp\/v2\/product\/31394","targetHints":{"allow":["GET"]}}],"collection":[{"href":"https:\/\/nordicmart.andreevmaster.com\/fi\/wp-json\/wp\/v2\/product"}],"about":[{"href":"https:\/\/nordicmart.andreevmaster.com\/fi\/wp-json\/wp\/v2\/types\/product"}],"replies":[{"embeddable":true,"href":"https:\/\/nordicmart.andreevmaster.com\/fi\/wp-json\/wp\/v2\/comments?post=31394"}],"wp:featuredmedia":[{"embeddable":true,"href":"https:\/\/nordicmart.andreevmaster.com\/fi\/wp-json\/wp\/v2\/media\/40544"}],"wp:attachment":[{"href":"https:\/\/nordicmart.andreevmaster.com\/fi\/wp-json\/wp\/v2\/media?parent=31394"}],"wp:term":[{"taxonomy":"product_brand","embeddable":true,"href":"https:\/\/nordicmart.andreevmaster.com\/fi\/wp-json\/wp\/v2\/product_brand?post=31394"},{"taxonomy":"product_cat","embeddable":true,"href":"https:\/\/nordicmart.andreevmaster.com\/fi\/wp-json\/wp\/v2\/product_cat?post=31394"},{"taxonomy":"product_tag","embeddable":true,"href":"https:\/\/nordicmart.andreevmaster.com\/fi\/wp-json\/wp\/v2\/product_tag?post=31394"}],"curies":[{"name":"wp","href":"https:\/\/api.w.org\/{rel}","templated":true}]}}