{"id":31393,"date":"2026-02-27T00:13:23","date_gmt":"2026-02-27T00:13:23","guid":{"rendered":"https:\/\/nordicmart.andreevmaster.com\/product\/songmics-seinalle-kiinnitettava-vaatetanko-304-x-170-x-7-cm\/"},"modified":"2026-02-27T09:36:08","modified_gmt":"2026-02-27T09:36:08","slug":"songmics-seinalle-kiinnitettava-vaatetanko-304-x-170-x-7-cm","status":"publish","type":"product","link":"https:\/\/nordicmart.andreevmaster.com\/fi\/tuote\/songmics-seinalle-kiinnitettava-vaatetanko-304-x-170-x-7-cm\/","title":{"rendered":"SONGMICS sein\u00e4lle kiinnitett\u00e4v\u00e4 vaatetanko 30,4 x 170 x 7 cm"},"content":{"rendered":"<p>SONGMICS sein\u00e4lle kiinnitett\u00e4v\u00e4 vaatetanko, sein\u00e4lle kiinnitett\u00e4v\u00e4 vaateteline, teollinen, tilaa s\u00e4\u00e4st\u00e4v\u00e4, 30,4 x 170 x 7 cm, 68 kg kantavuus, helppo asentaa, pieniin huoneisiin, musta HSR104B01<br \/>\nV\u00e4ri: pilvinen valkoinen<br \/>\nMateriaali: ter\u00e4s<br \/>\nKoko: 30,4 x 170 x 7 cm (S x L x K)<br \/>\nPaino: 42,3 kg<br \/>\nMaks. staattinen kantavuus: 68 kg<\/p>\n","protected":false},"excerpt":{"rendered":"<p>SONGMICS sein\u00e4lle kiinnitett\u00e4v\u00e4 vaatetanko, sein\u00e4lle kiinnitett\u00e4v\u00e4 vaateteline, teollinen, tilaa s\u00e4\u00e4st\u00e4v\u00e4, 30,4 x 170 x 7 cm, 68 kg kantavuus, helppo asentaa, pieniin huoneisiin, musta HSR104B01<\/p>\n","protected":false},"featured_media":40543,"comment_status":"open","ping_status":"closed","template":"","meta":[],"product_brand":[],"product_cat":[32],"product_tag":[],"class_list":{"0":"post-31393","1":"product","2":"type-product","3":"status-publish","4":"has-post-thumbnail","6":"product_cat-uncategorized-fi","8":"first","9":"instock","10":"shipping-taxable","11":"purchasable","12":"product-type-simple"},"_links":{"self":[{"href":"https:\/\/nordicmart.andreevmaster.com\/fi\/wp-json\/wp\/v2\/product\/31393","targetHints":{"allow":["GET"]}}],"collection":[{"href":"https:\/\/nordicmart.andreevmaster.com\/fi\/wp-json\/wp\/v2\/product"}],"about":[{"href":"https:\/\/nordicmart.andreevmaster.com\/fi\/wp-json\/wp\/v2\/types\/product"}],"replies":[{"embeddable":true,"href":"https:\/\/nordicmart.andreevmaster.com\/fi\/wp-json\/wp\/v2\/comments?post=31393"}],"wp:featuredmedia":[{"embeddable":true,"href":"https:\/\/nordicmart.andreevmaster.com\/fi\/wp-json\/wp\/v2\/media\/40543"}],"wp:attachment":[{"href":"https:\/\/nordicmart.andreevmaster.com\/fi\/wp-json\/wp\/v2\/media?parent=31393"}],"wp:term":[{"taxonomy":"product_brand","embeddable":true,"href":"https:\/\/nordicmart.andreevmaster.com\/fi\/wp-json\/wp\/v2\/product_brand?post=31393"},{"taxonomy":"product_cat","embeddable":true,"href":"https:\/\/nordicmart.andreevmaster.com\/fi\/wp-json\/wp\/v2\/product_cat?post=31393"},{"taxonomy":"product_tag","embeddable":true,"href":"https:\/\/nordicmart.andreevmaster.com\/fi\/wp-json\/wp\/v2\/product_tag?post=31393"}],"curies":[{"name":"wp","href":"https:\/\/api.w.org\/{rel}","templated":true}]}}