{"id":31392,"date":"2026-02-27T00:13:22","date_gmt":"2026-02-27T00:13:22","guid":{"rendered":"https:\/\/nordicmart.andreevmaster.com\/product\/songmics-vaatetanko-seinalle\/"},"modified":"2026-02-27T09:36:07","modified_gmt":"2026-02-27T09:36:07","slug":"songmics-vaatetanko-seinalle","status":"publish","type":"product","link":"https:\/\/nordicmart.andreevmaster.com\/fi\/tuote\/songmics-vaatetanko-seinalle\/","title":{"rendered":"SONGMICS vaatetanko sein\u00e4lle"},"content":{"rendered":"<p>Ei vie lattiatilaa Haluatko j\u00e4rjest\u00e4\u00e4 vaatekaapin vaatekasat tai laatikoiden solmionipun? Kokeile t\u00e4t\u00e4 SONGMICS-vaatetankoa sein\u00e4lle! Sen pituus on 170 cm ja se on ripustettava, joten siihen mahtuu paljon vaatteita ja asusteita. Helppo asentaa  Sinun ei tarvitse olla asiantuntija asentaaksesi t\u00e4m\u00e4n vaatetangon. S\u00e4\u00e4dett\u00e4vien kiinnikkeiden ja laippalevyjen sek\u00e4 kuvitetun ohjeen ansiosta voit asentaa sen useille seinille hetkess\u00e4. Tuotetiedot: &#8211; V\u00e4ri: musta &#8211; Materiaali: ter\u00e4s &#8211; Koko: 30,4 x 170 x 7 cm (S x L x K) &#8211; Paino: 42,3 kg &#8211; Maks. staattinen kantavuus: 68 kg Toimitus sis\u00e4lt\u00e4\u00e4:- 1 x vaatetanko &#8211; 1 x lis\u00e4varustepaketti &#8211; 1 x ohjeet SONGMICS Huomautukset: &#8211; Jos haluat kiinnitt\u00e4\u00e4 vaatetangon kipsilevysein\u00e4\u00e4n, kysy rautakaupasta sopivia kiinnikkeit\u00e4.<\/p>\n","protected":false},"excerpt":{"rendered":"<p>SONGMICS sein\u00e4lle kiinnitett\u00e4v\u00e4 vaatetanko, sein\u00e4lle kiinnitett\u00e4v\u00e4 vaateteline, teollinen, tilaa s\u00e4\u00e4st\u00e4v\u00e4, 30,4 x 170 x 7 cm, 68 kg kantavuus, helppo asentaa, pieniin huoneisiin, musta HSR104B01<\/p>\n","protected":false},"featured_media":40542,"comment_status":"open","ping_status":"closed","template":"","meta":[],"product_brand":[],"product_cat":[32],"product_tag":[],"class_list":{"0":"post-31392","1":"product","2":"type-product","3":"status-publish","4":"has-post-thumbnail","6":"product_cat-uncategorized-fi","8":"first","9":"instock","10":"shipping-taxable","11":"purchasable","12":"product-type-simple"},"_links":{"self":[{"href":"https:\/\/nordicmart.andreevmaster.com\/fi\/wp-json\/wp\/v2\/product\/31392","targetHints":{"allow":["GET"]}}],"collection":[{"href":"https:\/\/nordicmart.andreevmaster.com\/fi\/wp-json\/wp\/v2\/product"}],"about":[{"href":"https:\/\/nordicmart.andreevmaster.com\/fi\/wp-json\/wp\/v2\/types\/product"}],"replies":[{"embeddable":true,"href":"https:\/\/nordicmart.andreevmaster.com\/fi\/wp-json\/wp\/v2\/comments?post=31392"}],"wp:featuredmedia":[{"embeddable":true,"href":"https:\/\/nordicmart.andreevmaster.com\/fi\/wp-json\/wp\/v2\/media\/40542"}],"wp:attachment":[{"href":"https:\/\/nordicmart.andreevmaster.com\/fi\/wp-json\/wp\/v2\/media?parent=31392"}],"wp:term":[{"taxonomy":"product_brand","embeddable":true,"href":"https:\/\/nordicmart.andreevmaster.com\/fi\/wp-json\/wp\/v2\/product_brand?post=31392"},{"taxonomy":"product_cat","embeddable":true,"href":"https:\/\/nordicmart.andreevmaster.com\/fi\/wp-json\/wp\/v2\/product_cat?post=31392"},{"taxonomy":"product_tag","embeddable":true,"href":"https:\/\/nordicmart.andreevmaster.com\/fi\/wp-json\/wp\/v2\/product_tag?post=31392"}],"curies":[{"name":"wp","href":"https:\/\/api.w.org\/{rel}","templated":true}]}}