{"id":31389,"date":"2026-02-27T00:13:22","date_gmt":"2026-02-27T00:13:22","guid":{"rendered":"https:\/\/nordicmart.andreevmaster.com\/product\/songmics-vaateripustin-pyorilla\/"},"modified":"2026-02-27T09:36:07","modified_gmt":"2026-02-27T09:36:07","slug":"songmics-vaateripustin-pyorilla","status":"publish","type":"product","link":"https:\/\/nordicmart.andreevmaster.com\/fi\/tuote\/songmics-vaateripustin-pyorilla\/","title":{"rendered":"SONGMICS vaateripustin py\u00f6rill\u00e4"},"content":{"rendered":"<p>Tuotetiedot: &#8211; V\u00e4ri: hopea-musta &#8211; Materiaali: ter\u00e4s, muovi &#8211; Koko: (83-120) x 40 x 160 cm (P x L x K) &#8211; Paino: 3,5 kg &#8211; Maks. staattinen kantavuus: 25 kg Toimitus sis\u00e4lt\u00e4\u00e4: &#8211; 1 x vaateteline &#8211; 1 x ohjeet<\/p>\n","protected":false},"excerpt":{"rendered":"<p>SONGMICS vaateteline, vaatetanko, vaateteline py\u00f6rill\u00e4, kantavuus 25 kg, s\u00e4\u00e4dett\u00e4v\u00e4, hopeanmusta HSR101B01<\/p>\n","protected":false},"featured_media":40539,"comment_status":"open","ping_status":"closed","template":"","meta":[],"product_brand":[],"product_cat":[32],"product_tag":[],"class_list":{"0":"post-31389","1":"product","2":"type-product","3":"status-publish","4":"has-post-thumbnail","6":"product_cat-uncategorized-fi","8":"first","9":"instock","10":"shipping-taxable","11":"purchasable","12":"product-type-simple"},"_links":{"self":[{"href":"https:\/\/nordicmart.andreevmaster.com\/fi\/wp-json\/wp\/v2\/product\/31389","targetHints":{"allow":["GET"]}}],"collection":[{"href":"https:\/\/nordicmart.andreevmaster.com\/fi\/wp-json\/wp\/v2\/product"}],"about":[{"href":"https:\/\/nordicmart.andreevmaster.com\/fi\/wp-json\/wp\/v2\/types\/product"}],"replies":[{"embeddable":true,"href":"https:\/\/nordicmart.andreevmaster.com\/fi\/wp-json\/wp\/v2\/comments?post=31389"}],"wp:featuredmedia":[{"embeddable":true,"href":"https:\/\/nordicmart.andreevmaster.com\/fi\/wp-json\/wp\/v2\/media\/40539"}],"wp:attachment":[{"href":"https:\/\/nordicmart.andreevmaster.com\/fi\/wp-json\/wp\/v2\/media?parent=31389"}],"wp:term":[{"taxonomy":"product_brand","embeddable":true,"href":"https:\/\/nordicmart.andreevmaster.com\/fi\/wp-json\/wp\/v2\/product_brand?post=31389"},{"taxonomy":"product_cat","embeddable":true,"href":"https:\/\/nordicmart.andreevmaster.com\/fi\/wp-json\/wp\/v2\/product_cat?post=31389"},{"taxonomy":"product_tag","embeddable":true,"href":"https:\/\/nordicmart.andreevmaster.com\/fi\/wp-json\/wp\/v2\/product_tag?post=31389"}],"curies":[{"name":"wp","href":"https:\/\/api.w.org\/{rel}","templated":true}]}}