{"id":31385,"date":"2026-02-27T00:13:21","date_gmt":"2026-02-27T00:13:21","guid":{"rendered":"https:\/\/nordicmart.andreevmaster.com\/product\/vasagle-suuri-vaatekaappi-penkilla-greige-musta\/"},"modified":"2026-02-27T09:36:06","modified_gmt":"2026-02-27T09:36:06","slug":"vasagle-suuri-vaatekaappi-penkilla-greige-musta","status":"publish","type":"product","link":"https:\/\/nordicmart.andreevmaster.com\/fi\/tuote\/vasagle-suuri-vaatekaappi-penkilla-greige-musta\/","title":{"rendered":"VASAGLE Suuri vaatekaappi penkill\u00e4 Greige-musta"},"content":{"rendered":"<p>Tuotetiedot: &#8211; V\u00e4ri: Greige-musta  &#8211; Materiaali: lastulevy, ter\u00e4s &#8211; Koko: 100 x 40 x 184 cm (P x L x K) &#8211; Istuimen koko: 96 x 37 cm (P x L)  &#8211; Paino: 16,9 kg &#8211; Maks. staattinen kantavuus koukkua kohti: 2 kg &#8211; Maks. staattinen kantavuus istuinta kohti: 90 kg &#8211; Maks. staattinen kantavuus hylly\u00e4 kohti: 10 kg Toimitus sis\u00e4lt\u00e4\u00e4: &#8211; 1 x vaatekaappi &#8211; 1 x lis\u00e4varustepussi &#8211; 1 x ohjeet (DE, EN, FR, ES, IT)<\/p>\n","protected":false},"excerpt":{"rendered":"<p>VASAGLE Suuri vaatekaappi penkill\u00e4, vaateripustin 12 vaatekoukulla ja kenk\u00e4hyllyll\u00e4, eteishylly, toimisto, makuuhuone, tukeva ter\u00e4srunko, teollinen muotoilu, greige-musta HSR086B02<\/p>\n","protected":false},"featured_media":40535,"comment_status":"open","ping_status":"closed","template":"","meta":[],"product_brand":[],"product_cat":[32],"product_tag":[],"class_list":{"0":"post-31385","1":"product","2":"type-product","3":"status-publish","4":"has-post-thumbnail","6":"product_cat-uncategorized-fi","8":"first","9":"instock","10":"shipping-taxable","11":"purchasable","12":"product-type-simple"},"_links":{"self":[{"href":"https:\/\/nordicmart.andreevmaster.com\/fi\/wp-json\/wp\/v2\/product\/31385","targetHints":{"allow":["GET"]}}],"collection":[{"href":"https:\/\/nordicmart.andreevmaster.com\/fi\/wp-json\/wp\/v2\/product"}],"about":[{"href":"https:\/\/nordicmart.andreevmaster.com\/fi\/wp-json\/wp\/v2\/types\/product"}],"replies":[{"embeddable":true,"href":"https:\/\/nordicmart.andreevmaster.com\/fi\/wp-json\/wp\/v2\/comments?post=31385"}],"wp:featuredmedia":[{"embeddable":true,"href":"https:\/\/nordicmart.andreevmaster.com\/fi\/wp-json\/wp\/v2\/media\/40535"}],"wp:attachment":[{"href":"https:\/\/nordicmart.andreevmaster.com\/fi\/wp-json\/wp\/v2\/media?parent=31385"}],"wp:term":[{"taxonomy":"product_brand","embeddable":true,"href":"https:\/\/nordicmart.andreevmaster.com\/fi\/wp-json\/wp\/v2\/product_brand?post=31385"},{"taxonomy":"product_cat","embeddable":true,"href":"https:\/\/nordicmart.andreevmaster.com\/fi\/wp-json\/wp\/v2\/product_cat?post=31385"},{"taxonomy":"product_tag","embeddable":true,"href":"https:\/\/nordicmart.andreevmaster.com\/fi\/wp-json\/wp\/v2\/product_tag?post=31385"}],"curies":[{"name":"wp","href":"https:\/\/api.w.org\/{rel}","templated":true}]}}