{"id":31384,"date":"2026-02-27T00:13:21","date_gmt":"2026-02-27T00:13:21","guid":{"rendered":"https:\/\/nordicmart.andreevmaster.com\/product\/songmics-vintage-vaatehylly-kenkatelineella\/"},"modified":"2026-02-27T09:36:06","modified_gmt":"2026-02-27T09:36:06","slug":"songmics-vintage-vaatehylly-kenkatelineella","status":"publish","type":"product","link":"https:\/\/nordicmart.andreevmaster.com\/fi\/tuote\/songmics-vintage-vaatehylly-kenkatelineella\/","title":{"rendered":"SONGMICS Vintage-vaatehylly kenk\u00e4telineell\u00e4"},"content":{"rendered":"<p>Pinoavatko takit ja p\u00e4\u00e4llystakit yleens\u00e4 vaatekaapissa ep\u00e4j\u00e4rjestyksess\u00e4? Lent\u00e4v\u00e4tk\u00f6 keng\u00e4t yh\u00e4 ymp\u00e4ri eteist\u00e4? T\u00e4ss\u00e4 on ratkaisu! Vintage-tyylinen estetiikka Kaarevien koristeiden ja metalliputken yhdistelm\u00e4 on tyypillist\u00e4 vintage-tyylille. Alkuper\u00e4isen muotoilun vaateripustin ansiosta eteinen, pukeutumishuone, makuuhuone jne. saavat nostalgisen ilmeen. T\u00e4ydellinen toiminnallisuus Yl\u00e4osan vaatetanko ja alaosan hyllyt tarjoavat riitt\u00e4v\u00e4sti tilaa vaatteille, hattuille, laukkuille ja kengille, ja vaateteline tuo j\u00e4rjestyst\u00e4 kotiisi. Se sopii erinomaisesti sek\u00e4 yksityisen vaatekaapin j\u00e4rjest\u00e4miseen ett\u00e4 tavaroiden esillepanoon kaupassa. SONGMICS-vaateteline on v\u00e4ltt\u00e4m\u00e4t\u00f6n siistin kodin yll\u00e4pit\u00e4miseksi, sill\u00e4 se yhdist\u00e4\u00e4 optimaalisesti toiminnallisuuden ja esteettisyyden. Tuotetiedot: &#8211; V\u00e4ri: beige &#8211; Materiaali: jauhemaalattu rautaputki &#8211; Kokonaismitat: 92 x 173 x 41 cm (L x K x S) &#8211; Kunkin hyllyn mitat: 76 x 40 cm &#8211; Paino: 5,6 kg &#8211; Maks. kantavuus  &#8211; Vaatetanko: 25 kg &#8211; Kukin hylly: 10 kg Toimitus sis\u00e4lt\u00e4\u00e4:  &#8211; 1 x vaateteline &#8211; 1 x ohjeet (DE, EN, FR, IT, ES)<\/p>\n","protected":false},"excerpt":{"rendered":"<p>SONGMICS Vintage-tyylinen vaateteline, vaateteline vaatetangolla ja 2 metallisella hyllyll\u00e4, 92 x 173 x 41 cm (L x K x S), kermanvalkoinen HSR07W<\/p>\n","protected":false},"featured_media":40534,"comment_status":"open","ping_status":"closed","template":"","meta":[],"product_brand":[],"product_cat":[32],"product_tag":[],"class_list":{"0":"post-31384","1":"product","2":"type-product","3":"status-publish","4":"has-post-thumbnail","6":"product_cat-uncategorized-fi","8":"first","9":"instock","10":"shipping-taxable","11":"purchasable","12":"product-type-simple"},"_links":{"self":[{"href":"https:\/\/nordicmart.andreevmaster.com\/fi\/wp-json\/wp\/v2\/product\/31384","targetHints":{"allow":["GET"]}}],"collection":[{"href":"https:\/\/nordicmart.andreevmaster.com\/fi\/wp-json\/wp\/v2\/product"}],"about":[{"href":"https:\/\/nordicmart.andreevmaster.com\/fi\/wp-json\/wp\/v2\/types\/product"}],"replies":[{"embeddable":true,"href":"https:\/\/nordicmart.andreevmaster.com\/fi\/wp-json\/wp\/v2\/comments?post=31384"}],"wp:featuredmedia":[{"embeddable":true,"href":"https:\/\/nordicmart.andreevmaster.com\/fi\/wp-json\/wp\/v2\/media\/40534"}],"wp:attachment":[{"href":"https:\/\/nordicmart.andreevmaster.com\/fi\/wp-json\/wp\/v2\/media?parent=31384"}],"wp:term":[{"taxonomy":"product_brand","embeddable":true,"href":"https:\/\/nordicmart.andreevmaster.com\/fi\/wp-json\/wp\/v2\/product_brand?post=31384"},{"taxonomy":"product_cat","embeddable":true,"href":"https:\/\/nordicmart.andreevmaster.com\/fi\/wp-json\/wp\/v2\/product_cat?post=31384"},{"taxonomy":"product_tag","embeddable":true,"href":"https:\/\/nordicmart.andreevmaster.com\/fi\/wp-json\/wp\/v2\/product_tag?post=31384"}],"curies":[{"name":"wp","href":"https:\/\/api.w.org\/{rel}","templated":true}]}}