{"id":31383,"date":"2026-02-27T00:13:20","date_gmt":"2026-02-27T00:13:20","guid":{"rendered":"https:\/\/nordicmart.andreevmaster.com\/product\/songmics-vaateripustin-vaatekoukkuilla\/"},"modified":"2026-02-27T09:36:06","modified_gmt":"2026-02-27T09:36:06","slug":"songmics-vaateripustin-vaatekoukkuilla","status":"publish","type":"product","link":"https:\/\/nordicmart.andreevmaster.com\/fi\/tuote\/songmics-vaateripustin-vaatekoukkuilla\/","title":{"rendered":"SONGMICS vaateripustin vaatekoukkuilla"},"content":{"rendered":"<p>Moderni muotoilu, yksinkertainen ulkon\u00e4k\u00f6 mustana, voidaan sijoittaa olohuoneeseen tai makuuhuoneeseen, sopii kaikkiin sisustustyyleihin, sopii t\u00e4ydellisesti kodin sisustustuotteeksi. Kokonaan metallinen runko, paksunnettu putki, vaateripustin enimm\u00e4iskuormitus on 40 kg, jokaisen koukun 5 kg, joten se t\u00e4ytt\u00e4\u00e4 erinomaisesti p\u00e4ivitt\u00e4iset tarpeesi.Metallihyllyn enimm\u00e4iskuormitus on 30 kg, joten voit s\u00e4ilytt\u00e4\u00e4 siin\u00e4 kenki\u00e4 tai muita tavaroita ja hy\u00f6dynt\u00e4\u00e4 vaateripustimen alaosan tilan optimaalisesti ilman tilan tuhlausta. Jarruilla varustettujen py\u00f6rien ansiosta voit helposti siirt\u00e4\u00e4 vaateripustimen haluttuun paikkaan huoneen siivotessa. kun s\u00e4ilyt\u00e4t tavaroita, paina jarruvipua alas est\u00e4\u00e4ksesi ei-toivottua liukumista. Tuotetiedot: Mitat: 85,2 x 174 x 42,5 cm (L x K x S) Materiaali: jauhemaalatut rautaputket V\u00e4ri: musta Pakkauksen mitat: 92 x 49 x 13,2 cm Nettopaino: 4,0 kg Bruttopaino: 5,6 kg Tangon enimm\u00e4iskuormitus: 40 kg Hyllyn enimm\u00e4iskuormitus: 30 kg Kunkin koukun enimm\u00e4iskuormitus: 5 kg Toimitus sis\u00e4lt\u00e4\u00e4: 1 x vaateteline 1 x ohjeet (DE, EN, FR, IT, ES)Huomautukset: Ripusta vaatteet tasaisesti vaateripustimeen, jotta se pysyy tasapainossa ja vakaana.<\/p>\n","protected":false},"excerpt":{"rendered":"<p>SONGMICS vaateripustin pieni vaateripustin vaateripustin kenk\u00e4telineell\u00e4 ja rullilla metalli musta 85,2 x 174 x 42,5 cm (L x K x S) HSR06B<\/p>\n","protected":false},"featured_media":40533,"comment_status":"open","ping_status":"closed","template":"","meta":[],"product_brand":[],"product_cat":[32],"product_tag":[],"class_list":{"0":"post-31383","1":"product","2":"type-product","3":"status-publish","4":"has-post-thumbnail","6":"product_cat-uncategorized-fi","8":"first","9":"instock","10":"shipping-taxable","11":"purchasable","12":"product-type-simple"},"_links":{"self":[{"href":"https:\/\/nordicmart.andreevmaster.com\/fi\/wp-json\/wp\/v2\/product\/31383","targetHints":{"allow":["GET"]}}],"collection":[{"href":"https:\/\/nordicmart.andreevmaster.com\/fi\/wp-json\/wp\/v2\/product"}],"about":[{"href":"https:\/\/nordicmart.andreevmaster.com\/fi\/wp-json\/wp\/v2\/types\/product"}],"replies":[{"embeddable":true,"href":"https:\/\/nordicmart.andreevmaster.com\/fi\/wp-json\/wp\/v2\/comments?post=31383"}],"wp:featuredmedia":[{"embeddable":true,"href":"https:\/\/nordicmart.andreevmaster.com\/fi\/wp-json\/wp\/v2\/media\/40533"}],"wp:attachment":[{"href":"https:\/\/nordicmart.andreevmaster.com\/fi\/wp-json\/wp\/v2\/media?parent=31383"}],"wp:term":[{"taxonomy":"product_brand","embeddable":true,"href":"https:\/\/nordicmart.andreevmaster.com\/fi\/wp-json\/wp\/v2\/product_brand?post=31383"},{"taxonomy":"product_cat","embeddable":true,"href":"https:\/\/nordicmart.andreevmaster.com\/fi\/wp-json\/wp\/v2\/product_cat?post=31383"},{"taxonomy":"product_tag","embeddable":true,"href":"https:\/\/nordicmart.andreevmaster.com\/fi\/wp-json\/wp\/v2\/product_tag?post=31383"}],"curies":[{"name":"wp","href":"https:\/\/api.w.org\/{rel}","templated":true}]}}