{"id":31382,"date":"2026-02-27T00:13:20","date_gmt":"2026-02-27T00:13:20","guid":{"rendered":"https:\/\/nordicmart.andreevmaster.com\/product\/vasagle-vaateteline-pyorilla-greige-musta\/"},"modified":"2026-02-27T09:36:06","modified_gmt":"2026-02-27T09:36:06","slug":"vasagle-vaateteline-pyorilla-greige-musta","status":"publish","type":"product","link":"https:\/\/nordicmart.andreevmaster.com\/fi\/tuote\/vasagle-vaateteline-pyorilla-greige-musta\/","title":{"rendered":"VASAGLE vaateteline py\u00f6rill\u00e4, greige-musta"},"content":{"rendered":"<p>Vaateripustin ja hyllyn yhdistelm\u00e4: T\u00e4m\u00e4 vaateripustin yhdist\u00e4\u00e4 vaateripustimen ja kenk\u00e4hyllyn. N\u00e4in vaatteesi ja kenk\u00e4si voidaan s\u00e4ilytt\u00e4\u00e4 yhdess\u00e4 paikassa, mik\u00e4 helpottaa vaatteiden valintaa. Ripusta takit tai paidat taitteettomina t\u00e4h\u00e4n vaatetelineeseen, jotta sinun ei tarvitse en\u00e4\u00e4 vaivalloisesti taitella ja silitt\u00e4\u00e4 niit\u00e4. Alareunan hyllylle mahtuu useita laatikoita, joihin voit s\u00e4ilytt\u00e4\u00e4 huiveja, sukkia tai monia muita asusteita. Helppo asennus: Yksinkertaisen rakenteensa ja mukana toimitettujen ty\u00f6kalujen ansiosta t\u00e4m\u00e4 vaateteline on helppo koota hetkess\u00e4.Vaateripustin kaikkiin tilanteisiin: Voit k\u00e4ytt\u00e4\u00e4 t\u00e4t\u00e4 vaateripustinta paitsi kotona my\u00f6s kuljettaa sen kauppaan tai kirpputorille esittelem\u00e4\u00e4n tuotteitasi. Tuotetiedot: V\u00e4ri: Greige-musta Materiaali: ter\u00e4s, lastulevy Koko: 104,5 x 40 x 160 cm (P x L x K) Paino: 10,5 kg Vaatetangon maks. staattinen kantavuus: 90 kg Hyllyn maks. staattinen kantavuus: 25 kg Toimitus sis\u00e4lt\u00e4\u00e4: 1 x vaateteline 1 x lis\u00e4varustepaketti 1 x ohjeet VASAGLE Huomautukset:Tekstiss\u00e4 mainittu maks. kantavuus viittaa staattiseen maksimipainoon. Siirr\u00e4 tuotetta hitaasti ja muiden henkil\u00f6iden avustuksella, kun se on t\u00e4ynn\u00e4, jotta se kest\u00e4\u00e4 k\u00e4yt\u00f6ss\u00e4 pidemp\u00e4\u00e4n. Turvallisuussyist\u00e4 lapset eiv\u00e4t saa kiivet\u00e4 tuotteelle tai leikki\u00e4 sill\u00e4.<\/p>\n","protected":false},"excerpt":{"rendered":"<p>VASAGLE raskaiden tavaroiden vaateripustin, vaateripustin kantavuus 90 kg, vaateripustin hyllyll\u00e4, lukittavat py\u00f6r\u00e4t, teollinen muotoilu, vesiputkielementit, pesutupa, liike, vintage-ruskea-musta HSR65BXV1<\/p>\n","protected":false},"featured_media":40532,"comment_status":"open","ping_status":"closed","template":"","meta":[],"product_brand":[],"product_cat":[32],"product_tag":[],"class_list":{"0":"post-31382","1":"product","2":"type-product","3":"status-publish","4":"has-post-thumbnail","6":"product_cat-uncategorized-fi","8":"first","9":"instock","10":"shipping-taxable","11":"purchasable","12":"product-type-simple"},"_links":{"self":[{"href":"https:\/\/nordicmart.andreevmaster.com\/fi\/wp-json\/wp\/v2\/product\/31382","targetHints":{"allow":["GET"]}}],"collection":[{"href":"https:\/\/nordicmart.andreevmaster.com\/fi\/wp-json\/wp\/v2\/product"}],"about":[{"href":"https:\/\/nordicmart.andreevmaster.com\/fi\/wp-json\/wp\/v2\/types\/product"}],"replies":[{"embeddable":true,"href":"https:\/\/nordicmart.andreevmaster.com\/fi\/wp-json\/wp\/v2\/comments?post=31382"}],"wp:featuredmedia":[{"embeddable":true,"href":"https:\/\/nordicmart.andreevmaster.com\/fi\/wp-json\/wp\/v2\/media\/40532"}],"wp:attachment":[{"href":"https:\/\/nordicmart.andreevmaster.com\/fi\/wp-json\/wp\/v2\/media?parent=31382"}],"wp:term":[{"taxonomy":"product_brand","embeddable":true,"href":"https:\/\/nordicmart.andreevmaster.com\/fi\/wp-json\/wp\/v2\/product_brand?post=31382"},{"taxonomy":"product_cat","embeddable":true,"href":"https:\/\/nordicmart.andreevmaster.com\/fi\/wp-json\/wp\/v2\/product_cat?post=31382"},{"taxonomy":"product_tag","embeddable":true,"href":"https:\/\/nordicmart.andreevmaster.com\/fi\/wp-json\/wp\/v2\/product_tag?post=31382"}],"curies":[{"name":"wp","href":"https:\/\/api.w.org\/{rel}","templated":true}]}}