{"id":31379,"date":"2026-02-27T00:13:19","date_gmt":"2026-02-27T00:13:19","guid":{"rendered":"https:\/\/nordicmart.andreevmaster.com\/product\/songmics-vaateteline-2-tangolla\/"},"modified":"2026-02-27T09:36:05","modified_gmt":"2026-02-27T09:36:05","slug":"songmics-vaateteline-2-tangolla","status":"publish","type":"product","link":"https:\/\/nordicmart.andreevmaster.com\/fi\/tuote\/songmics-vaateteline-2-tangolla\/","title":{"rendered":"SONGMICS vaateteline 2 tangolla"},"content":{"rendered":"<p>Tuotetiedot: &#8211; V\u00e4ri: valkoinen &#8211; Materiaali: ter\u00e4s &#8211; Koko: 100 x 59 x 162 cm (P x L x K) &#8211; Paino: 9 kg &#8211; Maks. kantavuus: 110 kg Toimitus sis\u00e4lt\u00e4\u00e4: &#8211; 1 x vaateteline &#8211; 1 x ohjeet SONGMICS Huomautukset:- Kun tuote on t\u00e4ynn\u00e4, siirr\u00e4 sit\u00e4 hitaasti ja muiden henkil\u00f6iden avustuksella, jotta se kest\u00e4\u00e4 pidemp\u00e4\u00e4n.<\/p>\n","protected":false},"excerpt":{"rendered":"<p>SONGMICS vaateteline, vaatetanko, vaatekaappi 2 vaatetangolla ja hyllyll\u00e4, rullat, kantavuus 110 kg, teollinen muotoilu, makuuhuoneeseen, pukeutumishuoneeseen, valkoinen HSR060W01<\/p>\n","protected":false},"featured_media":40529,"comment_status":"open","ping_status":"closed","template":"","meta":[],"product_brand":[],"product_cat":[32],"product_tag":[],"class_list":{"0":"post-31379","1":"product","2":"type-product","3":"status-publish","4":"has-post-thumbnail","6":"product_cat-uncategorized-fi","8":"first","9":"instock","10":"shipping-taxable","11":"purchasable","12":"product-type-simple"},"_links":{"self":[{"href":"https:\/\/nordicmart.andreevmaster.com\/fi\/wp-json\/wp\/v2\/product\/31379","targetHints":{"allow":["GET"]}}],"collection":[{"href":"https:\/\/nordicmart.andreevmaster.com\/fi\/wp-json\/wp\/v2\/product"}],"about":[{"href":"https:\/\/nordicmart.andreevmaster.com\/fi\/wp-json\/wp\/v2\/types\/product"}],"replies":[{"embeddable":true,"href":"https:\/\/nordicmart.andreevmaster.com\/fi\/wp-json\/wp\/v2\/comments?post=31379"}],"wp:featuredmedia":[{"embeddable":true,"href":"https:\/\/nordicmart.andreevmaster.com\/fi\/wp-json\/wp\/v2\/media\/40529"}],"wp:attachment":[{"href":"https:\/\/nordicmart.andreevmaster.com\/fi\/wp-json\/wp\/v2\/media?parent=31379"}],"wp:term":[{"taxonomy":"product_brand","embeddable":true,"href":"https:\/\/nordicmart.andreevmaster.com\/fi\/wp-json\/wp\/v2\/product_brand?post=31379"},{"taxonomy":"product_cat","embeddable":true,"href":"https:\/\/nordicmart.andreevmaster.com\/fi\/wp-json\/wp\/v2\/product_cat?post=31379"},{"taxonomy":"product_tag","embeddable":true,"href":"https:\/\/nordicmart.andreevmaster.com\/fi\/wp-json\/wp\/v2\/product_tag?post=31379"}],"curies":[{"name":"wp","href":"https:\/\/api.w.org\/{rel}","templated":true}]}}