{"id":31377,"date":"2026-02-27T00:13:19","date_gmt":"2026-02-27T00:13:19","guid":{"rendered":"https:\/\/nordicmart.andreevmaster.com\/product\/songmics-metallinen-vaateripustin-musta\/"},"modified":"2026-02-27T09:36:05","modified_gmt":"2026-02-27T09:36:05","slug":"songmics-metallinen-vaateripustin-musta","status":"publish","type":"product","link":"https:\/\/nordicmart.andreevmaster.com\/fi\/tuote\/songmics-metallinen-vaateripustin-musta\/","title":{"rendered":"SONGMICS metallinen vaateripustin, musta"},"content":{"rendered":"<p>Heit\u00e4tk\u00f6 takkisi ja p\u00e4\u00e4llystakkisi aina tuolille? Etsitk\u00f6 aina pitk\u00e4\u00e4n k\u00e4silaukkuasi, koska et muista, mihin olet sen ripustanut? Onko nykyinen vaateripustimesi aina t\u00e4ynn\u00e4 syntym\u00e4p\u00e4ivien ja perhejuhlien aikana? Sitten tarvitset Songmics-vaateripustimen eteiseen!  T\u00e4m\u00e4 vaateteline on 87,5 cm leve\u00e4, 155 cm korkea ja 41 cm syv\u00e4, vie v\u00e4h\u00e4n tilaa, mutta tarjoaa samalla paljon s\u00e4ilytystilaa, johon mahtuu paljon tavaraa. Valmiiden ruuvinreikien ja kuvitetun, helposti ymm\u00e4rrett\u00e4v\u00e4n asennusohjeen ansiosta voit koota sen nopeasti.  Songmics-vaatekaapista saat iloa vuosiksi. Tuotetiedot: Mitat: 87,5 x 155 x 41 cm (L x K x S) Materiaali: ter\u00e4sputket V\u00e4ri: musta Pakkauksen mitat: 83 x 41,5 x 6,4 cm Nettopaino: 4,1 kg Bruttopaino: 4,5 kg Tangon enimm\u00e4iskuormitus: 20 kg Hyllyn enimm\u00e4iskuormitus: 25 kg kumpikin Toimitus sis\u00e4lt\u00e4\u00e4: 1 x vaateteline 1 x ohjeet (DE, EN, FR, IT, ES)<\/p>\n","protected":false},"excerpt":{"rendered":"<p>SONGMICS metallinen vaateteline, vaatetanko, vaatekaappi, kenk\u00e4teline, 87,5 x 155 x 41 cm (L x K x S), musta HSR05B<\/p>\n","protected":false},"featured_media":40527,"comment_status":"open","ping_status":"closed","template":"","meta":[],"product_brand":[],"product_cat":[32],"product_tag":[],"class_list":{"0":"post-31377","1":"product","2":"type-product","3":"status-publish","4":"has-post-thumbnail","6":"product_cat-uncategorized-fi","8":"first","9":"instock","10":"shipping-taxable","11":"purchasable","12":"product-type-simple"},"_links":{"self":[{"href":"https:\/\/nordicmart.andreevmaster.com\/fi\/wp-json\/wp\/v2\/product\/31377","targetHints":{"allow":["GET"]}}],"collection":[{"href":"https:\/\/nordicmart.andreevmaster.com\/fi\/wp-json\/wp\/v2\/product"}],"about":[{"href":"https:\/\/nordicmart.andreevmaster.com\/fi\/wp-json\/wp\/v2\/types\/product"}],"replies":[{"embeddable":true,"href":"https:\/\/nordicmart.andreevmaster.com\/fi\/wp-json\/wp\/v2\/comments?post=31377"}],"wp:featuredmedia":[{"embeddable":true,"href":"https:\/\/nordicmart.andreevmaster.com\/fi\/wp-json\/wp\/v2\/media\/40527"}],"wp:attachment":[{"href":"https:\/\/nordicmart.andreevmaster.com\/fi\/wp-json\/wp\/v2\/media?parent=31377"}],"wp:term":[{"taxonomy":"product_brand","embeddable":true,"href":"https:\/\/nordicmart.andreevmaster.com\/fi\/wp-json\/wp\/v2\/product_brand?post=31377"},{"taxonomy":"product_cat","embeddable":true,"href":"https:\/\/nordicmart.andreevmaster.com\/fi\/wp-json\/wp\/v2\/product_cat?post=31377"},{"taxonomy":"product_tag","embeddable":true,"href":"https:\/\/nordicmart.andreevmaster.com\/fi\/wp-json\/wp\/v2\/product_tag?post=31377"}],"curies":[{"name":"wp","href":"https:\/\/api.w.org\/{rel}","templated":true}]}}