{"id":31376,"date":"2026-02-27T00:13:19","date_gmt":"2026-02-27T00:13:19","guid":{"rendered":"https:\/\/nordicmart.andreevmaster.com\/product\/vaateteline-eteishuonekalut-koukuilla-peililla-kenkatelineella-ja-hyllyilla-36-x-98-x-185-cm-eteiseen-makuuhuoneeseen-olohuoneeseen-maalaismainen-ruskea-ja-musta-2\/"},"modified":"2026-02-27T09:36:05","modified_gmt":"2026-02-27T09:36:05","slug":"vaateteline-eteishuonekalut-koukuilla-peililla-kenkatelineella-ja-hyllyilla-36-x-98-x-185-cm-eteiseen-makuuhuoneeseen-olohuoneeseen-maalaismainen-ruskea-ja-musta-2","status":"publish","type":"product","link":"https:\/\/nordicmart.andreevmaster.com\/fi\/tuote\/vaateteline-eteishuonekalut-koukuilla-peililla-kenkatelineella-ja-hyllyilla-36-x-98-x-185-cm-eteiseen-makuuhuoneeseen-olohuoneeseen-maalaismainen-ruskea-ja-musta-2\/","title":{"rendered":"Vaateteline, eteishuonekalut koukuilla, peilill\u00e4, kenk\u00e4telineell\u00e4 ja hyllyill\u00e4, 36 x 98 x 185 cm, eteiseen makuuhuoneeseen olohuoneeseen, maalaismainen ruskea ja musta"},"content":{"rendered":"<p>[4 in 1 Coat Rack] T\u00e4ss\u00e4 eteishuonekalussa yhdistyv\u00e4t koukut, penkki, kenk\u00e4teline ja peili. Yksi huonekalu tyydytt\u00e4\u00e4 tarpeesi ripustaa vaatteita, istuutua laittamaan kenki\u00e4 ja peili\u00e4, jolloin eteisest\u00e4 saa kaiken irti.[Tilaa saappaille] Suuri kenk\u00e4teline ei ole vain t\u00e4ydellinen saappaiden, vaan my\u00f6s s\u00e4ilytyskorien tai muiden suurempien esineiden s\u00e4ilytt\u00e4miseen.<\/p>\n<p>[9 irrotettavaa koukkua] T\u00e4ss\u00e4 vaatetelineess\u00e4 on 9 helposti siirrett\u00e4v\u00e4\u00e4 koukkua, jotta ripustettavat tavarat pysyv\u00e4t poissa tielt\u00e4 ja ovat helposti saatavilla.<\/p>\n<p>[Tukeva ja vakaa] Ter\u00e4srungon ja lastulevypaneelien ansiosta t\u00e4m\u00e4 eteiskaluste on tukeva ja kest\u00e4\u00e4 jopa 100 kg:n painon penkill\u00e4. 4 s\u00e4\u00e4dett\u00e4v\u00e4\u00e4 jalkaa ja kallistumisenesto lis\u00e4varuste lis\u00e4\u00e4v\u00e4t vakautta.[Pakkauksen sis\u00e4lt\u00f6] Monik\u00e4ytt\u00f6inen eteisen vaateteline, jossa on maalaismainen ruskean ja mustan v\u00e4risekoitus, joka tuo eteiseen luonnetta; se on my\u00f6s helppo koota selkeiden ohjeiden ja numeroitujen osien ansiosta. Tekniset tiedot: V\u00e4ri: 1: V\u00e4ri: Rustiikkinen ruskea, musta<br \/>\nMateriaali: Ruskea, ruskea, ruskea, ruskea, ruskea, ruskea, ruskea: Materiaali: Lastulevy, ter\u00e4s<br \/>\nMitat: 36 x 98 x 185 cm (syvyys x leveys x korkeus).Tuotteen paino: 16,7 kg<br \/>\nKunkin koukun suurin staattinen kuormitettavuus: 3 kg.<br \/>\nKunkin verkkohyllyn suurin staattinen kantavuus: 15 kg<br \/>\nPenkin staattinen enimm\u00e4iskantavuus: 100 kg.<\/p>\n<p>Pakkauksen sis\u00e4lt\u00f6<\/p>\n<p>1 x Vaateteline<br \/>\n1 x tarvikesarja<br \/>\n1 x Kiinnityslaite<br \/>\n1 x K\u00e4ytt\u00f6ohje<\/p>\n","protected":false},"excerpt":{"rendered":"<p>[4 in 1 Coat Rack] T\u00e4ss\u00e4 eteishuonekalussa yhdistyv\u00e4t koukut, penkki, kenk\u00e4teline ja peili. Yksi huonekalu tyydytt\u00e4\u00e4 tarpeesi ripustaa vaatteita, istuutua laittamaan kenki\u00e4 ja peili\u00e4, jolloin eteisest\u00e4 saa kaiken irti.[Tilaa saappaille] Suuri kenk\u00e4teline ei ole vain t\u00e4ydellinen saappaiden, vaan my\u00f6s s\u00e4ilytyskorien tai muiden suurempien esineiden s\u00e4ilytt\u00e4miseen. [9 irrotettavaa koukkua] T\u00e4ss\u00e4 vaatetelineess\u00e4 on 9 helposti siirrett\u00e4v\u00e4\u00e4 koukkua, [&hellip;]<\/p>\n","protected":false},"featured_media":0,"comment_status":"open","ping_status":"closed","template":"","meta":[],"product_brand":[],"product_cat":[32],"product_tag":[],"class_list":{"0":"post-31376","1":"product","2":"type-product","3":"status-publish","5":"product_cat-uncategorized-fi","7":"first","8":"instock","9":"shipping-taxable","10":"product-type-simple"},"_links":{"self":[{"href":"https:\/\/nordicmart.andreevmaster.com\/fi\/wp-json\/wp\/v2\/product\/31376","targetHints":{"allow":["GET"]}}],"collection":[{"href":"https:\/\/nordicmart.andreevmaster.com\/fi\/wp-json\/wp\/v2\/product"}],"about":[{"href":"https:\/\/nordicmart.andreevmaster.com\/fi\/wp-json\/wp\/v2\/types\/product"}],"replies":[{"embeddable":true,"href":"https:\/\/nordicmart.andreevmaster.com\/fi\/wp-json\/wp\/v2\/comments?post=31376"}],"wp:attachment":[{"href":"https:\/\/nordicmart.andreevmaster.com\/fi\/wp-json\/wp\/v2\/media?parent=31376"}],"wp:term":[{"taxonomy":"product_brand","embeddable":true,"href":"https:\/\/nordicmart.andreevmaster.com\/fi\/wp-json\/wp\/v2\/product_brand?post=31376"},{"taxonomy":"product_cat","embeddable":true,"href":"https:\/\/nordicmart.andreevmaster.com\/fi\/wp-json\/wp\/v2\/product_cat?post=31376"},{"taxonomy":"product_tag","embeddable":true,"href":"https:\/\/nordicmart.andreevmaster.com\/fi\/wp-json\/wp\/v2\/product_tag?post=31376"}],"curies":[{"name":"wp","href":"https:\/\/api.w.org\/{rel}","templated":true}]}}