{"id":31375,"date":"2026-02-27T00:13:19","date_gmt":"2026-02-27T00:13:19","guid":{"rendered":"https:\/\/nordicmart.andreevmaster.com\/product\/songmics-metallinen-vaateripustin-valkoinen\/"},"modified":"2026-02-27T09:36:05","modified_gmt":"2026-02-27T09:36:05","slug":"songmics-metallinen-vaateripustin-valkoinen","status":"publish","type":"product","link":"https:\/\/nordicmart.andreevmaster.com\/fi\/tuote\/songmics-metallinen-vaateripustin-valkoinen\/","title":{"rendered":"SONGMICS metallinen vaateripustin, valkoinen"},"content":{"rendered":"<p>Etsitk\u00f6 kapeaa vaatekaappia, jossa on my\u00f6s s\u00e4ilytystilaa? T\u00e4m\u00e4 Songmics-vaatekaappi on ihanteellinen sinulle. Se ei n\u00e4yt\u00e4 liian massiiviselta, ja alemmat hyllyt kest\u00e4v\u00e4t muutakin kuin vain kenki\u00e4. Puupallot ovat kiinte\u00e4sti kiinni koukkuissa eiv\u00e4tk\u00e4 putoa. Pulverimaalauksen ansiosta pinta on sile\u00e4 ja ruostumaton, ja vaatekaappi on helppo puhdistaa liinalla. Vaatekaapin mekaaninen turvallisuus on l\u00e4p\u00e4issyt T\u00dcV Rheinlandin testin standardin EN 14749:2016 mukaisesti. Testiraportin numero: 50085837\/SHF\/02-01. Songmics-vaatekaappi takaa optimaalisen k\u00e4yt\u00f6n. Tuotetiedot: &#8211; Mitat: 68,8 x 187 x 35,2 cm (L x K x S) &#8211; Materiaali: jauhemaalattu rautaputki &#8211; Kehyksen putkien halkaisija: 32 mm &#8211; Kunkin koukun kantavuus: 5 kg &#8211; Kunkin alustan kantavuus: 40 kg &#8211; Pakkauksen mitat: 69 x 44 x 18,5 cm &#8211; Nettopaino: 7,2 kg &#8211; Bruttopaino: 8,52 kg Toimitus sis\u00e4lt\u00e4\u00e4: &#8211; 1 x vaatekaappi &#8211; 1 x ohjeet (DE, EN, FR, IT, ES) &#8211; 1 x kiinnityspussi, sis. kuusiokoloavainsarja Huomautukset:  &#8211; Mukana toimitetaan kaatumissuoja, jonka avulla voit kiinnitt\u00e4\u00e4 vaateripustimen sein\u00e4\u00e4n tarpeen mukaan.<\/p>\n","protected":false},"excerpt":{"rendered":"<p>SONGMICS vaatekaappi, vaateripustin 3 kenk\u00e4telineell\u00e4, vaatekaappi 18 koukulla, metalli, 68,8 x 35,2 x 187 cm, musta HSR04B<\/p>\n","protected":false},"featured_media":40526,"comment_status":"open","ping_status":"closed","template":"","meta":[],"product_brand":[],"product_cat":[32],"product_tag":[],"class_list":{"0":"post-31375","1":"product","2":"type-product","3":"status-publish","4":"has-post-thumbnail","6":"product_cat-uncategorized-fi","8":"first","9":"instock","10":"shipping-taxable","11":"purchasable","12":"product-type-simple"},"_links":{"self":[{"href":"https:\/\/nordicmart.andreevmaster.com\/fi\/wp-json\/wp\/v2\/product\/31375","targetHints":{"allow":["GET"]}}],"collection":[{"href":"https:\/\/nordicmart.andreevmaster.com\/fi\/wp-json\/wp\/v2\/product"}],"about":[{"href":"https:\/\/nordicmart.andreevmaster.com\/fi\/wp-json\/wp\/v2\/types\/product"}],"replies":[{"embeddable":true,"href":"https:\/\/nordicmart.andreevmaster.com\/fi\/wp-json\/wp\/v2\/comments?post=31375"}],"wp:featuredmedia":[{"embeddable":true,"href":"https:\/\/nordicmart.andreevmaster.com\/fi\/wp-json\/wp\/v2\/media\/40526"}],"wp:attachment":[{"href":"https:\/\/nordicmart.andreevmaster.com\/fi\/wp-json\/wp\/v2\/media?parent=31375"}],"wp:term":[{"taxonomy":"product_brand","embeddable":true,"href":"https:\/\/nordicmart.andreevmaster.com\/fi\/wp-json\/wp\/v2\/product_brand?post=31375"},{"taxonomy":"product_cat","embeddable":true,"href":"https:\/\/nordicmart.andreevmaster.com\/fi\/wp-json\/wp\/v2\/product_cat?post=31375"},{"taxonomy":"product_tag","embeddable":true,"href":"https:\/\/nordicmart.andreevmaster.com\/fi\/wp-json\/wp\/v2\/product_tag?post=31375"}],"curies":[{"name":"wp","href":"https:\/\/api.w.org\/{rel}","templated":true}]}}