{"id":31374,"date":"2026-02-27T00:13:18","date_gmt":"2026-02-27T00:13:18","guid":{"rendered":"https:\/\/nordicmart.andreevmaster.com\/product\/songmics-metallinen-vaateteline-musta\/"},"modified":"2026-02-27T09:36:05","modified_gmt":"2026-02-27T09:36:05","slug":"songmics-metallinen-vaateteline-musta","status":"publish","type":"product","link":"https:\/\/nordicmart.andreevmaster.com\/fi\/tuote\/songmics-metallinen-vaateteline-musta\/","title":{"rendered":"SONGMICS metallinen vaateteline, musta"},"content":{"rendered":"<p>Tuotetiedot: V\u00e4ri: musta Materiaali: jauhemaalattu rauta Koko: 68,8 x 35,2 x 187 cm (P x L x K) Paino: 8,52 kg Rungon putkien halkaisija: 32 mm Kunkin koukun kantavuus: 5 kg Kunkin hyllyn kantavuus: 40 kg Toimitus sis\u00e4lt\u00e4\u00e4: 1 x vaateripustin 1 x lis\u00e4varustepaketti 1 x ohjeet (DE, EN, FR, IT, ES) Huomautukset: &#8211; Kiinnit\u00e4 t\u00e4m\u00e4 tuote sein\u00e4\u00e4n mukana toimitetulla kaatumissuojalla.<\/p>\n","protected":false},"excerpt":{"rendered":"<p>SONGMICS vaatekaappi, vaateripustin 3 kenk\u00e4telineell\u00e4, vaatekaappi 18 koukulla, metalli, 68,8 x 35,2 x 187 cm, musta HSR04B<\/p>\n","protected":false},"featured_media":40525,"comment_status":"open","ping_status":"closed","template":"","meta":[],"product_brand":[],"product_cat":[32],"product_tag":[],"class_list":{"0":"post-31374","1":"product","2":"type-product","3":"status-publish","4":"has-post-thumbnail","6":"product_cat-uncategorized-fi","8":"first","9":"instock","10":"shipping-taxable","11":"purchasable","12":"product-type-simple"},"_links":{"self":[{"href":"https:\/\/nordicmart.andreevmaster.com\/fi\/wp-json\/wp\/v2\/product\/31374","targetHints":{"allow":["GET"]}}],"collection":[{"href":"https:\/\/nordicmart.andreevmaster.com\/fi\/wp-json\/wp\/v2\/product"}],"about":[{"href":"https:\/\/nordicmart.andreevmaster.com\/fi\/wp-json\/wp\/v2\/types\/product"}],"replies":[{"embeddable":true,"href":"https:\/\/nordicmart.andreevmaster.com\/fi\/wp-json\/wp\/v2\/comments?post=31374"}],"wp:featuredmedia":[{"embeddable":true,"href":"https:\/\/nordicmart.andreevmaster.com\/fi\/wp-json\/wp\/v2\/media\/40525"}],"wp:attachment":[{"href":"https:\/\/nordicmart.andreevmaster.com\/fi\/wp-json\/wp\/v2\/media?parent=31374"}],"wp:term":[{"taxonomy":"product_brand","embeddable":true,"href":"https:\/\/nordicmart.andreevmaster.com\/fi\/wp-json\/wp\/v2\/product_brand?post=31374"},{"taxonomy":"product_cat","embeddable":true,"href":"https:\/\/nordicmart.andreevmaster.com\/fi\/wp-json\/wp\/v2\/product_cat?post=31374"},{"taxonomy":"product_tag","embeddable":true,"href":"https:\/\/nordicmart.andreevmaster.com\/fi\/wp-json\/wp\/v2\/product_tag?post=31374"}],"curies":[{"name":"wp","href":"https:\/\/api.w.org\/{rel}","templated":true}]}}