{"id":31373,"date":"2026-02-27T00:13:18","date_gmt":"2026-02-27T00:13:18","guid":{"rendered":"https:\/\/nordicmart.andreevmaster.com\/product\/vaateteline-suuri-eteispuu-jossa-on-penkki-ja-kenkavarasto-9-koukkua-kenkateline-ripustuskisko-415-x-100-x-182-cm-eteiseen-olohuoneeseen-makuuhuoneeseen-tammi-ja-valkoinen-vari-2\/"},"modified":"2026-02-27T09:36:04","modified_gmt":"2026-02-27T09:36:04","slug":"vaateteline-suuri-eteispuu-jossa-on-penkki-ja-kenkavarasto-9-koukkua-kenkateline-ripustuskisko-415-x-100-x-182-cm-eteiseen-olohuoneeseen-makuuhuoneeseen-tammi-ja-valkoinen-vari-2","status":"publish","type":"product","link":"https:\/\/nordicmart.andreevmaster.com\/fi\/tuote\/vaateteline-suuri-eteispuu-jossa-on-penkki-ja-kenkavarasto-9-koukkua-kenkateline-ripustuskisko-415-x-100-x-182-cm-eteiseen-olohuoneeseen-makuuhuoneeseen-tammi-ja-valkoinen-vari-2\/","title":{"rendered":"Vaateteline, suuri eteispuu, jossa on penkki ja kenk\u00e4varasto, 9 koukkua, kenk\u00e4teline, ripustuskisko, 41,5 x 100 x 182 cm, eteiseen, olohuoneeseen, makuuhuoneeseen, tammi ja valkoinen v\u00e4ri."},"content":{"rendered":"<p>[Tyyli ja j\u00e4rjestys] T\u00e4m\u00e4 kenkien s\u00e4ilytystilalla varustettu vaateteline yhdist\u00e4\u00e4 puhtaat linjat teollisen tyyliseen putkeen ja moderniin tammi-valkoiseen palettiin, mik\u00e4 tuo ainutlaatuista charmia kotiisi ja pit\u00e4\u00e4 eteisen sotkut kurissa.[4 in 1 erilaisiin tarpeisiisi] Kun tulet kotiin p\u00e4iv\u00e4n p\u00e4\u00e4tteeksi, ripusta takkisi, hattusi tai huivisi johonkin 4 kaksoiskoukusta tai 5 kolmoiskoukusta, istu 100 cm:n pituiseen penkkiin poistaaksesi kenk\u00e4si ja laita ne 2 ter\u00e4sverkkohyllylle.[K\u00e4yt\u00e4nn\u00f6llinen ripustuskisko] Yl\u00e4puolella oleva ripustuskisko vastaa pient\u00e4 vaatekaappia. Voit laittaa ripustimia j\u00e4rjestell\u00e4ksesi puvun takin, paidan tai p\u00e4\u00e4llysvaatteet, jotta ne ovat rypistym\u00e4tt\u00f6mi\u00e4 ja helposti napattavissa.[Vankka ja vakaa] Valmistettu raskaista ter\u00e4sputkista ja laadukkaasta lastulevyst\u00e4, t\u00e4m\u00e4 eteispuu kest\u00e4\u00e4 jopa 100 kg kenk\u00e4penkill\u00e4, 15 kg ripustuskiskolla, 3 kg jokaisella koukulla ja 20 kg jokaisella metallihyllyll\u00e4.[Helppo koota] Merkittyjen osien ja selkeiden ohjeiden avulla voit helposti koota t\u00e4m\u00e4n 41,5 x 100 x 182 cm:n kokoisen vaatetelineen siistim\u00e4\u00e4n eteisen, olohuoneen tai makuuhuoneen (kiinnit\u00e4 se sein\u00e4\u00e4n mukana tulevalla kallistumisenestosarjalla).<\/p>\n<p>Tekniset tiedot:<\/p>\n<p>V\u00e4ri: 1: Tammi, valkoinen<br \/>\nMateriaali: Tammi: Materiaali: Lastulevy, ter\u00e4s<br \/>\nTuotteen koko: 41,5 x 100 x 182 cm (S x L x K).Tuotteen paino: 16,5 kg Ripustuskiskon staattinen kuormitettavuus: 15 kg Kunkin koukun staattinen kuormitettavuus: 3 kg Kunkin verkkohyllyn staattinen kuormitettavuus: 20 kg.Penkin suurin staattinen kuormitettavuus: 100 kg. Pakkauksen sis\u00e4lt\u00f6: 1 x vaateteline 1 x kaatumisenestokit 1 x tarvikesarja 1 x ohjeet<\/p>\n","protected":false},"excerpt":{"rendered":"<p>[Tyyli ja j\u00e4rjestys] T\u00e4m\u00e4 kenkien s\u00e4ilytystilalla varustettu vaateteline yhdist\u00e4\u00e4 puhtaat linjat teollisen tyyliseen putkeen ja moderniin tammi-valkoiseen palettiin, mik\u00e4 tuo ainutlaatuista charmia kotiisi ja pit\u00e4\u00e4 eteisen sotkut kurissa.[4 in 1 erilaisiin tarpeisiisi] Kun tulet kotiin p\u00e4iv\u00e4n p\u00e4\u00e4tteeksi, ripusta takkisi, hattusi tai huivisi johonkin 4 kaksoiskoukusta tai 5 kolmoiskoukusta, istu 100 cm:n pituiseen penkkiin poistaaksesi kenk\u00e4si [&hellip;]<\/p>\n","protected":false},"featured_media":0,"comment_status":"open","ping_status":"closed","template":"","meta":[],"product_brand":[],"product_cat":[32],"product_tag":[],"class_list":{"0":"post-31373","1":"product","2":"type-product","3":"status-publish","5":"product_cat-uncategorized-fi","7":"first","8":"instock","9":"shipping-taxable","10":"product-type-simple"},"_links":{"self":[{"href":"https:\/\/nordicmart.andreevmaster.com\/fi\/wp-json\/wp\/v2\/product\/31373","targetHints":{"allow":["GET"]}}],"collection":[{"href":"https:\/\/nordicmart.andreevmaster.com\/fi\/wp-json\/wp\/v2\/product"}],"about":[{"href":"https:\/\/nordicmart.andreevmaster.com\/fi\/wp-json\/wp\/v2\/types\/product"}],"replies":[{"embeddable":true,"href":"https:\/\/nordicmart.andreevmaster.com\/fi\/wp-json\/wp\/v2\/comments?post=31373"}],"wp:attachment":[{"href":"https:\/\/nordicmart.andreevmaster.com\/fi\/wp-json\/wp\/v2\/media?parent=31373"}],"wp:term":[{"taxonomy":"product_brand","embeddable":true,"href":"https:\/\/nordicmart.andreevmaster.com\/fi\/wp-json\/wp\/v2\/product_brand?post=31373"},{"taxonomy":"product_cat","embeddable":true,"href":"https:\/\/nordicmart.andreevmaster.com\/fi\/wp-json\/wp\/v2\/product_cat?post=31373"},{"taxonomy":"product_tag","embeddable":true,"href":"https:\/\/nordicmart.andreevmaster.com\/fi\/wp-json\/wp\/v2\/product_tag?post=31373"}],"curies":[{"name":"wp","href":"https:\/\/api.w.org\/{rel}","templated":true}]}}