{"id":31371,"date":"2026-02-27T00:13:18","date_gmt":"2026-02-27T00:13:18","guid":{"rendered":"https:\/\/nordicmart.andreevmaster.com\/product\/vasagle-vaateteline-9-koukkua-metalli-puu-musta-ruskea-2\/"},"modified":"2026-02-27T09:36:04","modified_gmt":"2026-02-27T09:36:04","slug":"vasagle-vaateteline-9-koukkua-metalli-puu-musta-ruskea-2","status":"publish","type":"product","link":"https:\/\/nordicmart.andreevmaster.com\/fi\/tuote\/vasagle-vaateteline-9-koukkua-metalli-puu-musta-ruskea-2\/","title":{"rendered":"Vasagle vaateteline , 9 koukkua, metalli \/ puu, musta \/ ruskea"},"content":{"rendered":"<p>[3-in-1-takki-teline] Takki koukut, kenk\u00e4penkki ja kenk\u00e4teline &#8211; t\u00e4m\u00e4 monik\u00e4ytt\u00f6inen eteisen s\u00e4ilytysyksikk\u00f6 sopii kaikkiin tarpeisiisi vaatteiden ripustamiseen, kenkien j\u00e4rjest\u00e4miseen ja kenkien pukemiseen tai riisumiseen.[9 tukevaa koukkua] 9 ruostumatonta metallikoukkua kahdessa riviss\u00e4, joista kukin kest\u00e4\u00e4 jopa 3 kg, ovat tukevia ja kest\u00e4vi\u00e4 ja tarjoavat paljon ripustustilaa takkeillesi, laukuillesi, hatuillesi, huiveillesi ja muille mukaan otettaville tavaroille &#8211; t\u00e4ydellinen pitk\u00e4aikaiseen k\u00e4ytt\u00f6\u00f6n.<\/p>\n<p>[Vankka ja vakaa] Vankka ter\u00e4srunko ja 4 s\u00e4\u00e4dett\u00e4v\u00e4ll\u00e4 jalalla tasoitettu, t\u00e4m\u00e4 eteisen takkiteline antaa tavaroillesi vakaan tuen; mukana tuleva kallistumisenestosarja parantaa yleist\u00e4 vakautta.[Kenk\u00e4penkki hyllyill\u00e4] T\u00e4m\u00e4n vaatetelineen penkill\u00e4 voit istua mukavasti 90 kg:n painokapasiteetin ansiosta. Voit k\u00e4ytt\u00e4\u00e4 sit\u00e4 my\u00f6s s\u00e4ilytyshyllyn\u00e4 j\u00e4rjestell\u00e4ksesi kenk\u00e4laatikoita ja s\u00e4ilytysastioita tai esitell\u00e4ksesi kasveja ja koristeita<\/p>\n<p>[Helppo koota] Yksinkertaisen rakenteen, numeroitujen osien ja selkeiden ohjeiden ansiosta voit koota t\u00e4m\u00e4n kenk\u00e4s\u00e4ilytyksell\u00e4 varustetun vaatetelineen ongelmitta [Huomautus] Varmista turvallisuuden vuoksi, ett\u00e4 kiinnit\u00e4t tuotteen sein\u00e4\u00e4n mukana tulevalla kallistumisenestosarjalla. Ominaisuudet: V\u00e4ri: Materiaali: metalli, puu Ominaisuudet: hyllyll\u00e4, kenk\u00e4telineell\u00e4, penkill\u00e4.<\/p>\n","protected":false},"excerpt":{"rendered":"<p>[3-in-1-takki-teline] Takki koukut, kenk\u00e4penkki ja kenk\u00e4teline &#8211; t\u00e4m\u00e4 monik\u00e4ytt\u00f6inen eteisen s\u00e4ilytysyksikk\u00f6 sopii kaikkiin tarpeisiisi vaatteiden ripustamiseen, kenkien j\u00e4rjest\u00e4miseen ja kenkien pukemiseen tai riisumiseen.[9 tukevaa koukkua] 9 ruostumatonta metallikoukkua kahdessa riviss\u00e4, joista kukin kest\u00e4\u00e4 jopa 3 kg, ovat tukevia ja kest\u00e4vi\u00e4 ja tarjoavat paljon ripustustilaa takkeillesi, laukuillesi, hatuillesi, huiveillesi ja muille mukaan otettaville tavaroille &#8211; t\u00e4ydellinen [&hellip;]<\/p>\n","protected":false},"featured_media":0,"comment_status":"open","ping_status":"closed","template":"","meta":[],"product_brand":[],"product_cat":[32],"product_tag":[],"class_list":{"0":"post-31371","1":"product","2":"type-product","3":"status-publish","5":"product_cat-uncategorized-fi","7":"first","8":"instock","9":"shipping-taxable","10":"product-type-simple"},"_links":{"self":[{"href":"https:\/\/nordicmart.andreevmaster.com\/fi\/wp-json\/wp\/v2\/product\/31371","targetHints":{"allow":["GET"]}}],"collection":[{"href":"https:\/\/nordicmart.andreevmaster.com\/fi\/wp-json\/wp\/v2\/product"}],"about":[{"href":"https:\/\/nordicmart.andreevmaster.com\/fi\/wp-json\/wp\/v2\/types\/product"}],"replies":[{"embeddable":true,"href":"https:\/\/nordicmart.andreevmaster.com\/fi\/wp-json\/wp\/v2\/comments?post=31371"}],"wp:attachment":[{"href":"https:\/\/nordicmart.andreevmaster.com\/fi\/wp-json\/wp\/v2\/media?parent=31371"}],"wp:term":[{"taxonomy":"product_brand","embeddable":true,"href":"https:\/\/nordicmart.andreevmaster.com\/fi\/wp-json\/wp\/v2\/product_brand?post=31371"},{"taxonomy":"product_cat","embeddable":true,"href":"https:\/\/nordicmart.andreevmaster.com\/fi\/wp-json\/wp\/v2\/product_cat?post=31371"},{"taxonomy":"product_tag","embeddable":true,"href":"https:\/\/nordicmart.andreevmaster.com\/fi\/wp-json\/wp\/v2\/product_tag?post=31371"}],"curies":[{"name":"wp","href":"https:\/\/api.w.org\/{rel}","templated":true}]}}