{"id":31370,"date":"2026-02-27T00:13:17","date_gmt":"2026-02-27T00:13:17","guid":{"rendered":"https:\/\/nordicmart.andreevmaster.com\/product\/kenkateline-kenkateline-istuimella-eteiseen-koukuilla-3-hyllya-metalli-korkeus-177-cm-teollinen-muotoilu-pahkinanruskea-musta-2\/"},"modified":"2026-02-27T09:36:04","modified_gmt":"2026-02-27T09:36:04","slug":"kenkateline-kenkateline-istuimella-eteiseen-koukuilla-3-hyllya-metalli-korkeus-177-cm-teollinen-muotoilu-pahkinanruskea-musta-2","status":"publish","type":"product","link":"https:\/\/nordicmart.andreevmaster.com\/fi\/tuote\/kenkateline-kenkateline-istuimella-eteiseen-koukuilla-3-hyllya-metalli-korkeus-177-cm-teollinen-muotoilu-pahkinanruskea-musta-2\/","title":{"rendered":"Kenk\u00e4teline, kenk\u00e4teline istuimella eteiseen, koukuilla, 3 hylly\u00e4, metalli, korkeus 177 cm, teollinen muotoilu, p\u00e4hkin\u00e4nruskea\/musta"},"content":{"rendered":"<p>[TERVETULOA KOTIIN] T\u00e4m\u00e4 elegantti vaateteline auttaa sinua pit\u00e4m\u00e4\u00e4n sis\u00e4\u00e4ntuloalueesi siistin\u00e4, samalla se antaa eteiseen ainutlaatuisen tunnelman, jotta vieraasi tuntevat olonsa tervetulleiksi ja kotoisiksi.Kaikki mit\u00e4 tarvitset: ty\u00f6skentele koko p\u00e4iv\u00e4n, tule kotiin, ripusta vain takkisi, hattu ja huivi 9 koukkuun, istu sitten mukavasti penkille, ota kenk\u00e4si pois ja aseta ne 2 verkkohyllylle<\/p>\n<p>[Vakaa ja turvallinen] 4 s\u00e4\u00e4dett\u00e4v\u00e4ll\u00e4 jalalla vaatekaappi voi seist\u00e4 t\u00e4ydellisesti matolla tai ep\u00e4tasaisella lattialla; mukana on kallistussuojaus<\/p>\n<p>[Vankka rakenne] Tukevat metalliputket, joissa on mattapintainen pinta ja vintage-lastulevy, tekev\u00e4t kenk\u00e4penkist\u00e4 vahvan ja vakaan aikuisille; istuin kest\u00e4\u00e4 jopa 100 kg ja voit k\u00e4ytt\u00e4\u00e4 sit\u00e4 monta vuotta.[Mit\u00e4 saat] Monik\u00e4ytt\u00f6inen vaateteline, jossa yhdistyv\u00e4t takkikoukut, kenk\u00e4teline ja penkki sek\u00e4 kuvitetut ohjeet ja asennusty\u00f6kalu. Psst, t\u00e4m\u00e4 huonekalu on osa tyylik\u00e4st\u00e4 DAINTREE-mallistoamme!<\/p>\n<p>Tuotetiedot:V\u00e4ri: P\u00e4hkin\u00e4nruskea-mustaMateriaali: P\u00e4hkin\u00e4puu, ruskea, musta: Materiaali: Puulastulevy, ter\u00e4sKoko: 70 x 32 x 175 cm (L x S x K). Istuimen koko: 70 x 30 cm (L x S). Paino: 7,8 kg. Max. Staattinen kuormitettavuus koukkua kohden: 3 kg. Max. Istuimen staattinen kuormitettavuus: 80 kgPakkauksen sis\u00e4lt\u00f6:1 x takkiteline, 1 x tarvikepaketti, 1 x kallistussuoja, 1 x k\u00e4ytt\u00f6ohje (englannin kieli ei taattu).<\/p>\n","protected":false},"excerpt":{"rendered":"<p>[TERVETULOA KOTIIN] T\u00e4m\u00e4 elegantti vaateteline auttaa sinua pit\u00e4m\u00e4\u00e4n sis\u00e4\u00e4ntuloalueesi siistin\u00e4, samalla se antaa eteiseen ainutlaatuisen tunnelman, jotta vieraasi tuntevat olonsa tervetulleiksi ja kotoisiksi.Kaikki mit\u00e4 tarvitset: ty\u00f6skentele koko p\u00e4iv\u00e4n, tule kotiin, ripusta vain takkisi, hattu ja huivi 9 koukkuun, istu sitten mukavasti penkille, ota kenk\u00e4si pois ja aseta ne 2 verkkohyllylle [Vakaa ja turvallinen] 4 s\u00e4\u00e4dett\u00e4v\u00e4ll\u00e4 [&hellip;]<\/p>\n","protected":false},"featured_media":0,"comment_status":"open","ping_status":"closed","template":"","meta":[],"product_brand":[],"product_cat":[32],"product_tag":[],"class_list":{"0":"post-31370","1":"product","2":"type-product","3":"status-publish","5":"product_cat-uncategorized-fi","7":"first","8":"instock","9":"shipping-taxable","10":"product-type-simple"},"_links":{"self":[{"href":"https:\/\/nordicmart.andreevmaster.com\/fi\/wp-json\/wp\/v2\/product\/31370","targetHints":{"allow":["GET"]}}],"collection":[{"href":"https:\/\/nordicmart.andreevmaster.com\/fi\/wp-json\/wp\/v2\/product"}],"about":[{"href":"https:\/\/nordicmart.andreevmaster.com\/fi\/wp-json\/wp\/v2\/types\/product"}],"replies":[{"embeddable":true,"href":"https:\/\/nordicmart.andreevmaster.com\/fi\/wp-json\/wp\/v2\/comments?post=31370"}],"wp:attachment":[{"href":"https:\/\/nordicmart.andreevmaster.com\/fi\/wp-json\/wp\/v2\/media?parent=31370"}],"wp:term":[{"taxonomy":"product_brand","embeddable":true,"href":"https:\/\/nordicmart.andreevmaster.com\/fi\/wp-json\/wp\/v2\/product_brand?post=31370"},{"taxonomy":"product_cat","embeddable":true,"href":"https:\/\/nordicmart.andreevmaster.com\/fi\/wp-json\/wp\/v2\/product_cat?post=31370"},{"taxonomy":"product_tag","embeddable":true,"href":"https:\/\/nordicmart.andreevmaster.com\/fi\/wp-json\/wp\/v2\/product_tag?post=31370"}],"curies":[{"name":"wp","href":"https:\/\/api.w.org\/{rel}","templated":true}]}}