{"id":31365,"date":"2026-02-27T00:13:16","date_gmt":"2026-02-27T00:13:16","guid":{"rendered":"https:\/\/nordicmart.andreevmaster.com\/product\/songmics-vaateteline-kenkatelineella\/"},"modified":"2026-02-27T09:36:03","modified_gmt":"2026-02-27T09:36:03","slug":"songmics-vaateteline-kenkatelineella","status":"publish","type":"product","link":"https:\/\/nordicmart.andreevmaster.com\/fi\/tuote\/songmics-vaateteline-kenkatelineella\/","title":{"rendered":"SONGMICS vaateteline kenk\u00e4telineell\u00e4"},"content":{"rendered":"<p>Yl\u00e4osat ovat joustavasti vedett\u00e4viss\u00e4 (kummaltakin puolelta: 0\u201320 cm), ja sile\u00e4 metallipinta helpottaa vet\u00e4mist\u00e4. Alakerran metallilankahylly sopii erinomaisesti kenkien, matkalaukkujen tai s\u00e4ilytyskoreiden jne. s\u00e4ilytykseen. Huolellisesti tiiviisti punotun metallilangan ansiosta siihen mahtuu paitsi suuret esineet my\u00f6s pienemm\u00e4t tavarat, kuten lasten keng\u00e4t.Nelj\u00e4n teollisuusrullan, eli raskaiden kuormien rullien, avulla vaateteline on helppo siirt\u00e4\u00e4 haluttuun suuntaan; kahdessa rullassa on jarrut, joten vaateteline voidaan tarvittaessa lukita mihin tahansa kohtaan ja est\u00e4\u00e4 ei-toivottu liukuminen. Py\u00f6r\u00e4t on valmistettu korkealaatuisesta materiaalista ja ne ovat kaikki hajuttomia. Huomautukset: Hitsauskohdissa on pieni\u00e4 naarmuja, jotka ovat syntyneet hitsaussaumojen hionnan seurauksena. Ne eiv\u00e4t ole virheit\u00e4, joten \u00e4l\u00e4 huoli. Jos teollisuuspy\u00f6r\u00e4t tuoksuvat &#8221;uudelta&#8221; pakkausta avattaessa, t\u00e4m\u00e4 haju h\u00e4vi\u00e4\u00e4 pian tuuletetussa paikassa.Yl\u00e4poikkipalkin ihanteellinen ulosvedett\u00e4viss\u00e4 oleva et\u00e4isyys on 0\u201320 cm. Tuotetiedot: Mitat: (110,5\u2013150,5) x 160 x 48,5 cm (L x K x S) Rullien korkeus: 9,5 cm Materiaali: kromatut rautaputket Pakkauksen mitat: 111 x 41 x 6,3 cm (L x K x S) Nettopaino: 4,7 kg Bruttopaino: 5,7 kg Toimitus sis\u00e4lt\u00e4\u00e4: 1 x vaateripustin 1 x ohjeet<\/p>\n","protected":false},"excerpt":{"rendered":"<p>SONGMICS metallinen vaateteline, raskaalle kuormalle, kenk\u00e4telineell\u00e4, py\u00f6rill\u00e4, kantavuus 50 kg, pituus 110,5\u2013150,5 cm, kromattu HSR02S<\/p>\n","protected":false},"featured_media":40519,"comment_status":"open","ping_status":"closed","template":"","meta":[],"product_brand":[],"product_cat":[32],"product_tag":[],"class_list":{"0":"post-31365","1":"product","2":"type-product","3":"status-publish","4":"has-post-thumbnail","6":"product_cat-uncategorized-fi","8":"first","9":"instock","10":"shipping-taxable","11":"purchasable","12":"product-type-simple"},"_links":{"self":[{"href":"https:\/\/nordicmart.andreevmaster.com\/fi\/wp-json\/wp\/v2\/product\/31365","targetHints":{"allow":["GET"]}}],"collection":[{"href":"https:\/\/nordicmart.andreevmaster.com\/fi\/wp-json\/wp\/v2\/product"}],"about":[{"href":"https:\/\/nordicmart.andreevmaster.com\/fi\/wp-json\/wp\/v2\/types\/product"}],"replies":[{"embeddable":true,"href":"https:\/\/nordicmart.andreevmaster.com\/fi\/wp-json\/wp\/v2\/comments?post=31365"}],"wp:featuredmedia":[{"embeddable":true,"href":"https:\/\/nordicmart.andreevmaster.com\/fi\/wp-json\/wp\/v2\/media\/40519"}],"wp:attachment":[{"href":"https:\/\/nordicmart.andreevmaster.com\/fi\/wp-json\/wp\/v2\/media?parent=31365"}],"wp:term":[{"taxonomy":"product_brand","embeddable":true,"href":"https:\/\/nordicmart.andreevmaster.com\/fi\/wp-json\/wp\/v2\/product_brand?post=31365"},{"taxonomy":"product_cat","embeddable":true,"href":"https:\/\/nordicmart.andreevmaster.com\/fi\/wp-json\/wp\/v2\/product_cat?post=31365"},{"taxonomy":"product_tag","embeddable":true,"href":"https:\/\/nordicmart.andreevmaster.com\/fi\/wp-json\/wp\/v2\/product_tag?post=31365"}],"curies":[{"name":"wp","href":"https:\/\/api.w.org\/{rel}","templated":true}]}}