{"id":31359,"date":"2026-02-27T00:13:15","date_gmt":"2026-02-27T00:13:15","guid":{"rendered":"https:\/\/nordicmart.andreevmaster.com\/product\/songmics-vaateteline-pyorilla-hyllylla-kullanvarinen\/"},"modified":"2026-02-27T09:36:02","modified_gmt":"2026-02-27T09:36:02","slug":"songmics-vaateteline-pyorilla-hyllylla-kullanvarinen","status":"publish","type":"product","link":"https:\/\/nordicmart.andreevmaster.com\/fi\/tuote\/songmics-vaateteline-pyorilla-hyllylla-kullanvarinen\/","title":{"rendered":"SONGMICS vaateteline py\u00f6rill\u00e4, hyllyll\u00e4, kullanv\u00e4rinen"},"content":{"rendered":"<p>SONGMICS vaateteline, vaatetanko rullilla, metallinen vaateteline, rullavaateteline 91 cm leve\u00e4, hyllyll\u00e4, 2 rullaa jarruilla, vaatetangon kantavuus 40 kg<br \/>\nV\u00e4ri: kultainen<br \/>\nMateriaali: ter\u00e4s<br \/>\nKoko: 40,5 x 91 x 158 cm (S x L x K)<br \/>\nPaino: 3,9 kg<br \/>\nVaateripustimen maks. staattinen kantavuus: 40 kg<br \/>\nHyllyn maks. staattinen kantavuus: 10 kg<\/p>\n","protected":false},"excerpt":{"rendered":"<p>SONGMICS vaateteline, vaatetanko rullilla, metallinen vaateteline, rullavaateteline 91 cm leve\u00e4, hyllyll\u00e4, 2 rullaa jarruilla, vaatetangon kantavuus 40 kg<\/p>\n","protected":false},"featured_media":40513,"comment_status":"open","ping_status":"closed","template":"","meta":[],"product_brand":[],"product_cat":[32],"product_tag":[],"class_list":{"0":"post-31359","1":"product","2":"type-product","3":"status-publish","4":"has-post-thumbnail","6":"product_cat-uncategorized-fi","8":"first","9":"instock","10":"shipping-taxable","11":"purchasable","12":"product-type-simple"},"_links":{"self":[{"href":"https:\/\/nordicmart.andreevmaster.com\/fi\/wp-json\/wp\/v2\/product\/31359","targetHints":{"allow":["GET"]}}],"collection":[{"href":"https:\/\/nordicmart.andreevmaster.com\/fi\/wp-json\/wp\/v2\/product"}],"about":[{"href":"https:\/\/nordicmart.andreevmaster.com\/fi\/wp-json\/wp\/v2\/types\/product"}],"replies":[{"embeddable":true,"href":"https:\/\/nordicmart.andreevmaster.com\/fi\/wp-json\/wp\/v2\/comments?post=31359"}],"wp:featuredmedia":[{"embeddable":true,"href":"https:\/\/nordicmart.andreevmaster.com\/fi\/wp-json\/wp\/v2\/media\/40513"}],"wp:attachment":[{"href":"https:\/\/nordicmart.andreevmaster.com\/fi\/wp-json\/wp\/v2\/media?parent=31359"}],"wp:term":[{"taxonomy":"product_brand","embeddable":true,"href":"https:\/\/nordicmart.andreevmaster.com\/fi\/wp-json\/wp\/v2\/product_brand?post=31359"},{"taxonomy":"product_cat","embeddable":true,"href":"https:\/\/nordicmart.andreevmaster.com\/fi\/wp-json\/wp\/v2\/product_cat?post=31359"},{"taxonomy":"product_tag","embeddable":true,"href":"https:\/\/nordicmart.andreevmaster.com\/fi\/wp-json\/wp\/v2\/product_tag?post=31359"}],"curies":[{"name":"wp","href":"https:\/\/api.w.org\/{rel}","templated":true}]}}