{"id":31357,"date":"2026-02-27T00:13:14","date_gmt":"2026-02-27T00:13:14","guid":{"rendered":"https:\/\/nordicmart.andreevmaster.com\/product\/songmics-teraksinen-vaateteline-hyllylla-hopea\/"},"modified":"2026-02-27T09:36:02","modified_gmt":"2026-02-27T09:36:02","slug":"songmics-teraksinen-vaateteline-hyllylla-hopea","status":"publish","type":"product","link":"https:\/\/nordicmart.andreevmaster.com\/fi\/tuote\/songmics-teraksinen-vaateteline-hyllylla-hopea\/","title":{"rendered":"SONGMICS ter\u00e4ksinen vaateteline hyllyll\u00e4, hopea"},"content":{"rendered":"<p>SONGMICS ter\u00e4ksinen vaateteline, vaateteline vaatetangolla, hylly alaosassa, yksinkertainen, makuuhuone, eteinen, ullakko, kellari, 92,5 x 33,5 x 153 cm, mattamusta HSR23BK<br \/>\nV\u00e4ri: hopea<br \/>\nMateriaali: ter\u00e4s<br \/>\nKoko: 33,5 x 92,5 x 153 cm (S x L x K)<br \/>\nPaino: 3,3 kg<br \/>\nTelineen maks. staattinen kantavuus: 40 kg<br \/>\nHyllyn maks. staattinen kantavuus: 15 kg<\/p>\n","protected":false},"excerpt":{"rendered":"<p>SONGMICS ter\u00e4ksinen vaateteline, vaateteline vaatetangolla, hylly alaosassa, yksinkertainen, makuuhuone, eteinen, ullakko, kellari, 92,5 x 33,5 x 153 cm, mattamusta HSR23BK<\/p>\n","protected":false},"featured_media":40511,"comment_status":"open","ping_status":"closed","template":"","meta":[],"product_brand":[],"product_cat":[32],"product_tag":[],"class_list":{"0":"post-31357","1":"product","2":"type-product","3":"status-publish","4":"has-post-thumbnail","6":"product_cat-uncategorized-fi","8":"first","9":"instock","10":"shipping-taxable","11":"purchasable","12":"product-type-simple"},"_links":{"self":[{"href":"https:\/\/nordicmart.andreevmaster.com\/fi\/wp-json\/wp\/v2\/product\/31357","targetHints":{"allow":["GET"]}}],"collection":[{"href":"https:\/\/nordicmart.andreevmaster.com\/fi\/wp-json\/wp\/v2\/product"}],"about":[{"href":"https:\/\/nordicmart.andreevmaster.com\/fi\/wp-json\/wp\/v2\/types\/product"}],"replies":[{"embeddable":true,"href":"https:\/\/nordicmart.andreevmaster.com\/fi\/wp-json\/wp\/v2\/comments?post=31357"}],"wp:featuredmedia":[{"embeddable":true,"href":"https:\/\/nordicmart.andreevmaster.com\/fi\/wp-json\/wp\/v2\/media\/40511"}],"wp:attachment":[{"href":"https:\/\/nordicmart.andreevmaster.com\/fi\/wp-json\/wp\/v2\/media?parent=31357"}],"wp:term":[{"taxonomy":"product_brand","embeddable":true,"href":"https:\/\/nordicmart.andreevmaster.com\/fi\/wp-json\/wp\/v2\/product_brand?post=31357"},{"taxonomy":"product_cat","embeddable":true,"href":"https:\/\/nordicmart.andreevmaster.com\/fi\/wp-json\/wp\/v2\/product_cat?post=31357"},{"taxonomy":"product_tag","embeddable":true,"href":"https:\/\/nordicmart.andreevmaster.com\/fi\/wp-json\/wp\/v2\/product_tag?post=31357"}],"curies":[{"name":"wp","href":"https:\/\/api.w.org\/{rel}","templated":true}]}}