{"id":31356,"date":"2026-02-27T00:13:14","date_gmt":"2026-02-27T00:13:14","guid":{"rendered":"https:\/\/nordicmart.andreevmaster.com\/product\/songmics-vaateteline-kenkatelineella-valkoinen\/"},"modified":"2026-02-27T09:36:02","modified_gmt":"2026-02-27T09:36:02","slug":"songmics-vaateteline-kenkatelineella-valkoinen","status":"publish","type":"product","link":"https:\/\/nordicmart.andreevmaster.com\/fi\/tuote\/songmics-vaateteline-kenkatelineella-valkoinen\/","title":{"rendered":"SONGMICS vaateteline kenk\u00e4telineell\u00e4, valkoinen"},"content":{"rendered":"<p>Vaatekaappi on turvallisen ja vakaan rakenteensa ansiosta kest\u00e4v\u00e4 ja sopii t\u00e4ydellisesti jokaiseen kotiin! Vakaa runko on valmistettu metalliputkesta. Pinta on tyylikk\u00e4\u00e4sti polttomaalattu, ruostumaton ja helppohoitoinen. Vaatekaapissa on 1 vaatetanko ja 1 verkkohylly, joten siin\u00e4 on runsaasti tilaa vaatteille, puseroille, laukkuille, hattuille ja monelle muulle.Voit s\u00e4ilytt\u00e4\u00e4 tavaroitasi siististi ja helposti saatavilla. Vaatehylly on helppo purkaa, joten se vie v\u00e4h\u00e4n tilaa varastoitaessa tai kuljetettaessa.K\u00e4yt\u00e4nn\u00f6llinen vaateteline on toiminnallinen ja mukautuva apulainen tarpeisiisi! Tuotetiedot: &#8211; Mitat: 90 x 173 x 44,5 cm (L x K x S) &#8211; Materiaali: rautaputki &#8211; V\u00e4ri: kermanvalkoinen (HSR01W) &#8211; Pakkauksen mitat: 93 x 45,5 x 6,3 cm &#8211; Nettopaino: 3,15 kg &#8211; Bruttopaino: 3,72 kg &#8211; Tangon enimm\u00e4iskuormitus: 20 kg Toimitus sis\u00e4lt\u00e4\u00e4: &#8211; 1 x vaateteline &#8211; 1 x asennusohjeet (DE, FR, IT, EN, ES)<\/p>\n","protected":false},"excerpt":{"rendered":"<p>SONGMICS Korkeus 173 cm Metalli Antiikki Vaatehylly Vaatetanko Vaatekaappi kenk\u00e4telineell\u00e4 Musta HSR01B<\/p>\n","protected":false},"featured_media":40510,"comment_status":"open","ping_status":"closed","template":"","meta":[],"product_brand":[],"product_cat":[32],"product_tag":[],"class_list":{"0":"post-31356","1":"product","2":"type-product","3":"status-publish","4":"has-post-thumbnail","6":"product_cat-uncategorized-fi","8":"first","9":"instock","10":"shipping-taxable","11":"purchasable","12":"product-type-simple"},"_links":{"self":[{"href":"https:\/\/nordicmart.andreevmaster.com\/fi\/wp-json\/wp\/v2\/product\/31356","targetHints":{"allow":["GET"]}}],"collection":[{"href":"https:\/\/nordicmart.andreevmaster.com\/fi\/wp-json\/wp\/v2\/product"}],"about":[{"href":"https:\/\/nordicmart.andreevmaster.com\/fi\/wp-json\/wp\/v2\/types\/product"}],"replies":[{"embeddable":true,"href":"https:\/\/nordicmart.andreevmaster.com\/fi\/wp-json\/wp\/v2\/comments?post=31356"}],"wp:featuredmedia":[{"embeddable":true,"href":"https:\/\/nordicmart.andreevmaster.com\/fi\/wp-json\/wp\/v2\/media\/40510"}],"wp:attachment":[{"href":"https:\/\/nordicmart.andreevmaster.com\/fi\/wp-json\/wp\/v2\/media?parent=31356"}],"wp:term":[{"taxonomy":"product_brand","embeddable":true,"href":"https:\/\/nordicmart.andreevmaster.com\/fi\/wp-json\/wp\/v2\/product_brand?post=31356"},{"taxonomy":"product_cat","embeddable":true,"href":"https:\/\/nordicmart.andreevmaster.com\/fi\/wp-json\/wp\/v2\/product_cat?post=31356"},{"taxonomy":"product_tag","embeddable":true,"href":"https:\/\/nordicmart.andreevmaster.com\/fi\/wp-json\/wp\/v2\/product_tag?post=31356"}],"curies":[{"name":"wp","href":"https:\/\/api.w.org\/{rel}","templated":true}]}}