{"id":31352,"date":"2026-02-27T00:13:13","date_gmt":"2026-02-27T00:13:13","guid":{"rendered":"https:\/\/nordicmart.andreevmaster.com\/product\/songmics-vaateripustin-pyorilla-kantavuus-90-kg-kyyhkynharmaa\/"},"modified":"2026-02-27T09:36:01","modified_gmt":"2026-02-27T09:36:01","slug":"songmics-vaateripustin-pyorilla-kantavuus-90-kg-kyyhkynharmaa","status":"publish","type":"product","link":"https:\/\/nordicmart.andreevmaster.com\/fi\/tuote\/songmics-vaateripustin-pyorilla-kantavuus-90-kg-kyyhkynharmaa\/","title":{"rendered":"SONGMICS vaateripustin py\u00f6rill\u00e4, kantavuus 90 kg, kyyhkynharmaa"},"content":{"rendered":"<p>SONGMICS vaateripustin py\u00f6rill\u00e4, raskaiden vaatteiden ripustin, ulosvedett\u00e4v\u00e4 vaateripustin, kantavuus 90 kg, helppo asentaa, kannettava<br \/>\nV\u00e4ri: kyyhkynharmaa<br \/>\nMateriaali: ter\u00e4s, PP-py\u00f6r\u00e4t<br \/>\nKoko: 45,4 x (92-132) x 160 cm (S x L x K)<br \/>\nPaino: 5 kg<br \/>\nMaks. staattinen kantavuus: 90 kg<\/p>\n","protected":false},"excerpt":{"rendered":"<p>SONGMICS vaateripustin py\u00f6rill\u00e4, raskaiden vaatteiden ripustin, ulosvedett\u00e4v\u00e4 vaateripustin, kantavuus 90 kg, helppo asentaa, kannettava<\/p>\n","protected":false},"featured_media":40506,"comment_status":"open","ping_status":"closed","template":"","meta":[],"product_brand":[],"product_cat":[32],"product_tag":[],"class_list":{"0":"post-31352","1":"product","2":"type-product","3":"status-publish","4":"has-post-thumbnail","6":"product_cat-uncategorized-fi","8":"first","9":"instock","10":"shipping-taxable","11":"purchasable","12":"product-type-simple"},"_links":{"self":[{"href":"https:\/\/nordicmart.andreevmaster.com\/fi\/wp-json\/wp\/v2\/product\/31352","targetHints":{"allow":["GET"]}}],"collection":[{"href":"https:\/\/nordicmart.andreevmaster.com\/fi\/wp-json\/wp\/v2\/product"}],"about":[{"href":"https:\/\/nordicmart.andreevmaster.com\/fi\/wp-json\/wp\/v2\/types\/product"}],"replies":[{"embeddable":true,"href":"https:\/\/nordicmart.andreevmaster.com\/fi\/wp-json\/wp\/v2\/comments?post=31352"}],"wp:featuredmedia":[{"embeddable":true,"href":"https:\/\/nordicmart.andreevmaster.com\/fi\/wp-json\/wp\/v2\/media\/40506"}],"wp:attachment":[{"href":"https:\/\/nordicmart.andreevmaster.com\/fi\/wp-json\/wp\/v2\/media?parent=31352"}],"wp:term":[{"taxonomy":"product_brand","embeddable":true,"href":"https:\/\/nordicmart.andreevmaster.com\/fi\/wp-json\/wp\/v2\/product_brand?post=31352"},{"taxonomy":"product_cat","embeddable":true,"href":"https:\/\/nordicmart.andreevmaster.com\/fi\/wp-json\/wp\/v2\/product_cat?post=31352"},{"taxonomy":"product_tag","embeddable":true,"href":"https:\/\/nordicmart.andreevmaster.com\/fi\/wp-json\/wp\/v2\/product_tag?post=31352"}],"curies":[{"name":"wp","href":"https:\/\/api.w.org\/{rel}","templated":true}]}}