{"id":31350,"date":"2026-02-27T00:13:13","date_gmt":"2026-02-27T00:13:13","guid":{"rendered":"https:\/\/nordicmart.andreevmaster.com\/product\/songmics-vaateteline-jossa-on-ulosvedettava-vaatetanko\/"},"modified":"2026-02-27T09:36:01","modified_gmt":"2026-02-27T09:36:01","slug":"songmics-vaateteline-jossa-on-ulosvedettava-vaatetanko","status":"publish","type":"product","link":"https:\/\/nordicmart.andreevmaster.com\/fi\/tuote\/songmics-vaateteline-jossa-on-ulosvedettava-vaatetanko\/","title":{"rendered":"SONGMICS vaateteline, jossa on ulosvedett\u00e4v\u00e4 vaatetanko"},"content":{"rendered":"<p>Tuotetiedot: &#8211; V\u00e4ri: mattavalkoinen &#8211; Materiaali: ter\u00e4s, PP-py\u00f6r\u00e4t &#8211; Koko: 45 x (110-150) x 160 cm (S x L x K) &#8211; Paino: 7 kg &#8211; Maks. staattinen kantavuus: 130 kgToimitus sis\u00e4lt\u00e4\u00e4:- 1 x vaateteline- 1 x ohjeet<\/p>\n","protected":false},"excerpt":{"rendered":"<p>SONGMICS vaateripustin rullilla, vaateripustin, eritt\u00e4in kest\u00e4v\u00e4, ulosvedett\u00e4v\u00e4 vaatetanko, kantavuus 130 kg, vaatteiden ripustamiseen, metallia, kromattu, mattamusta HSR011B01<\/p>\n","protected":false},"featured_media":40504,"comment_status":"open","ping_status":"closed","template":"","meta":[],"product_brand":[],"product_cat":[32],"product_tag":[],"class_list":{"0":"post-31350","1":"product","2":"type-product","3":"status-publish","4":"has-post-thumbnail","6":"product_cat-uncategorized-fi","8":"first","9":"instock","10":"shipping-taxable","11":"purchasable","12":"product-type-simple"},"_links":{"self":[{"href":"https:\/\/nordicmart.andreevmaster.com\/fi\/wp-json\/wp\/v2\/product\/31350","targetHints":{"allow":["GET"]}}],"collection":[{"href":"https:\/\/nordicmart.andreevmaster.com\/fi\/wp-json\/wp\/v2\/product"}],"about":[{"href":"https:\/\/nordicmart.andreevmaster.com\/fi\/wp-json\/wp\/v2\/types\/product"}],"replies":[{"embeddable":true,"href":"https:\/\/nordicmart.andreevmaster.com\/fi\/wp-json\/wp\/v2\/comments?post=31350"}],"wp:featuredmedia":[{"embeddable":true,"href":"https:\/\/nordicmart.andreevmaster.com\/fi\/wp-json\/wp\/v2\/media\/40504"}],"wp:attachment":[{"href":"https:\/\/nordicmart.andreevmaster.com\/fi\/wp-json\/wp\/v2\/media?parent=31350"}],"wp:term":[{"taxonomy":"product_brand","embeddable":true,"href":"https:\/\/nordicmart.andreevmaster.com\/fi\/wp-json\/wp\/v2\/product_brand?post=31350"},{"taxonomy":"product_cat","embeddable":true,"href":"https:\/\/nordicmart.andreevmaster.com\/fi\/wp-json\/wp\/v2\/product_cat?post=31350"},{"taxonomy":"product_tag","embeddable":true,"href":"https:\/\/nordicmart.andreevmaster.com\/fi\/wp-json\/wp\/v2\/product_tag?post=31350"}],"curies":[{"name":"wp","href":"https:\/\/api.w.org\/{rel}","templated":true}]}}