{"id":31348,"date":"2026-02-27T00:13:12","date_gmt":"2026-02-27T00:13:12","guid":{"rendered":"https:\/\/nordicmart.andreevmaster.com\/product\/vasagle-liry-kokoelma-kenkakaappi-kolmella-luukulla\/"},"modified":"2026-02-27T09:36:00","modified_gmt":"2026-02-27T09:36:00","slug":"vasagle-liry-kokoelma-kenkakaappi-kolmella-luukulla","status":"publish","type":"product","link":"https:\/\/nordicmart.andreevmaster.com\/fi\/tuote\/vasagle-liry-kokoelma-kenkakaappi-kolmella-luukulla\/","title":{"rendered":"VASAGLE LIRY -kokoelma \u2013 kenk\u00e4kaappi kolmella luukulla"},"content":{"rendered":"<p>VASAGLE LIRY -kokoelma \u2013 kenk\u00e4kaappi 3 luukulla, kenk\u00e4kaappi, vapaasti seisova kapea kenk\u00e4hylly, eteiseen, maalaistyyli, 18\u201324 parille kenki\u00e4, vintagevalkoinen HSC301W02<br \/>\nV\u00e4ri: vintagevalkoinen<br \/>\nMateriaali: MDF (keskitihe\u00e4 kuitulevy), puuhakelevy<br \/>\nKoko: 24 x 87 x 123,6 cm (S x L x K)<br \/>\nPaino: 23,1 kg<br \/>\nP\u00f6yt\u00e4levyn maks. staattinen kantavuus: 46 kg<br \/>\nJokaisen hyllyn maks. staattinen kantavuus: 10 kg<\/p>\n","protected":false},"excerpt":{"rendered":"<p>VASAGLE LIRY -kokoelma \u2013 kenk\u00e4kaappi 3 luukulla, kenk\u00e4kaappi, vapaasti seisova kapea kenk\u00e4hylly, eteiseen, maalaistyyli, 18\u201324 parille kenki\u00e4, vintagevalkoinen HSC301W02<\/p>\n","protected":false},"featured_media":40502,"comment_status":"open","ping_status":"closed","template":"","meta":[],"product_brand":[],"product_cat":[32],"product_tag":[],"class_list":{"0":"post-31348","1":"product","2":"type-product","3":"status-publish","4":"has-post-thumbnail","6":"product_cat-uncategorized-fi","8":"first","9":"instock","10":"shipping-taxable","11":"purchasable","12":"product-type-simple"},"_links":{"self":[{"href":"https:\/\/nordicmart.andreevmaster.com\/fi\/wp-json\/wp\/v2\/product\/31348","targetHints":{"allow":["GET"]}}],"collection":[{"href":"https:\/\/nordicmart.andreevmaster.com\/fi\/wp-json\/wp\/v2\/product"}],"about":[{"href":"https:\/\/nordicmart.andreevmaster.com\/fi\/wp-json\/wp\/v2\/types\/product"}],"replies":[{"embeddable":true,"href":"https:\/\/nordicmart.andreevmaster.com\/fi\/wp-json\/wp\/v2\/comments?post=31348"}],"wp:featuredmedia":[{"embeddable":true,"href":"https:\/\/nordicmart.andreevmaster.com\/fi\/wp-json\/wp\/v2\/media\/40502"}],"wp:attachment":[{"href":"https:\/\/nordicmart.andreevmaster.com\/fi\/wp-json\/wp\/v2\/media?parent=31348"}],"wp:term":[{"taxonomy":"product_brand","embeddable":true,"href":"https:\/\/nordicmart.andreevmaster.com\/fi\/wp-json\/wp\/v2\/product_brand?post=31348"},{"taxonomy":"product_cat","embeddable":true,"href":"https:\/\/nordicmart.andreevmaster.com\/fi\/wp-json\/wp\/v2\/product_cat?post=31348"},{"taxonomy":"product_tag","embeddable":true,"href":"https:\/\/nordicmart.andreevmaster.com\/fi\/wp-json\/wp\/v2\/product_tag?post=31348"}],"curies":[{"name":"wp","href":"https:\/\/api.w.org\/{rel}","templated":true}]}}