{"id":31346,"date":"2026-02-27T00:13:12","date_gmt":"2026-02-27T00:13:12","guid":{"rendered":"https:\/\/nordicmart.andreevmaster.com\/product\/songmics-vintage-mallin-ompelunukke-musta\/"},"modified":"2026-02-27T09:36:00","modified_gmt":"2026-02-27T09:36:00","slug":"songmics-vintage-mallin-ompelunukke-musta","status":"publish","type":"product","link":"https:\/\/nordicmart.andreevmaster.com\/fi\/tuote\/songmics-vintage-mallin-ompelunukke-musta\/","title":{"rendered":"SONGMICS Vintage-mallin ompelunukke, musta"},"content":{"rendered":"<p>Etsitk\u00f6 tukevaa ja kaunista ompelunukkea, joka sopii myym\u00e4l\u00e4\u00e4n tai olohuoneeseen? Songmicsin ompelunukke on t\u00e4ydellinen ratkaisu! Ompelijanukke on valmistettu tukevasta raudasta, jonka pinta on jauhemaalattu, joten se on kest\u00e4v\u00e4 ja pitk\u00e4ik\u00e4inen. Ompelijanukella on eritt\u00e4in tukeva jalusta. Korkeuden s\u00e4\u00e4t\u00f6ominaisuuden ansiosta voit s\u00e4\u00e4t\u00e4\u00e4 ompelijanuken ihanteelliseen korkeuteen. Nuket hurmaavat vaativalla ja luovalla muotoilullaan sek\u00e4 erinomaisella viimeistelyll\u00e4. Kaulassa, olkap\u00e4iss\u00e4 ja rintakeh\u00e4ss\u00e4 olevat tyylikk\u00e4\u00e4t kukkakuviot korostavat tyylikk\u00e4\u00e4n ompelijanuken yksil\u00f6llist\u00e4 luonnetta. Koristeellisena korostuksena se sopii erinomaisesti makuuhuoneeseen, eteiseen, talvipuutarhaan tai verannalle! Tuotetiedot: &#8211; Materiaali: rauta &#8211; V\u00e4ri: musta &#8211; Kokonaiskorkeus s\u00e4\u00e4dett\u00e4viss\u00e4: 112 cm \u2013 170 cm &#8211; Olkap\u00e4\u00e4n ymp\u00e4rysmitta: noin 33 cm &#8211; Rinnan ymp\u00e4rysmitta: noin 85 cm &#8211; Vy\u00f6t\u00e4r\u00f6n ymp\u00e4rysmitta: noin 56 cm &#8211; Lantion ymp\u00e4rysmitta: noin 86 cm &#8211; Rungon korkeus: noin 65 cmToimitus sis\u00e4lt\u00e4\u00e4: &#8211; 1 x ompelijanukke<\/p>\n","protected":false},"excerpt":{"rendered":"<p>SONGMICS Naisten ompelunukke, naisten mannekiini, naisten rintakuva, metallinen ompelunukke HRA10W<\/p>\n","protected":false},"featured_media":40500,"comment_status":"open","ping_status":"closed","template":"","meta":[],"product_brand":[],"product_cat":[32],"product_tag":[],"class_list":{"0":"post-31346","1":"product","2":"type-product","3":"status-publish","4":"has-post-thumbnail","6":"product_cat-uncategorized-fi","8":"first","9":"instock","10":"shipping-taxable","11":"purchasable","12":"product-type-simple"},"_links":{"self":[{"href":"https:\/\/nordicmart.andreevmaster.com\/fi\/wp-json\/wp\/v2\/product\/31346","targetHints":{"allow":["GET"]}}],"collection":[{"href":"https:\/\/nordicmart.andreevmaster.com\/fi\/wp-json\/wp\/v2\/product"}],"about":[{"href":"https:\/\/nordicmart.andreevmaster.com\/fi\/wp-json\/wp\/v2\/types\/product"}],"replies":[{"embeddable":true,"href":"https:\/\/nordicmart.andreevmaster.com\/fi\/wp-json\/wp\/v2\/comments?post=31346"}],"wp:featuredmedia":[{"embeddable":true,"href":"https:\/\/nordicmart.andreevmaster.com\/fi\/wp-json\/wp\/v2\/media\/40500"}],"wp:attachment":[{"href":"https:\/\/nordicmart.andreevmaster.com\/fi\/wp-json\/wp\/v2\/media?parent=31346"}],"wp:term":[{"taxonomy":"product_brand","embeddable":true,"href":"https:\/\/nordicmart.andreevmaster.com\/fi\/wp-json\/wp\/v2\/product_brand?post=31346"},{"taxonomy":"product_cat","embeddable":true,"href":"https:\/\/nordicmart.andreevmaster.com\/fi\/wp-json\/wp\/v2\/product_cat?post=31346"},{"taxonomy":"product_tag","embeddable":true,"href":"https:\/\/nordicmart.andreevmaster.com\/fi\/wp-json\/wp\/v2\/product_tag?post=31346"}],"curies":[{"name":"wp","href":"https:\/\/api.w.org\/{rel}","templated":true}]}}