{"id":31345,"date":"2026-02-27T00:13:12","date_gmt":"2026-02-27T00:13:12","guid":{"rendered":"https:\/\/nordicmart.andreevmaster.com\/product\/songmics-metallinen-naisten-ompelunukke\/"},"modified":"2026-02-27T09:36:00","modified_gmt":"2026-02-27T09:36:00","slug":"songmics-metallinen-naisten-ompelunukke","status":"publish","type":"product","link":"https:\/\/nordicmart.andreevmaster.com\/fi\/tuote\/songmics-metallinen-naisten-ompelunukke\/","title":{"rendered":"SONGMICS Metallinen naisten ompelunukke"},"content":{"rendered":"<p>Etsitk\u00f6 tukevaa ja kaunista ompelunukkea, joka sopii myym\u00e4l\u00e4\u00e4n tai olohuoneeseen? Songmicsin ompelunukke on t\u00e4ydellinen ratkaisu! Ompelunukke on valmistettu tukevasta raudasta, jonka pinta on jauhemaalattu, joten se on tukeva ja kest\u00e4v\u00e4. Nelijalkainen jalusta takaa hyv\u00e4n pidon. Mallimme vakuuttavat vaativalla ja luovalla muotoilullaan sek\u00e4 erinomaisella viimeistelyll\u00e4. Kaulassa, olkap\u00e4iss\u00e4 ja rintakeh\u00e4ss\u00e4 olevat tyylikk\u00e4\u00e4t kukkakuviot korostavat tyylikk\u00e4iden ompelunukkejen yksil\u00f6llist\u00e4 luonnetta. Koristeellisena kohokohtana se sopii erinomaisesti makuuhuoneeseen, eteiseen, viherhuoneeseen tai verannalle! Tuotetiedot: Materiaali: rauta V\u00e4ri: valkoinen (HRA09W)Kokonaiskorkeus: noin 152 cm Olkap\u00e4\u00e4n ymp\u00e4rysmitta: noin 37,5 cm Rinnan ymp\u00e4rysmitta: noin 90 cm Vy\u00f6t\u00e4r\u00f6n ymp\u00e4rysmitta: noin 52 cm Lantion ymp\u00e4rysmitta: noin 110 cm Rungon korkeus: noin 76 cm Bruttopaino: 6,6 kg Toimitus sis\u00e4lt\u00e4\u00e4: &#8211; 1 x ompelijanukke<\/p>\n","protected":false},"excerpt":{"rendered":"<p>SONGMICS naisten ompelunukke, naisten mannekiini, naisten rintakuva, metallinen ompelunukke HRA09W<\/p>\n","protected":false},"featured_media":40499,"comment_status":"open","ping_status":"closed","template":"","meta":[],"product_brand":[],"product_cat":[32],"product_tag":[],"class_list":{"0":"post-31345","1":"product","2":"type-product","3":"status-publish","4":"has-post-thumbnail","6":"product_cat-uncategorized-fi","8":"first","9":"instock","10":"shipping-taxable","11":"purchasable","12":"product-type-simple"},"_links":{"self":[{"href":"https:\/\/nordicmart.andreevmaster.com\/fi\/wp-json\/wp\/v2\/product\/31345","targetHints":{"allow":["GET"]}}],"collection":[{"href":"https:\/\/nordicmart.andreevmaster.com\/fi\/wp-json\/wp\/v2\/product"}],"about":[{"href":"https:\/\/nordicmart.andreevmaster.com\/fi\/wp-json\/wp\/v2\/types\/product"}],"replies":[{"embeddable":true,"href":"https:\/\/nordicmart.andreevmaster.com\/fi\/wp-json\/wp\/v2\/comments?post=31345"}],"wp:featuredmedia":[{"embeddable":true,"href":"https:\/\/nordicmart.andreevmaster.com\/fi\/wp-json\/wp\/v2\/media\/40499"}],"wp:attachment":[{"href":"https:\/\/nordicmart.andreevmaster.com\/fi\/wp-json\/wp\/v2\/media?parent=31345"}],"wp:term":[{"taxonomy":"product_brand","embeddable":true,"href":"https:\/\/nordicmart.andreevmaster.com\/fi\/wp-json\/wp\/v2\/product_brand?post=31345"},{"taxonomy":"product_cat","embeddable":true,"href":"https:\/\/nordicmart.andreevmaster.com\/fi\/wp-json\/wp\/v2\/product_cat?post=31345"},{"taxonomy":"product_tag","embeddable":true,"href":"https:\/\/nordicmart.andreevmaster.com\/fi\/wp-json\/wp\/v2\/product_tag?post=31345"}],"curies":[{"name":"wp","href":"https:\/\/api.w.org\/{rel}","templated":true}]}}