{"id":31342,"date":"2026-02-27T00:13:11","date_gmt":"2026-02-27T00:13:11","guid":{"rendered":"https:\/\/nordicmart.andreevmaster.com\/product\/oh-hippo-lakanat-moosekoriin\/"},"modified":"2026-02-27T09:36:00","modified_gmt":"2026-02-27T09:36:00","slug":"oh-hippo-lakanat-moosekoriin","status":"publish","type":"product","link":"https:\/\/nordicmart.andreevmaster.com\/fi\/tuote\/oh-hippo-lakanat-moosekoriin\/","title":{"rendered":"Oh Hippo -lakanat Moosekoriin"},"content":{"rendered":"<p>Tiedot:<br \/>\n&#8211; lakana on valmistettu Oeko-TEX Standard 100 -sertifioidusta puuvillasta,<br \/>\n&#8211; ilmava ja pehme\u00e4 kosketus,<br \/>\n&#8211; p\u00e4\u00e4dyiss\u00e4 joustava nauha, jonka ansiosta se ei luiskahda patjalta,<br \/>\n&#8211; v\u00e4ri ei haalistu, vaikka peset sen useita kertoja,<br \/>\n&#8211; sopii erinomaisesti Moosekoriin, pinnas\u00e4nkyyn ja lastenvaunuun<\/p>\n<p>Kangas:<br \/>\n&#8211; puuvilla, Oeko-TEX Standard 100 -sertifikaatti<\/p>\n<p>Mitat (cm):<br \/>\n&#8211; sopii 72&#215;25 ja 65&#215;31 patjoille<\/p>\n<p>Pesu:<br \/>\n&#8211; konepest\u00e4v\u00e4 (30 asteessa),<br \/>\n&#8211; ei rumpukuivattava,<br \/>\n&#8211; voidaan silitt\u00e4\u00e4 kosteana korkeassa l\u00e4mp\u00f6tilassa,<br \/>\n&#8211; ei valkaista.<\/p>\n<p>Vaihtoehdot:<br \/>\n&#8211; Piggy,<br \/>\n&#8211; Oh Hippo,<br \/>\n&#8211; In the woods,<br \/>\n&#8211; I love,<br \/>\n&#8211; Fly<\/p>\n","protected":false},"excerpt":{"rendered":"<p>Tiedot: &#8211; lakana on valmistettu Oeko-TEX Standard 100 -sertifioidusta puuvillasta, &#8211; ilmava ja pehme\u00e4 kosketus, &#8211; p\u00e4\u00e4dyiss\u00e4 joustava nauha, jonka ansiosta se ei luiskahda patjalta, &#8211; v\u00e4ri ei haalistu, vaikka peset sen useita kertoja, &#8211; sopii erinomaisesti Moosekoriin, pinnas\u00e4nkyyn ja lastenvaunuun Kangas: &#8211; puuvilla, Oeko-TEX Standard 100 -sertifikaatti Mitat (cm): &#8211; sopii 72&#215;25 ja 65&#215;31 [&hellip;]<\/p>\n","protected":false},"featured_media":0,"comment_status":"open","ping_status":"closed","template":"","meta":[],"product_brand":[],"product_cat":[32],"product_tag":[],"class_list":{"0":"post-31342","1":"product","2":"type-product","3":"status-publish","5":"product_cat-uncategorized-fi","7":"first","8":"instock","9":"shipping-taxable","10":"purchasable","11":"product-type-simple"},"_links":{"self":[{"href":"https:\/\/nordicmart.andreevmaster.com\/fi\/wp-json\/wp\/v2\/product\/31342","targetHints":{"allow":["GET"]}}],"collection":[{"href":"https:\/\/nordicmart.andreevmaster.com\/fi\/wp-json\/wp\/v2\/product"}],"about":[{"href":"https:\/\/nordicmart.andreevmaster.com\/fi\/wp-json\/wp\/v2\/types\/product"}],"replies":[{"embeddable":true,"href":"https:\/\/nordicmart.andreevmaster.com\/fi\/wp-json\/wp\/v2\/comments?post=31342"}],"wp:attachment":[{"href":"https:\/\/nordicmart.andreevmaster.com\/fi\/wp-json\/wp\/v2\/media?parent=31342"}],"wp:term":[{"taxonomy":"product_brand","embeddable":true,"href":"https:\/\/nordicmart.andreevmaster.com\/fi\/wp-json\/wp\/v2\/product_brand?post=31342"},{"taxonomy":"product_cat","embeddable":true,"href":"https:\/\/nordicmart.andreevmaster.com\/fi\/wp-json\/wp\/v2\/product_cat?post=31342"},{"taxonomy":"product_tag","embeddable":true,"href":"https:\/\/nordicmart.andreevmaster.com\/fi\/wp-json\/wp\/v2\/product_tag?post=31342"}],"curies":[{"name":"wp","href":"https:\/\/api.w.org\/{rel}","templated":true}]}}