{"id":31334,"date":"2026-02-27T00:13:09","date_gmt":"2026-02-27T00:13:09","guid":{"rendered":"https:\/\/nordicmart.andreevmaster.com\/product\/kasvihuone-vihrealla-kalvolla\/"},"modified":"2026-02-27T09:35:59","modified_gmt":"2026-02-27T09:35:59","slug":"kasvihuone-vihrealla-kalvolla","status":"publish","type":"product","link":"https:\/\/nordicmart.andreevmaster.com\/fi\/tuote\/kasvihuone-vihrealla-kalvolla\/","title":{"rendered":"Kasvihuone vihre\u00e4ll\u00e4 kalvolla"},"content":{"rendered":"<p>Luo oma puutarhasi \u2013 n\u00e4in teet senJos s\u00e4\u00e4 ei ole erityisen suotuisa kasveillesi, hy\u00f6nteiset ja linnut ovat mets\u00e4st\u00e4m\u00e4ss\u00e4 vihreit\u00e4 herkkuja tai et ole viel\u00e4 t\u00e4ysin hallinnassa puutarhat\u00f6it\u00e4, hanki t\u00e4m\u00e4 SONGMICS-puutarhavaja kotiisi! Se suojaa herkki\u00e4 kasveja, kukkia tai vihanneksia tuulelta, sateelta, pakkaselta, hy\u00f6nteisilt\u00e4 ja jopa kissoilta ja koirilta. Auringonpaiste, kosteus, l\u00e4mp\u00f6 Vankka kasvihuone on erinomainen puutarhuri, joka huolehtii hyvin kasveistasi. L\u00e4pin\u00e4kyv\u00e4 kalvo p\u00e4\u00e4st\u00e4\u00e4 sis\u00e4\u00e4n riitt\u00e4v\u00e4sti auringonvaloa, mutta pit\u00e4\u00e4 my\u00f6s kosteuden ja l\u00e4mm\u00f6n sis\u00e4ll\u00e4. Jos kasvihuoneessa kuitenkin tulee liian kuuma, voit avata vetoketjun suuresta ovesta ja avata sen tai ikkunat. Se varmistaa ihanteellisen ilmankierron. Tuotetiedot: V\u00e4ri: Vihre\u00e4 Materiaali: Jauhemaalatut ter\u00e4sputket, 140 g\/m\u00b2 PES Koko: 200 x 77 x 149\/169 cm (P x L x K) Paino: 10,5 kg Toimitus sis\u00e4lt\u00e4\u00e4: 1 x kasvihuone 4 x kiila 4 x U-muotoinen maakiila 1 x ohjeet (DE, EN, FR, ES, IT) SONGMIC Huomautukset: \u00c4l\u00e4 k\u00e4yt\u00e4 painepesuria kasvihuoneen puhdistamiseen. K\u00e4yt\u00e4 t\u00e4h\u00e4n tarkoitukseen kosteaa liinaa tai harjaa.<\/p>\n","protected":false},"excerpt":{"rendered":"<p>Luo oma puutarhasi \u2013 n\u00e4in teet senJos s\u00e4\u00e4 ei ole erityisen suotuisa kasveillesi, hy\u00f6nteiset ja linnut ovat mets\u00e4st\u00e4m\u00e4ss\u00e4 vihreit\u00e4 herkkuja tai et ole viel\u00e4 t\u00e4ysin hallinnassa puutarhat\u00f6it\u00e4, hanki t\u00e4m\u00e4 SONGMICS-puutarhavaja kotiisi! Se suojaa herkki\u00e4 kasveja, kukkia tai vihanneksia tuulelta, sateelta, pakkaselta, hy\u00f6nteisilt\u00e4 ja jopa kissoilta ja koirilta. Auringonpaiste, kosteus, l\u00e4mp\u00f6 Vankka kasvihuone on erinomainen puutarhuri, [&hellip;]<\/p>\n","protected":false},"featured_media":0,"comment_status":"open","ping_status":"closed","template":"","meta":[],"product_brand":[],"product_cat":[32],"product_tag":[],"class_list":{"0":"post-31334","1":"product","2":"type-product","3":"status-publish","5":"product_cat-uncategorized-fi","7":"first","8":"instock","9":"shipping-taxable","10":"product-type-simple"},"_links":{"self":[{"href":"https:\/\/nordicmart.andreevmaster.com\/fi\/wp-json\/wp\/v2\/product\/31334","targetHints":{"allow":["GET"]}}],"collection":[{"href":"https:\/\/nordicmart.andreevmaster.com\/fi\/wp-json\/wp\/v2\/product"}],"about":[{"href":"https:\/\/nordicmart.andreevmaster.com\/fi\/wp-json\/wp\/v2\/types\/product"}],"replies":[{"embeddable":true,"href":"https:\/\/nordicmart.andreevmaster.com\/fi\/wp-json\/wp\/v2\/comments?post=31334"}],"wp:attachment":[{"href":"https:\/\/nordicmart.andreevmaster.com\/fi\/wp-json\/wp\/v2\/media?parent=31334"}],"wp:term":[{"taxonomy":"product_brand","embeddable":true,"href":"https:\/\/nordicmart.andreevmaster.com\/fi\/wp-json\/wp\/v2\/product_brand?post=31334"},{"taxonomy":"product_cat","embeddable":true,"href":"https:\/\/nordicmart.andreevmaster.com\/fi\/wp-json\/wp\/v2\/product_cat?post=31334"},{"taxonomy":"product_tag","embeddable":true,"href":"https:\/\/nordicmart.andreevmaster.com\/fi\/wp-json\/wp\/v2\/product_tag?post=31334"}],"curies":[{"name":"wp","href":"https:\/\/api.w.org\/{rel}","templated":true}]}}