{"id":31330,"date":"2026-02-27T00:13:08","date_gmt":"2026-02-27T00:13:08","guid":{"rendered":"https:\/\/nordicmart.andreevmaster.com\/product\/songmics-kasvihuone-rullattavalla-sisaankaynnilla\/"},"modified":"2026-02-27T09:35:58","modified_gmt":"2026-02-27T09:35:58","slug":"songmics-kasvihuone-rullattavalla-sisaankaynnilla","status":"publish","type":"product","link":"https:\/\/nordicmart.andreevmaster.com\/fi\/tuote\/songmics-kasvihuone-rullattavalla-sisaankaynnilla\/","title":{"rendered":"SONGMICS kasvihuone rullattavalla sis\u00e4\u00e4nk\u00e4ynnill\u00e4"},"content":{"rendered":"<p>Oman puutarhan perustaminen \u2013 n\u00e4in se onnistuu: Jos s\u00e4\u00e4 ei suosi kasvejasi, hy\u00f6nteiset ja linnut ovat mets\u00e4st\u00e4m\u00e4ss\u00e4 vihreit\u00e4 herkkuja tai et viel\u00e4 ole t\u00e4ysin oppinut puutarhanhoidon saloja, hanki kotiisi t\u00e4m\u00e4 SONGMICS-puutarhamaja! Sen avulla voit suojata herk\u00e4t kasvit, kukat tai vihannekset tuulelta, sateelta, maaper\u00e4n pakkaselta, hy\u00f6nteisilt\u00e4 ja jopa kissoilta ja koirilta. Auringonpaiste, kosteus, l\u00e4mp\u00f6: vakaa kasvihuone on erinomainen puutarhuri, joka huolehtii kasveistasi erinomaisesti. L\u00e4pin\u00e4kyv\u00e4 kalvo p\u00e4\u00e4st\u00e4\u00e4 l\u00e4pi riitt\u00e4v\u00e4sti auringonvaloa ja s\u00e4ilytt\u00e4\u00e4 lis\u00e4ksi kosteuden ja l\u00e4mm\u00f6n. Jos kasvihuoneessa kuitenkin tulee liian kuuma, voit avata oven vetoketjun ja rullata sen yl\u00f6s. N\u00e4in varmistat ihanteellisen ilmankierron.Tuotetiedot: V\u00e4ri: vihre\u00e4 Materiaali: jauhemaalatut ter\u00e4sputket, PVC Koko: 100 x 50 x 150 cm (P x L x K) Paino: 5 kg Toimitus sis\u00e4lt\u00e4\u00e4: 1 x kasvihuone 4 x U-muotoista maakiilaa 1 x ohjeet (DE, EN, FR, ES, IT) SONGMICS-ohjeet:\u00c4l\u00e4 k\u00e4yt\u00e4 painepesuria kasvihuoneen puhdistamiseen. K\u00e4yt\u00e4 sen sijaan kosteaa liinaa tai harjaa.<\/p>\n","protected":false},"excerpt":{"rendered":"<p>SONGMICS muovikasvihuone, kasvihuone, kasvihuone rullattavalla sis\u00e4\u00e4nk\u00e4ynnill\u00e4, puutarhavaja, kasvihuone, tomaattikasvihuone, vihannekset, kukat, hedelm\u00e4t, puutarha, 100 x 50 x 150 cm, valkoinen GWP15WBV1<\/p>\n","protected":false},"featured_media":40494,"comment_status":"open","ping_status":"closed","template":"","meta":[],"product_brand":[],"product_cat":[32],"product_tag":[],"class_list":{"0":"post-31330","1":"product","2":"type-product","3":"status-publish","4":"has-post-thumbnail","6":"product_cat-uncategorized-fi","8":"first","9":"instock","10":"shipping-taxable","11":"purchasable","12":"product-type-simple"},"_links":{"self":[{"href":"https:\/\/nordicmart.andreevmaster.com\/fi\/wp-json\/wp\/v2\/product\/31330","targetHints":{"allow":["GET"]}}],"collection":[{"href":"https:\/\/nordicmart.andreevmaster.com\/fi\/wp-json\/wp\/v2\/product"}],"about":[{"href":"https:\/\/nordicmart.andreevmaster.com\/fi\/wp-json\/wp\/v2\/types\/product"}],"replies":[{"embeddable":true,"href":"https:\/\/nordicmart.andreevmaster.com\/fi\/wp-json\/wp\/v2\/comments?post=31330"}],"wp:featuredmedia":[{"embeddable":true,"href":"https:\/\/nordicmart.andreevmaster.com\/fi\/wp-json\/wp\/v2\/media\/40494"}],"wp:attachment":[{"href":"https:\/\/nordicmart.andreevmaster.com\/fi\/wp-json\/wp\/v2\/media?parent=31330"}],"wp:term":[{"taxonomy":"product_brand","embeddable":true,"href":"https:\/\/nordicmart.andreevmaster.com\/fi\/wp-json\/wp\/v2\/product_brand?post=31330"},{"taxonomy":"product_cat","embeddable":true,"href":"https:\/\/nordicmart.andreevmaster.com\/fi\/wp-json\/wp\/v2\/product_cat?post=31330"},{"taxonomy":"product_tag","embeddable":true,"href":"https:\/\/nordicmart.andreevmaster.com\/fi\/wp-json\/wp\/v2\/product_tag?post=31330"}],"curies":[{"name":"wp","href":"https:\/\/api.w.org\/{rel}","templated":true}]}}