{"id":31327,"date":"2026-02-27T00:13:08","date_gmt":"2026-02-27T00:13:08","guid":{"rendered":"https:\/\/nordicmart.andreevmaster.com\/product\/songmics-muovikalvokasvihuone-vihrea\/"},"modified":"2026-02-27T09:35:58","modified_gmt":"2026-02-27T09:35:58","slug":"songmics-muovikalvokasvihuone-vihrea","status":"publish","type":"product","link":"https:\/\/nordicmart.andreevmaster.com\/fi\/tuote\/songmics-muovikalvokasvihuone-vihrea\/","title":{"rendered":"SONGMICS muovikalvokasvihuone, vihre\u00e4"},"content":{"rendered":"<p>Oman puutarhan perustaminen \u2013 n\u00e4in se onnistuu: Jos s\u00e4\u00e4 ei ole kovin suotuisa kasveillesi, hy\u00f6nteiset ja linnut ovat mets\u00e4st\u00e4m\u00e4ss\u00e4 vihreit\u00e4 herkkuja tai et ole viel\u00e4 t\u00e4ysin oppinut puutarhanhoidon saloja, hanki kotiisi t\u00e4m\u00e4 SONGMICS-puutarhavaja! Sen avulla voit suojata herk\u00e4t kasvit, kukat tai vihannekset tuulelta, sateelta, maaper\u00e4n pakkaselta, hy\u00f6nteisilt\u00e4 ja jopa kissoilta ja koirilta. Auringonpaiste, kosteus, l\u00e4mp\u00f6: vakaa kasvihuone on erinomainen puutarhuri, joka huolehtii kasveistasi erinomaisesti. L\u00e4pin\u00e4kyv\u00e4 kalvo p\u00e4\u00e4st\u00e4\u00e4 l\u00e4pi riitt\u00e4v\u00e4sti auringonvaloa ja s\u00e4ilytt\u00e4\u00e4 lis\u00e4ksi kosteuden ja l\u00e4mm\u00f6n. Jos kasvihuoneessa kuitenkin tulee liian kuuma, voit avata oven vetoketjun ja rullata sen yl\u00f6s. N\u00e4in varmistat ihanteellisen ilmankierron. Tuotetiedot: V\u00e4ri: vihre\u00e4 Materiaali: jauhemaalatut ter\u00e4sputket, 140 g\/m\u00b2 PE, rauta Koko: 143 x 73 x 195 cm (P x L x K) Paino: 6,7 kg Maks. staattinen kantavuus hyllytasoa kohti: 20 kg Toimitus sis\u00e4lt\u00e4\u00e4: 1 x kasvihuone 4 x maakiila 4 x U-muotoinen maakiila 8 x nippuside 1 x ohjeet (DE, EN, FR, ES, IT) SONGMICS-huomautukset:Tarvittaessa voit poistaa joitakin hyllytasoja. Vakauden vuoksi suosittelemme kuitenkin, ett\u00e4 et poista kaikkia tasoja. \u00c4l\u00e4 k\u00e4yt\u00e4 painepesuria kasvihuoneen puhdistamiseen. K\u00e4yt\u00e4 siihen kosteaa liinaa tai harjaa.<\/p>\n","protected":false},"excerpt":{"rendered":"<p>SONGMICS muovikasvihuone, k\u00e4velt\u00e4v\u00e4 puutarhavaja, jossa 4 hyllytasoa, kasvihuone, jossa rullattava ovi, kasvihuone, tomaattitalo, vihannekset, ulkok\u00e4ytt\u00f6\u00f6n, puutarhaan, 143 x 73 x 195 cm, vihre\u00e4 GWP11GN<\/p>\n","protected":false},"featured_media":40491,"comment_status":"open","ping_status":"closed","template":"","meta":[],"product_brand":[],"product_cat":[32],"product_tag":[],"class_list":{"0":"post-31327","1":"product","2":"type-product","3":"status-publish","4":"has-post-thumbnail","6":"product_cat-uncategorized-fi","8":"first","9":"instock","10":"shipping-taxable","11":"purchasable","12":"product-type-simple"},"_links":{"self":[{"href":"https:\/\/nordicmart.andreevmaster.com\/fi\/wp-json\/wp\/v2\/product\/31327","targetHints":{"allow":["GET"]}}],"collection":[{"href":"https:\/\/nordicmart.andreevmaster.com\/fi\/wp-json\/wp\/v2\/product"}],"about":[{"href":"https:\/\/nordicmart.andreevmaster.com\/fi\/wp-json\/wp\/v2\/types\/product"}],"replies":[{"embeddable":true,"href":"https:\/\/nordicmart.andreevmaster.com\/fi\/wp-json\/wp\/v2\/comments?post=31327"}],"wp:featuredmedia":[{"embeddable":true,"href":"https:\/\/nordicmart.andreevmaster.com\/fi\/wp-json\/wp\/v2\/media\/40491"}],"wp:attachment":[{"href":"https:\/\/nordicmart.andreevmaster.com\/fi\/wp-json\/wp\/v2\/media?parent=31327"}],"wp:term":[{"taxonomy":"product_brand","embeddable":true,"href":"https:\/\/nordicmart.andreevmaster.com\/fi\/wp-json\/wp\/v2\/product_brand?post=31327"},{"taxonomy":"product_cat","embeddable":true,"href":"https:\/\/nordicmart.andreevmaster.com\/fi\/wp-json\/wp\/v2\/product_cat?post=31327"},{"taxonomy":"product_tag","embeddable":true,"href":"https:\/\/nordicmart.andreevmaster.com\/fi\/wp-json\/wp\/v2\/product_tag?post=31327"}],"curies":[{"name":"wp","href":"https:\/\/api.w.org\/{rel}","templated":true}]}}