{"id":31325,"date":"2026-02-27T00:13:07","date_gmt":"2026-02-27T00:13:07","guid":{"rendered":"https:\/\/nordicmart.andreevmaster.com\/product\/foliedrivhus-69-x-49-x-158-cm-2\/"},"modified":"2026-02-27T09:35:57","modified_gmt":"2026-02-27T09:35:57","slug":"foliedrivhus-69-x-49-x-158-cm-2","status":"publish","type":"product","link":"https:\/\/nordicmart.andreevmaster.com\/fi\/tuote\/foliedrivhus-69-x-49-x-158-cm-2\/","title":{"rendered":"Foliedrivhus 69 x 49 x 158 cm"},"content":{"rendered":"<p>Kest\u00e4v\u00e4 foliodrivhus sopii hyvin puutarhaan ja parvekkeelle ja tarjoaa t\u00e4ydellisen suojan kasveille ymp\u00e4ri vuoden! Ne ovat optimaalisesti suojattuja tuulelta, sateelta, auringonvalolta ja lintujen aiheuttamilta vaurioilta, ja erityinen verkkokalvo edist\u00e4\u00e4 my\u00f6s kasvien kasvua optimaalisesti. Runko ja pressu antavat eritt\u00e4in vakaan vaikutelman. Tuotetiedot: &#8211; Runko: jauhemaalatut ter\u00e4sputket (\u00f8 16 mm; paksuus 0,32 mm)- Katto: PVC- Verkkoalusta: rautalanka &#8211; Mitat: 69 x 158 x 49 cm (L x K x S) &#8211; Oven mitat: 49 x 136 cm &#8211; Pohjan pinta-ala: 69 x 49 cm (noin 0,34 m\u00b2)- Nettopaino: noin 4,4 kg &#8211; V\u00e4ri: l\u00e4pin\u00e4kyv\u00e4 &#8211; Kunkin verkkopaneelin kantavuus: 15 kg Toimitus sis\u00e4lt\u00e4\u00e4: &#8211; 1 x kasvihuone (muovi, metalliputket, 4 x verkkopohja ja muut tarvikkeet) &#8211; 1 x k\u00e4ytt\u00f6ohje<\/p>\n","protected":false},"excerpt":{"rendered":"<p>Kest\u00e4v\u00e4 foliodrivhus sopii hyvin puutarhaan ja parvekkeelle ja tarjoaa t\u00e4ydellisen suojan kasveille ymp\u00e4ri vuoden! Ne ovat optimaalisesti suojattuja tuulelta, sateelta, auringonvalolta ja lintujen aiheuttamilta vaurioilta, ja erityinen verkkokalvo edist\u00e4\u00e4 my\u00f6s kasvien kasvua optimaalisesti. Runko ja pressu antavat eritt\u00e4in vakaan vaikutelman. Tuotetiedot: &#8211; Runko: jauhemaalatut ter\u00e4sputket (\u00f8 16 mm; paksuus 0,32 mm)- Katto: PVC- Verkkoalusta: rautalanka [&hellip;]<\/p>\n","protected":false},"featured_media":0,"comment_status":"open","ping_status":"closed","template":"","meta":[],"product_brand":[],"product_cat":[32],"product_tag":[],"class_list":{"0":"post-31325","1":"product","2":"type-product","3":"status-publish","5":"product_cat-uncategorized-fi","7":"first","8":"instock","9":"shipping-taxable","10":"product-type-simple"},"_links":{"self":[{"href":"https:\/\/nordicmart.andreevmaster.com\/fi\/wp-json\/wp\/v2\/product\/31325","targetHints":{"allow":["GET"]}}],"collection":[{"href":"https:\/\/nordicmart.andreevmaster.com\/fi\/wp-json\/wp\/v2\/product"}],"about":[{"href":"https:\/\/nordicmart.andreevmaster.com\/fi\/wp-json\/wp\/v2\/types\/product"}],"replies":[{"embeddable":true,"href":"https:\/\/nordicmart.andreevmaster.com\/fi\/wp-json\/wp\/v2\/comments?post=31325"}],"wp:attachment":[{"href":"https:\/\/nordicmart.andreevmaster.com\/fi\/wp-json\/wp\/v2\/media?parent=31325"}],"wp:term":[{"taxonomy":"product_brand","embeddable":true,"href":"https:\/\/nordicmart.andreevmaster.com\/fi\/wp-json\/wp\/v2\/product_brand?post=31325"},{"taxonomy":"product_cat","embeddable":true,"href":"https:\/\/nordicmart.andreevmaster.com\/fi\/wp-json\/wp\/v2\/product_cat?post=31325"},{"taxonomy":"product_tag","embeddable":true,"href":"https:\/\/nordicmart.andreevmaster.com\/fi\/wp-json\/wp\/v2\/product_tag?post=31325"}],"curies":[{"name":"wp","href":"https:\/\/api.w.org\/{rel}","templated":true}]}}