{"id":31324,"date":"2026-02-27T00:13:07","date_gmt":"2026-02-27T00:13:07","guid":{"rendered":"https:\/\/nordicmart.andreevmaster.com\/product\/songmics-muovikasvihuone-69-x-49-x-158-cm\/"},"modified":"2026-02-27T09:35:57","modified_gmt":"2026-02-27T09:35:57","slug":"songmics-muovikasvihuone-69-x-49-x-158-cm","status":"publish","type":"product","link":"https:\/\/nordicmart.andreevmaster.com\/fi\/tuote\/songmics-muovikasvihuone-69-x-49-x-158-cm\/","title":{"rendered":"SONGMICS muovikasvihuone 69 x 49 x 158 cm"},"content":{"rendered":"<p>Kest\u00e4v\u00e4 muovikasvihuone sopii hyvin puutarhaan ja parvekkeelle ja tarjoaa t\u00e4ydellisen suojan kasveille kaikkina vuodenaikoina! Kasvit ovat optimaalisesti suojattu tuulelta, sateelta, auringonvalolta ja lintujen aiheuttamilta vahingoilta, ja erityinen verkkomuovi edist\u00e4\u00e4 kasvien kasvua optimaalisesti. Runko ja peite vaikuttavat eritt\u00e4in vakaalta. Rep\u00e4isyluja PE-verkko, eritt\u00e4in kulutusta kest\u00e4v\u00e4, kest\u00e4v\u00e4 ja pakkasenkest\u00e4v\u00e4. Kes\u00e4ll\u00e4, kun telinett\u00e4 ei k\u00e4ytet\u00e4, verkkomateriaalin voi irrottaa, pest\u00e4 vedell\u00e4 ja s\u00e4ilytt\u00e4\u00e4 huolellisesti. Tuotetiedot: &#8211; Runko: jauhemaalatut ter\u00e4sputket (\u00f8 16 mm; paksuus 0,32 mm) &#8211; Verhoilu: PE-verkkomateriaali (140 g\/m\u00b2) &#8211; Verkon alusta: rautalanka &#8211; Mitat: 69 x 49 x 158 cm &#8211; Pohjapinta-ala: 69 x 49 cm (noin 0,34 m\u00b2) &#8211; Oven mitat: 49 x 136 cm &#8211; Nettopaino: 4,4 kg &#8211; V\u00e4ri: vihre\u00e4 &#8211; Kunkin silm\u00e4levyn kantavuus: 15 kg Toimitus sis\u00e4lt\u00e4\u00e4:- 1 x kasvihuone (kalvo, metalliputket, 4 x verkkopohja ja muut tarvikkeet) &#8211; 1 x ohjeet<\/p>\n","protected":false},"excerpt":{"rendered":"<p>SONGMICS muovikalvokasvihuone kasvihuone tomaattikasvihuone kasvatuskasvihuone, jossa on ritil\u00e4peite saapaskaappi 4 kerrosta 69 x 49 x 158 cm GWP04L<\/p>\n","protected":false},"featured_media":40489,"comment_status":"open","ping_status":"closed","template":"","meta":[],"product_brand":[],"product_cat":[32],"product_tag":[],"class_list":{"0":"post-31324","1":"product","2":"type-product","3":"status-publish","4":"has-post-thumbnail","6":"product_cat-uncategorized-fi","8":"first","9":"instock","10":"shipping-taxable","11":"purchasable","12":"product-type-simple"},"_links":{"self":[{"href":"https:\/\/nordicmart.andreevmaster.com\/fi\/wp-json\/wp\/v2\/product\/31324","targetHints":{"allow":["GET"]}}],"collection":[{"href":"https:\/\/nordicmart.andreevmaster.com\/fi\/wp-json\/wp\/v2\/product"}],"about":[{"href":"https:\/\/nordicmart.andreevmaster.com\/fi\/wp-json\/wp\/v2\/types\/product"}],"replies":[{"embeddable":true,"href":"https:\/\/nordicmart.andreevmaster.com\/fi\/wp-json\/wp\/v2\/comments?post=31324"}],"wp:featuredmedia":[{"embeddable":true,"href":"https:\/\/nordicmart.andreevmaster.com\/fi\/wp-json\/wp\/v2\/media\/40489"}],"wp:attachment":[{"href":"https:\/\/nordicmart.andreevmaster.com\/fi\/wp-json\/wp\/v2\/media?parent=31324"}],"wp:term":[{"taxonomy":"product_brand","embeddable":true,"href":"https:\/\/nordicmart.andreevmaster.com\/fi\/wp-json\/wp\/v2\/product_brand?post=31324"},{"taxonomy":"product_cat","embeddable":true,"href":"https:\/\/nordicmart.andreevmaster.com\/fi\/wp-json\/wp\/v2\/product_cat?post=31324"},{"taxonomy":"product_tag","embeddable":true,"href":"https:\/\/nordicmart.andreevmaster.com\/fi\/wp-json\/wp\/v2\/product_tag?post=31324"}],"curies":[{"name":"wp","href":"https:\/\/api.w.org\/{rel}","templated":true}]}}