{"id":31322,"date":"2026-02-27T00:13:07","date_gmt":"2026-02-27T00:13:07","guid":{"rendered":"https:\/\/nordicmart.andreevmaster.com\/product\/songmics-muovikasvihuone-69-x-49-x-125-cm\/"},"modified":"2026-02-27T09:35:57","modified_gmt":"2026-02-27T09:35:57","slug":"songmics-muovikasvihuone-69-x-49-x-125-cm","status":"publish","type":"product","link":"https:\/\/nordicmart.andreevmaster.com\/fi\/tuote\/songmics-muovikasvihuone-69-x-49-x-125-cm\/","title":{"rendered":"SONGMICS muovikasvihuone 69 x 49 x 125 cm"},"content":{"rendered":"<p>Oman puutarhan perustaminen \u2013 n\u00e4in helppoa se on Jos et viel\u00e4 ole t\u00e4ysin perehtynyt puutarhanhoitoon, muovikalvokasvihuone on erinomainen apulainen, joka huolehtii kasveistasi erinomaisesti. Kalvo p\u00e4\u00e4st\u00e4\u00e4 l\u00e4pi riitt\u00e4v\u00e4sti auringonvaloa ja lis\u00e4ksi se varastoi kosteutta ja l\u00e4mp\u00f6\u00e4, mik\u00e4 auttaa kasvejasi selvi\u00e4m\u00e4\u00e4n talvesta ja kukoistamaan kev\u00e4\u00e4ll\u00e4. Sopii kaikkialle T\u00e4m\u00e4 puutarhavaja vie vain v\u00e4h\u00e4n tilaa (69 x 49 cm) ja on t\u00e4ydellinen lis\u00e4 puutarhaan tai parvekkeelle. Jotta kasvisi saisivat viel\u00e4 l\u00e4mpim\u00e4mm\u00e4n kasvuymp\u00e4rist\u00f6n, voit k\u00e4ytt\u00e4\u00e4 t\u00e4t\u00e4 kasvihuonetta my\u00f6s sis\u00e4tiloissa. Pitk\u00e4n k\u00e4ytt\u00f6i\u00e4n salaisuus Oletko huomannut vihre\u00e4n ristikon 140 g\/m\u00b2 PE-kalvon sis\u00e4ll\u00e4? Se vahvistaa kest\u00e4v\u00e4n peitteen rakennetta. N\u00e4in kasvisi ovat hyvin suojattuja pitk\u00e4\u00e4n. Tuotetiedot: &#8211; V\u00e4ri: vihre\u00e4 &#8211; Materiaali: jauhemaalatut ter\u00e4sputket, 140 g\/m\u00b2 PE-peite, rautaristikko, PP-muoviset liitoskappaleet &#8211; Koko: 69 x 49 x 125 cm (P x L x K) &#8211; Paino: 4 kg &#8211; Maks. staattinen kantavuus hyllytasoa kohti: 15 kg Toimitus sis\u00e4lt\u00e4\u00e4: &#8211; 1 x kasvihuone &#8211; 1 x ohjeet (DE, EN, FR, ES, IT)<\/p>\n","protected":false},"excerpt":{"rendered":"<p>SONGMICS muovikasvihuone kasvihuone tomaattikasvihuone kasvatuskasvihuone, jossa on ritil\u00e4peite saapaskaappi 3 kerrosta 69 x 49 x 125 cm GWP03L<\/p>\n","protected":false},"featured_media":40487,"comment_status":"open","ping_status":"closed","template":"","meta":[],"product_brand":[],"product_cat":[32],"product_tag":[],"class_list":{"0":"post-31322","1":"product","2":"type-product","3":"status-publish","4":"has-post-thumbnail","6":"product_cat-uncategorized-fi","8":"first","9":"instock","10":"shipping-taxable","11":"purchasable","12":"product-type-simple"},"_links":{"self":[{"href":"https:\/\/nordicmart.andreevmaster.com\/fi\/wp-json\/wp\/v2\/product\/31322","targetHints":{"allow":["GET"]}}],"collection":[{"href":"https:\/\/nordicmart.andreevmaster.com\/fi\/wp-json\/wp\/v2\/product"}],"about":[{"href":"https:\/\/nordicmart.andreevmaster.com\/fi\/wp-json\/wp\/v2\/types\/product"}],"replies":[{"embeddable":true,"href":"https:\/\/nordicmart.andreevmaster.com\/fi\/wp-json\/wp\/v2\/comments?post=31322"}],"wp:featuredmedia":[{"embeddable":true,"href":"https:\/\/nordicmart.andreevmaster.com\/fi\/wp-json\/wp\/v2\/media\/40487"}],"wp:attachment":[{"href":"https:\/\/nordicmart.andreevmaster.com\/fi\/wp-json\/wp\/v2\/media?parent=31322"}],"wp:term":[{"taxonomy":"product_brand","embeddable":true,"href":"https:\/\/nordicmart.andreevmaster.com\/fi\/wp-json\/wp\/v2\/product_brand?post=31322"},{"taxonomy":"product_cat","embeddable":true,"href":"https:\/\/nordicmart.andreevmaster.com\/fi\/wp-json\/wp\/v2\/product_cat?post=31322"},{"taxonomy":"product_tag","embeddable":true,"href":"https:\/\/nordicmart.andreevmaster.com\/fi\/wp-json\/wp\/v2\/product_tag?post=31322"}],"curies":[{"name":"wp","href":"https:\/\/api.w.org\/{rel}","templated":true}]}}