{"id":31320,"date":"2026-02-27T00:13:06","date_gmt":"2026-02-27T00:13:06","guid":{"rendered":"https:\/\/nordicmart.andreevmaster.com\/product\/songmics-kalvokasvihuone\/"},"modified":"2026-02-27T09:35:57","modified_gmt":"2026-02-27T09:35:57","slug":"songmics-kalvokasvihuone","status":"publish","type":"product","link":"https:\/\/nordicmart.andreevmaster.com\/fi\/tuote\/songmics-kalvokasvihuone\/","title":{"rendered":"SONGMICS kalvokasvihuone"},"content":{"rendered":"<p>Miksi sinun pit\u00e4isi hankkia kasvihuone?: Haluatko kylv\u00e4\u00e4 siemeni\u00e4 tai kasvattaa suosikkikukkia talvella? T\u00e4m\u00e4n kasvihuoneen avulla voit luoda l\u00e4mpim\u00e4n ja turvallisen paratiisin kasveillesi \u2013 v\u00e4ltt\u00e4m\u00e4t\u00f6n hankinta kaikille puutarhan yst\u00e4ville. Hedelm\u00e4t, vihannekset, kukat, kasvit: Kooltaan 300 x 200 x 200 cm, t\u00e4m\u00e4 kasvihuone on paratiisi kaikille kasveille. Voit jakaa sen eri alueisiin, yksi suosikkivihanneksillesi, kuten tomaateille ja salaatille, yksi herkullisille hedelmille, kuten viiniryp\u00e4leille ja mansikoille, ja yksi muille kasveille ja kukille. T\u00e4m\u00e4n kasvihuoneen avulla puutarhasi pysyy kauniina my\u00f6s talvella! Tuotetiedot: V\u00e4ri: vihre\u00e4 Materiaali: ter\u00e4s, PE Koko: 300 x 200 x 200 cm (P x L x K) Paino: 22 kg Toimitus sis\u00e4lt\u00e4\u00e4: 1 x kasvihuone 4 x maakiila 1 x lis\u00e4varustepaketti 1 x ohjeet (DE, EN, FR, ES, IT)<\/p>\n","protected":false},"excerpt":{"rendered":"<p>SONGMICS kalvokasvihuone, 300 x 200 x 200 cm, kasvihuone, k\u00e4velt\u00e4v\u00e4 puutarhavaja, kasvihuone ovella, maakiinnikkeet, 6 ikkunaa, tomaattitalo, vihannekset, ulkok\u00e4ytt\u00f6, puutarha, valkoinen GWP032W01<\/p>\n","protected":false},"featured_media":40485,"comment_status":"open","ping_status":"closed","template":"","meta":[],"product_brand":[],"product_cat":[32],"product_tag":[],"class_list":{"0":"post-31320","1":"product","2":"type-product","3":"status-publish","4":"has-post-thumbnail","6":"product_cat-uncategorized-fi","8":"first","9":"instock","10":"shipping-taxable","11":"purchasable","12":"product-type-simple"},"_links":{"self":[{"href":"https:\/\/nordicmart.andreevmaster.com\/fi\/wp-json\/wp\/v2\/product\/31320","targetHints":{"allow":["GET"]}}],"collection":[{"href":"https:\/\/nordicmart.andreevmaster.com\/fi\/wp-json\/wp\/v2\/product"}],"about":[{"href":"https:\/\/nordicmart.andreevmaster.com\/fi\/wp-json\/wp\/v2\/types\/product"}],"replies":[{"embeddable":true,"href":"https:\/\/nordicmart.andreevmaster.com\/fi\/wp-json\/wp\/v2\/comments?post=31320"}],"wp:featuredmedia":[{"embeddable":true,"href":"https:\/\/nordicmart.andreevmaster.com\/fi\/wp-json\/wp\/v2\/media\/40485"}],"wp:attachment":[{"href":"https:\/\/nordicmart.andreevmaster.com\/fi\/wp-json\/wp\/v2\/media?parent=31320"}],"wp:term":[{"taxonomy":"product_brand","embeddable":true,"href":"https:\/\/nordicmart.andreevmaster.com\/fi\/wp-json\/wp\/v2\/product_brand?post=31320"},{"taxonomy":"product_cat","embeddable":true,"href":"https:\/\/nordicmart.andreevmaster.com\/fi\/wp-json\/wp\/v2\/product_cat?post=31320"},{"taxonomy":"product_tag","embeddable":true,"href":"https:\/\/nordicmart.andreevmaster.com\/fi\/wp-json\/wp\/v2\/product_tag?post=31320"}],"curies":[{"name":"wp","href":"https:\/\/api.w.org\/{rel}","templated":true}]}}