{"id":31318,"date":"2026-02-27T00:13:06","date_gmt":"2026-02-27T00:13:06","guid":{"rendered":"https:\/\/nordicmart.andreevmaster.com\/product\/songmics-muovikasvihuone-vihrea\/"},"modified":"2026-02-27T09:35:56","modified_gmt":"2026-02-27T09:35:56","slug":"songmics-muovikasvihuone-vihrea","status":"publish","type":"product","link":"https:\/\/nordicmart.andreevmaster.com\/fi\/tuote\/songmics-muovikasvihuone-vihrea\/","title":{"rendered":"SONGMICS muovikasvihuone, vihre\u00e4"},"content":{"rendered":"<p>Miksi sinun pit\u00e4isi hankkia kasvihuone? Haluatko kylv\u00e4\u00e4 siemeni\u00e4 tai kasvattaa suosikkikukkia talvella? T\u00e4m\u00e4n kasvihuoneen avulla voit luoda l\u00e4mpim\u00e4n ja turvallisen paratiisin kasveillesi \u2013 v\u00e4ltt\u00e4m\u00e4t\u00f6n hankinta kaikille puutarhan yst\u00e4ville. Hedelm\u00e4t, vihannekset, kukat, kasvit Kooltaan 250 x 200 x 200 cm, t\u00e4m\u00e4 kasvihuone luo paratiisin kaikille kasveille. Voit jakaa sen eri alueisiin, yhden suosikkivihanneksillesi, kuten tomaateille ja salaatille, toisen herkullisille hedelmille, kuten viiniryp\u00e4leille ja mansikoille, ja kolmannen muille kasveille ja kukille. T\u00e4m\u00e4n kasvihuoneen avulla puutarhasi pysyy kauniina my\u00f6s talvella! Tuotetiedot:- V\u00e4ri: vihre\u00e4 &#8211; Materiaali: ter\u00e4s, PE &#8211; Koko: 250 x 200 x 200 cm (P x L x K) &#8211; Paino: 19 kg Toimitus sis\u00e4lt\u00e4\u00e4: &#8211; 1 x kasvihuone &#8211; 4 x maakiila &#8211; 1 x lis\u00e4varustepaketti &#8211; 1 x ohjeet (DE, EN, FR, ES, IT)<\/p>\n","protected":false},"excerpt":{"rendered":"<p>SONGMICS muovikalvokasvihuone, kasvihuone, k\u00e4velt\u00e4v\u00e4 puutarhavaja, 250 x 200 x 200 cm, kasvihuone ovella, 4 ikkunaa, tomaattikasvihuone, maakiilat, ulkok\u00e4ytt\u00f6\u00f6n, puutarha, vihre\u00e4 GWP022C01<\/p>\n","protected":false},"featured_media":40483,"comment_status":"open","ping_status":"closed","template":"","meta":[],"product_brand":[],"product_cat":[32],"product_tag":[],"class_list":{"0":"post-31318","1":"product","2":"type-product","3":"status-publish","4":"has-post-thumbnail","6":"product_cat-uncategorized-fi","8":"first","9":"instock","10":"shipping-taxable","11":"purchasable","12":"product-type-simple"},"_links":{"self":[{"href":"https:\/\/nordicmart.andreevmaster.com\/fi\/wp-json\/wp\/v2\/product\/31318","targetHints":{"allow":["GET"]}}],"collection":[{"href":"https:\/\/nordicmart.andreevmaster.com\/fi\/wp-json\/wp\/v2\/product"}],"about":[{"href":"https:\/\/nordicmart.andreevmaster.com\/fi\/wp-json\/wp\/v2\/types\/product"}],"replies":[{"embeddable":true,"href":"https:\/\/nordicmart.andreevmaster.com\/fi\/wp-json\/wp\/v2\/comments?post=31318"}],"wp:featuredmedia":[{"embeddable":true,"href":"https:\/\/nordicmart.andreevmaster.com\/fi\/wp-json\/wp\/v2\/media\/40483"}],"wp:attachment":[{"href":"https:\/\/nordicmart.andreevmaster.com\/fi\/wp-json\/wp\/v2\/media?parent=31318"}],"wp:term":[{"taxonomy":"product_brand","embeddable":true,"href":"https:\/\/nordicmart.andreevmaster.com\/fi\/wp-json\/wp\/v2\/product_brand?post=31318"},{"taxonomy":"product_cat","embeddable":true,"href":"https:\/\/nordicmart.andreevmaster.com\/fi\/wp-json\/wp\/v2\/product_cat?post=31318"},{"taxonomy":"product_tag","embeddable":true,"href":"https:\/\/nordicmart.andreevmaster.com\/fi\/wp-json\/wp\/v2\/product_tag?post=31318"}],"curies":[{"name":"wp","href":"https:\/\/api.w.org\/{rel}","templated":true}]}}