{"id":31317,"date":"2026-02-27T00:13:06","date_gmt":"2026-02-27T00:13:06","guid":{"rendered":"https:\/\/nordicmart.andreevmaster.com\/product\/songmics-musta-rikkaruohomatto-uv-kestava\/"},"modified":"2026-02-27T09:35:56","modified_gmt":"2026-02-27T09:35:56","slug":"songmics-musta-rikkaruohomatto-uv-kestava","status":"publish","type":"product","link":"https:\/\/nordicmart.andreevmaster.com\/fi\/tuote\/songmics-musta-rikkaruohomatto-uv-kestava\/","title":{"rendered":"SONGMICS Musta rikkaruohomatto UV-kest\u00e4v\u00e4"},"content":{"rendered":"<p>LOPETA TEATTERI: Rikkakasvien torjunta ilman kemikaaleja ei tarkoita, ett\u00e4 sinun t\u00e4ytyy palata kivikaudelle. Eik\u00e4 sinun tarvitse kumartua pitk\u00e4\u00e4n kukkapenkkiisi ja kitke\u00e4 rikkaruohoja. T\u00e4m\u00e4 rikkakasvien torjuntakangas on edistyksellinen liittolaisesi taistelussa \u00e4rsytt\u00e4vi\u00e4 kasveja vastaan. Levit\u00e4 t\u00e4m\u00e4 100 g\/m\u00b2 PP:st\u00e4 valmistettu ja UV-stabiloitu kalvo maaper\u00e4n p\u00e4\u00e4lle ennen kukkien tai vihannesten istuttamista. Kangas est\u00e4\u00e4 auringon s\u00e4teiden p\u00e4\u00e4syn rikkaruohoihin, jotka tarvitsevat niit\u00e4 kasvaakseen maasta. Nyt sinun ei en\u00e4\u00e4 tarvitse \u00e4rsyynty\u00e4 ei-toivotuista kiusankappaleista! MAAPER\u00c4 PYSYY KAUNIINA JA KOSTEANA: Puutarhakanka ei vain torju rikkaruohoja. Kangas on my\u00f6s hengitt\u00e4v\u00e4 ja vett\u00e4 l\u00e4p\u00e4isev\u00e4, joten sade voi virrata sen l\u00e4pi ongelmitta. Lis\u00e4ksi kangas s\u00e4\u00e4telee maaper\u00e4n kosteutta, jotta kasvisi kasvavat tervein\u00e4 ja voimakkaina. Tuotetiedot: V\u00e4ri: musta Materiaali: 100 g\/m\u00b2 PP (polypropeeni), UV-stabilointiaine Koko: 1 m x 50 m (leveys x pituus) Paino: 6 kg Toimitus sis\u00e4lt\u00e4\u00e4: 1 x puutarhakangas 10 x maakiinnike<\/p>\n","protected":false},"excerpt":{"rendered":"<p>SONGMICS rikkaruohosuoja 50 m\u00b2 (1 m x 50 m), puutarhakanka 100 g\/m\u00b2 PP (polyproyleeni), rikkaruohokalvo, puutarha, kukkapenkki, rikkaruohoton, eritt\u00e4in kest\u00e4v\u00e4, vett\u00e4 l\u00e4p\u00e4isev\u00e4, UV-kest\u00e4v\u00e4, musta GWF51BKV1<\/p>\n","protected":false},"featured_media":40482,"comment_status":"open","ping_status":"closed","template":"","meta":[],"product_brand":[],"product_cat":[32],"product_tag":[],"class_list":{"0":"post-31317","1":"product","2":"type-product","3":"status-publish","4":"has-post-thumbnail","6":"product_cat-uncategorized-fi","8":"first","9":"instock","10":"shipping-taxable","11":"purchasable","12":"product-type-simple"},"_links":{"self":[{"href":"https:\/\/nordicmart.andreevmaster.com\/fi\/wp-json\/wp\/v2\/product\/31317","targetHints":{"allow":["GET"]}}],"collection":[{"href":"https:\/\/nordicmart.andreevmaster.com\/fi\/wp-json\/wp\/v2\/product"}],"about":[{"href":"https:\/\/nordicmart.andreevmaster.com\/fi\/wp-json\/wp\/v2\/types\/product"}],"replies":[{"embeddable":true,"href":"https:\/\/nordicmart.andreevmaster.com\/fi\/wp-json\/wp\/v2\/comments?post=31317"}],"wp:featuredmedia":[{"embeddable":true,"href":"https:\/\/nordicmart.andreevmaster.com\/fi\/wp-json\/wp\/v2\/media\/40482"}],"wp:attachment":[{"href":"https:\/\/nordicmart.andreevmaster.com\/fi\/wp-json\/wp\/v2\/media?parent=31317"}],"wp:term":[{"taxonomy":"product_brand","embeddable":true,"href":"https:\/\/nordicmart.andreevmaster.com\/fi\/wp-json\/wp\/v2\/product_brand?post=31317"},{"taxonomy":"product_cat","embeddable":true,"href":"https:\/\/nordicmart.andreevmaster.com\/fi\/wp-json\/wp\/v2\/product_cat?post=31317"},{"taxonomy":"product_tag","embeddable":true,"href":"https:\/\/nordicmart.andreevmaster.com\/fi\/wp-json\/wp\/v2\/product_tag?post=31317"}],"curies":[{"name":"wp","href":"https:\/\/api.w.org\/{rel}","templated":true}]}}