{"id":31311,"date":"2026-02-27T00:13:04","date_gmt":"2026-02-27T00:13:04","guid":{"rendered":"https:\/\/nordicmart.andreevmaster.com\/product\/musta-rikkakasvien-torjuntafleece-rikkakasvien-torjuntakalvo-50-m%c2%b2-1-m-x-50-m\/"},"modified":"2026-02-27T09:35:55","modified_gmt":"2026-02-27T09:35:55","slug":"musta-rikkakasvien-torjuntafleece-rikkakasvien-torjuntakalvo-50-m%c2%b2-1-m-x-50-m","status":"publish","type":"product","link":"https:\/\/nordicmart.andreevmaster.com\/fi\/tuote\/musta-rikkakasvien-torjuntafleece-rikkakasvien-torjuntakalvo-50-m%c2%b2-1-m-x-50-m\/","title":{"rendered":"Musta rikkakasvien torjuntafleece rikkakasvien torjuntakalvo 50 m\u00b2 (1 m x 50 m)"},"content":{"rendered":"<p>TEATERET ER SLUT: Rikkakasvien torjunta ilman kemikaaleja ei tarkoita, ett\u00e4 sinun pit\u00e4isi palata kivikaudelle. Sinun ei ainakaan tarvitse kumartua s\u00e4nkyjen yli ja poimia rikkaruohoja pitk\u00e4\u00e4n. T\u00e4m\u00e4 rikkakasvien torjuntafleece on edistyksellinen liittolaisesi taistelussa pieni\u00e4, \u00e4rsytt\u00e4vi\u00e4 kasveja vastaan. Aseta t\u00e4m\u00e4 50 g\/m\u00b2:n PP-kalvo, jossa on UV-stabilisaattori, maaper\u00e4n p\u00e4\u00e4lle ennen kuin istutat kukkia tai vihanneksia. Fleece torjuu auringon s\u00e4teet, joita rikkaruohot tarvitsevat kasvaakseen maaper\u00e4st\u00e4. Nyt sinun ei en\u00e4\u00e4 tarvitse huolehtia ei-toivotuista, \u00e4rsytt\u00e4vist\u00e4 rikkaruohoista! MAAPER\u00c4 PYSYY MIELLYTT\u00c4V\u00c4N KOSTEANA: Puutarhapeite ei vain pid\u00e4 rikkaruohot loitolla. Kalvo on my\u00f6s hengitt\u00e4v\u00e4 ja vett\u00e4 l\u00e4p\u00e4isev\u00e4, joten sade voi virrata sen l\u00e4pi ongelmitta. Peite s\u00e4\u00e4telee my\u00f6s maaper\u00e4n kosteutta, jotta kasvisi kasvavat tervein\u00e4 ja vahvoina. Tuotetiedot: V\u00e4ri: Musta Materiaali: 50 g\/m\u00b2 PP (polypropeeni), UV-stabilisaattori Koko: 1 m x 50 m (L x P) Paino: 5,2 kg Toimitus sis\u00e4lt\u00e4\u00e4: 1 x puutarhapeite 10 x maakiinnike<\/p>\n","protected":false},"excerpt":{"rendered":"<p>TEATERET ER SLUT: Rikkakasvien torjunta ilman kemikaaleja ei tarkoita, ett\u00e4 sinun pit\u00e4isi palata kivikaudelle. Sinun ei ainakaan tarvitse kumartua s\u00e4nkyjen yli ja poimia rikkaruohoja pitk\u00e4\u00e4n. T\u00e4m\u00e4 rikkakasvien torjuntafleece on edistyksellinen liittolaisesi taistelussa pieni\u00e4, \u00e4rsytt\u00e4vi\u00e4 kasveja vastaan. Aseta t\u00e4m\u00e4 50 g\/m\u00b2:n PP-kalvo, jossa on UV-stabilisaattori, maaper\u00e4n p\u00e4\u00e4lle ennen kuin istutat kukkia tai vihanneksia. Fleece torjuu auringon [&hellip;]<\/p>\n","protected":false},"featured_media":0,"comment_status":"open","ping_status":"closed","template":"","meta":[],"product_brand":[],"product_cat":[32],"product_tag":[],"class_list":{"0":"post-31311","1":"product","2":"type-product","3":"status-publish","5":"product_cat-uncategorized-fi","7":"first","8":"instock","9":"shipping-taxable","10":"product-type-simple"},"_links":{"self":[{"href":"https:\/\/nordicmart.andreevmaster.com\/fi\/wp-json\/wp\/v2\/product\/31311","targetHints":{"allow":["GET"]}}],"collection":[{"href":"https:\/\/nordicmart.andreevmaster.com\/fi\/wp-json\/wp\/v2\/product"}],"about":[{"href":"https:\/\/nordicmart.andreevmaster.com\/fi\/wp-json\/wp\/v2\/types\/product"}],"replies":[{"embeddable":true,"href":"https:\/\/nordicmart.andreevmaster.com\/fi\/wp-json\/wp\/v2\/comments?post=31311"}],"wp:attachment":[{"href":"https:\/\/nordicmart.andreevmaster.com\/fi\/wp-json\/wp\/v2\/media?parent=31311"}],"wp:term":[{"taxonomy":"product_brand","embeddable":true,"href":"https:\/\/nordicmart.andreevmaster.com\/fi\/wp-json\/wp\/v2\/product_brand?post=31311"},{"taxonomy":"product_cat","embeddable":true,"href":"https:\/\/nordicmart.andreevmaster.com\/fi\/wp-json\/wp\/v2\/product_cat?post=31311"},{"taxonomy":"product_tag","embeddable":true,"href":"https:\/\/nordicmart.andreevmaster.com\/fi\/wp-json\/wp\/v2\/product_tag?post=31311"}],"curies":[{"name":"wp","href":"https:\/\/api.w.org\/{rel}","templated":true}]}}