{"id":31310,"date":"2026-02-27T00:13:04","date_gmt":"2026-02-27T00:13:04","guid":{"rendered":"https:\/\/nordicmart.andreevmaster.com\/product\/songmics-275-x-90-cm-katos\/"},"modified":"2026-02-27T09:35:55","modified_gmt":"2026-02-27T09:35:55","slug":"songmics-275-x-90-cm-katos","status":"publish","type":"product","link":"https:\/\/nordicmart.andreevmaster.com\/fi\/tuote\/songmics-275-x-90-cm-katos\/","title":{"rendered":"SONGMICS 275 x 90 cm katos"},"content":{"rendered":"<p>T\u00e4m\u00e4n SONGMICS-ovikatoksen ansiosta sinun ei en\u00e4\u00e4 tarvitse seist\u00e4 sateessa. Katos on valmistettu 5 mm:n paksuisesta j\u00e4yk\u00e4st\u00e4 polykarbonaatista. Se on vahva ja kest\u00e4v\u00e4 ja p\u00e4\u00e4st\u00e4\u00e4 l\u00e4pi erinomaisesti luonnonvaloa ilman liikaa sateen melua. Sen rakenne on vankka ja vakaa, mik\u00e4 lis\u00e4\u00e4 sen lujuutta ja parantaa s\u00e4\u00e4nkest\u00e4vyytt\u00e4. Katos on helppo koota ja puhdistaa, pyyhi se vain liinalla. Laajennettavan rakenteensa ansiosta voit ottaa useita katoksia ja koota ne yhteen. T\u00e4m\u00e4 ovikatoks on ihanteellinen valinta oville, ikkunoille, terasseille ja muille&#8230; Tekniset tiedot: &#8211; V\u00e4ri: l\u00e4pin\u00e4kyv\u00e4, harmaa &#8211; Materiaali: polykarbonaattikatoks, PPO-muovikiinnikkeet, alumiiniset etu- ja takareunat &#8211; Tuotteen koko: 275 x 90 x 30 cm (P x L x K) &#8211; Paneelin paksuus: 5 mm &#8211; Tuotteen paino: 8,5 kg Pakkauksen sis\u00e4lt\u00f6: &#8211; 1 x katossarja (3 paneelia, 4 kiinnikett\u00e4, 6 alumiinireunaa) &#8211; 1 x asennussarja &#8211; 1 x ohjeet (EN, DE, FR, IT, ES) SONGMICS Huomautukset: &#8211; Etureuna on 5 cm alempana kuin kiinnikkeen alaosa. Huomaa, ett\u00e4 reiki\u00e4 ei saa porata liian alas, jotta ovi voi avautua. &#8211; Kiinnikkeet on asennettava vaakasuoraan. &#8211; Vesivuotojen v\u00e4ltt\u00e4miseksi on suositeltavaa tiivist\u00e4\u00e4 katoksen ja takasein\u00e4n liitoskohta silikonitiivisteell\u00e4 (ei sis\u00e4lly toimitukseen). &#8211; Puhdista ensin pinta, johon katos asennetaan. &#8211; Ruuvit ja pultit toimitetaan tuotteen kiinnitt\u00e4miseksi kiinteisiin betoni- tai sementtiseiniin. Seinien erilaisuuden vuoksi hanki ensin rautakaupasta sopivat ruuvit ja ankkurit.<\/p>\n","protected":false},"excerpt":{"rendered":"<p>SONGMICS 275 x 90 cm katos, ovikatos, katos, etuovikatos, l\u00e4pin\u00e4kyv\u00e4-harmaa GVH279<\/p>\n","protected":false},"featured_media":40478,"comment_status":"open","ping_status":"closed","template":"","meta":[],"product_brand":[],"product_cat":[32],"product_tag":[],"class_list":{"0":"post-31310","1":"product","2":"type-product","3":"status-publish","4":"has-post-thumbnail","6":"product_cat-uncategorized-fi","8":"first","9":"instock","10":"shipping-taxable","11":"purchasable","12":"product-type-simple"},"_links":{"self":[{"href":"https:\/\/nordicmart.andreevmaster.com\/fi\/wp-json\/wp\/v2\/product\/31310","targetHints":{"allow":["GET"]}}],"collection":[{"href":"https:\/\/nordicmart.andreevmaster.com\/fi\/wp-json\/wp\/v2\/product"}],"about":[{"href":"https:\/\/nordicmart.andreevmaster.com\/fi\/wp-json\/wp\/v2\/types\/product"}],"replies":[{"embeddable":true,"href":"https:\/\/nordicmart.andreevmaster.com\/fi\/wp-json\/wp\/v2\/comments?post=31310"}],"wp:featuredmedia":[{"embeddable":true,"href":"https:\/\/nordicmart.andreevmaster.com\/fi\/wp-json\/wp\/v2\/media\/40478"}],"wp:attachment":[{"href":"https:\/\/nordicmart.andreevmaster.com\/fi\/wp-json\/wp\/v2\/media?parent=31310"}],"wp:term":[{"taxonomy":"product_brand","embeddable":true,"href":"https:\/\/nordicmart.andreevmaster.com\/fi\/wp-json\/wp\/v2\/product_brand?post=31310"},{"taxonomy":"product_cat","embeddable":true,"href":"https:\/\/nordicmart.andreevmaster.com\/fi\/wp-json\/wp\/v2\/product_cat?post=31310"},{"taxonomy":"product_tag","embeddable":true,"href":"https:\/\/nordicmart.andreevmaster.com\/fi\/wp-json\/wp\/v2\/product_tag?post=31310"}],"curies":[{"name":"wp","href":"https:\/\/api.w.org\/{rel}","templated":true}]}}