{"id":31309,"date":"2026-02-27T00:13:04","date_gmt":"2026-02-27T00:13:04","guid":{"rendered":"https:\/\/nordicmart.andreevmaster.com\/product\/songmics-katos-195-x-96-cm-lapinakyva-harmaa\/"},"modified":"2026-02-27T09:35:55","modified_gmt":"2026-02-27T09:35:55","slug":"songmics-katos-195-x-96-cm-lapinakyva-harmaa","status":"publish","type":"product","link":"https:\/\/nordicmart.andreevmaster.com\/fi\/tuote\/songmics-katos-195-x-96-cm-lapinakyva-harmaa\/","title":{"rendered":"SONGMICS katos 195 x 96 cm l\u00e4pin\u00e4kyv\u00e4-harmaa"},"content":{"rendered":"<p>Voita sade! Toisessa k\u00e4dess\u00e4 ostoskassi, toisessa sateenvarjo \u2013 miten nyt avaat ovia? T\u00e4m\u00e4n korkealaatuisen polykarbonaattisen katoksen alla, joka asennetaan ulko-ovesi yl\u00e4puolelle, olet hyvin suojassa. Sulje siis sateenvarjosi ja astu kuivana ja rauhallisena kotiisi! P\u00e4\u00e4st\u00e4 valo l\u00e4pi! Kaarevan muotoilunsa ansiosta t\u00e4m\u00e4 katos sopii my\u00f6s asennettavaksi ikkunoiden yl\u00e4puolelle. Lumi ja sade valuvat maahan kertym\u00e4tt\u00e4 katolle tai ikkunalaudalle. Katos ei kuitenkaan piment\u00e4 huoneitasi, sill\u00e4 lasit p\u00e4\u00e4st\u00e4v\u00e4t paljon valoa l\u00e4pi. Tuotetiedot: &#8211; V\u00e4ri: l\u00e4pin\u00e4kyv\u00e4 harmaa &#8211; Materiaali: polykarbonaattilevyt, PPO-muovikiinnikkeet, etu- ja takareunat alumiinia &#8211; Tuotteen mitat: 195 x 96 x 33,5 cm (P x L x K) &#8211; Polykarbonaattilevyjen paksuus: 5 mm &#8211; Paino: 6,2 kg Toimitus sis\u00e4lt\u00e4\u00e4: &#8211; 1 x katos (2 polykarbonaattilevy\u00e4 98 x 93 cm, 3 sein\u00e4kiinnikett\u00e4 ja 4 alumiinireunaa) &#8211; 1 x lis\u00e4varustepaketti &#8211; 1 x ohjeet (DE, EN, FR, IT, ES)<\/p>\n","protected":false},"excerpt":{"rendered":"<p>SONGMICS katos, 195 x 96 cm, katos, 5 mm paksut polykarbonaattilevyt, etuoven katos, yksikerroksinen katos, sateensuoja, l\u00e4pin\u00e4kyv\u00e4-harmaa GVH191<\/p>\n","protected":false},"featured_media":40477,"comment_status":"open","ping_status":"closed","template":"","meta":[],"product_brand":[],"product_cat":[32],"product_tag":[],"class_list":{"0":"post-31309","1":"product","2":"type-product","3":"status-publish","4":"has-post-thumbnail","6":"product_cat-uncategorized-fi","8":"first","9":"instock","10":"shipping-taxable","11":"purchasable","12":"product-type-simple"},"_links":{"self":[{"href":"https:\/\/nordicmart.andreevmaster.com\/fi\/wp-json\/wp\/v2\/product\/31309","targetHints":{"allow":["GET"]}}],"collection":[{"href":"https:\/\/nordicmart.andreevmaster.com\/fi\/wp-json\/wp\/v2\/product"}],"about":[{"href":"https:\/\/nordicmart.andreevmaster.com\/fi\/wp-json\/wp\/v2\/types\/product"}],"replies":[{"embeddable":true,"href":"https:\/\/nordicmart.andreevmaster.com\/fi\/wp-json\/wp\/v2\/comments?post=31309"}],"wp:featuredmedia":[{"embeddable":true,"href":"https:\/\/nordicmart.andreevmaster.com\/fi\/wp-json\/wp\/v2\/media\/40477"}],"wp:attachment":[{"href":"https:\/\/nordicmart.andreevmaster.com\/fi\/wp-json\/wp\/v2\/media?parent=31309"}],"wp:term":[{"taxonomy":"product_brand","embeddable":true,"href":"https:\/\/nordicmart.andreevmaster.com\/fi\/wp-json\/wp\/v2\/product_brand?post=31309"},{"taxonomy":"product_cat","embeddable":true,"href":"https:\/\/nordicmart.andreevmaster.com\/fi\/wp-json\/wp\/v2\/product_cat?post=31309"},{"taxonomy":"product_tag","embeddable":true,"href":"https:\/\/nordicmart.andreevmaster.com\/fi\/wp-json\/wp\/v2\/product_tag?post=31309"}],"curies":[{"name":"wp","href":"https:\/\/api.w.org\/{rel}","templated":true}]}}