{"id":31308,"date":"2026-02-27T00:13:03","date_gmt":"2026-02-27T00:13:03","guid":{"rendered":"https:\/\/nordicmart.andreevmaster.com\/product\/songmics-155-x-96-cm-katos-lapinakyva-harmaa\/"},"modified":"2026-02-27T09:35:55","modified_gmt":"2026-02-27T09:35:55","slug":"songmics-155-x-96-cm-katos-lapinakyva-harmaa","status":"publish","type":"product","link":"https:\/\/nordicmart.andreevmaster.com\/fi\/tuote\/songmics-155-x-96-cm-katos-lapinakyva-harmaa\/","title":{"rendered":"SONGMICS 155 x 96 cm katos, l\u00e4pin\u00e4kyv\u00e4-harmaa"},"content":{"rendered":"<p>T\u00e4m\u00e4 SONGMICS-katos yhdist\u00e4\u00e4 toiminnallisuuden ja tyylin! Se tarjoaa suojaa huonolla s\u00e4\u00e4ll\u00e4 ja on suosittu kaikkien ovien ja ikkunoiden edess\u00e4. 5 mm paksut polykarbonaattilevyt, PPO-muoviset sein\u00e4kiinnikkeet \u2013 t\u00e4m\u00e4 katos vakuuttaa hyv\u00e4ll\u00e4 vakaudellaan. T\u00e4m\u00e4 etuoven katos ei suojaa vain huonolta s\u00e4\u00e4lt\u00e4. Se my\u00f6s antaa sis\u00e4\u00e4nk\u00e4ynnillesi houkuttelevan ilmeen. Tuotetiedot: &#8211; V\u00e4ri: l\u00e4pin\u00e4kyv\u00e4 harmaa &#8211; Materiaali: polykarbonaattilevyt, PPO-muovikiinnikkeet, etu- ja takareunat alumiinia &#8211; Tuotteen mitat: 155 x 96 x 33,5 cm (P x L x K) &#8211; Polykarbonaattilevyjen paksuus: 5 mm &#8211; Paino: 5,3 kg Toimitus sis\u00e4lt\u00e4\u00e4:- 1 x katos (2 polykarbonaattilevy\u00e4 98 x 75 cm, 3 sein\u00e4kiinnikett\u00e4 ja 4 alumiinireunaa) &#8211; 1 x lis\u00e4varustepaketti &#8211; 1 x ohjeet (DE, EN, FR, IT, ES)<\/p>\n","protected":false},"excerpt":{"rendered":"<p>SONGMICS 155 x 96 cm katos, katos, 5 mm paksut polykarbonaattilevyt, sadesuoja, l\u00e4pin\u00e4kyv\u00e4-harmaa GVH158<\/p>\n","protected":false},"featured_media":40476,"comment_status":"open","ping_status":"closed","template":"","meta":[],"product_brand":[],"product_cat":[32],"product_tag":[],"class_list":{"0":"post-31308","1":"product","2":"type-product","3":"status-publish","4":"has-post-thumbnail","6":"product_cat-uncategorized-fi","8":"first","9":"instock","10":"shipping-taxable","11":"purchasable","12":"product-type-simple"},"_links":{"self":[{"href":"https:\/\/nordicmart.andreevmaster.com\/fi\/wp-json\/wp\/v2\/product\/31308","targetHints":{"allow":["GET"]}}],"collection":[{"href":"https:\/\/nordicmart.andreevmaster.com\/fi\/wp-json\/wp\/v2\/product"}],"about":[{"href":"https:\/\/nordicmart.andreevmaster.com\/fi\/wp-json\/wp\/v2\/types\/product"}],"replies":[{"embeddable":true,"href":"https:\/\/nordicmart.andreevmaster.com\/fi\/wp-json\/wp\/v2\/comments?post=31308"}],"wp:featuredmedia":[{"embeddable":true,"href":"https:\/\/nordicmart.andreevmaster.com\/fi\/wp-json\/wp\/v2\/media\/40476"}],"wp:attachment":[{"href":"https:\/\/nordicmart.andreevmaster.com\/fi\/wp-json\/wp\/v2\/media?parent=31308"}],"wp:term":[{"taxonomy":"product_brand","embeddable":true,"href":"https:\/\/nordicmart.andreevmaster.com\/fi\/wp-json\/wp\/v2\/product_brand?post=31308"},{"taxonomy":"product_cat","embeddable":true,"href":"https:\/\/nordicmart.andreevmaster.com\/fi\/wp-json\/wp\/v2\/product_cat?post=31308"},{"taxonomy":"product_tag","embeddable":true,"href":"https:\/\/nordicmart.andreevmaster.com\/fi\/wp-json\/wp\/v2\/product_tag?post=31308"}],"curies":[{"name":"wp","href":"https:\/\/api.w.org\/{rel}","templated":true}]}}