{"id":31306,"date":"2026-02-27T00:13:03","date_gmt":"2026-02-27T00:13:03","guid":{"rendered":"https:\/\/nordicmart.andreevmaster.com\/product\/songmics-poytakatos-125-x-75-cm-lapinakyva\/"},"modified":"2026-02-27T09:35:54","modified_gmt":"2026-02-27T09:35:54","slug":"songmics-poytakatos-125-x-75-cm-lapinakyva","status":"publish","type":"product","link":"https:\/\/nordicmart.andreevmaster.com\/fi\/tuote\/songmics-poytakatos-125-x-75-cm-lapinakyva\/","title":{"rendered":"SONGMICS p\u00f6yt\u00e4katos 125 x 75 cm l\u00e4pin\u00e4kyv\u00e4"},"content":{"rendered":"<p>SONGMICSin ainutlaatuinen katos vakuuttaa tyylikk\u00e4\u00e4ll\u00e4 ja tyylikk\u00e4\u00e4ll\u00e4 ulkon\u00e4\u00f6ll\u00e4\u00e4n ja on valmistettu korkealaatuisista materiaaleista ja toiminnallisuudesta tinkim\u00e4tt\u00e4! Se on valmistettu 5 mm paksusta polykarbonaattikammiolevyst\u00e4, ja se on l\u00e4pin\u00e4kyv\u00e4, muodon- ja iskunkest\u00e4v\u00e4, l\u00e4mm\u00f6nkest\u00e4v\u00e4 ja eritt\u00e4in pitk\u00e4ik\u00e4inen. Se tarjoaa paitsi optimaalisen suojan tuulelta ja s\u00e4\u00e4lt\u00e4, my\u00f6s v\u00e4hent\u00e4\u00e4 liukastumisvaaraa etuovellasi. Lis\u00e4ksi se lis\u00e4\u00e4 tyyli\u00e4 ja charmia sis\u00e4\u00e4nk\u00e4yntiisi. Tarvittaessa sit\u00e4 voidaan laajentaa lis\u00e4\u00e4m\u00e4ll\u00e4 lis\u00e4osia, joita saat meilt\u00e4. SONGMICS-katokset ovat ihanteellinen ratkaisu sis\u00e4\u00e4nk\u00e4ynnin, ulko-oven, puutarhan oven, parvekkeen, autotallen tai sivurakennuksen suojaamiseen. Tuotetiedot: &#8211; Tuotteen mitat: 125 x 75 cm (L x S) &#8211; Katoksen materiaali: polykarbonaattikammiolevy (paksuus: 5 mm) &#8211; Taivutus: alumiini &#8211; Tukivarret: PPO-muovi &#8211; V\u00e4ri: &#8211; Katos: l\u00e4pin\u00e4kyv\u00e4 &#8211; Tukivarret\/alumiinilista: hopeanharmaa Toimitus sis\u00e4lt\u00e4\u00e4: &#8211; 1 x katos (asennussarja vakiokiinnitykseen) &#8211; 1 x asennusohjeet (DE, EN, FR, IT, ES)<\/p>\n","protected":false},"excerpt":{"rendered":"<p>SONGMICS 125 x 75 cm p\u00f6yt\u00e4katos, katos, ovikatos, katos, l\u00e4pin\u00e4kyv\u00e4, GVH017<\/p>\n","protected":false},"featured_media":40475,"comment_status":"open","ping_status":"closed","template":"","meta":[],"product_brand":[],"product_cat":[32],"product_tag":[],"class_list":{"0":"post-31306","1":"product","2":"type-product","3":"status-publish","4":"has-post-thumbnail","6":"product_cat-uncategorized-fi","8":"first","9":"instock","10":"shipping-taxable","11":"purchasable","12":"product-type-simple"},"_links":{"self":[{"href":"https:\/\/nordicmart.andreevmaster.com\/fi\/wp-json\/wp\/v2\/product\/31306","targetHints":{"allow":["GET"]}}],"collection":[{"href":"https:\/\/nordicmart.andreevmaster.com\/fi\/wp-json\/wp\/v2\/product"}],"about":[{"href":"https:\/\/nordicmart.andreevmaster.com\/fi\/wp-json\/wp\/v2\/types\/product"}],"replies":[{"embeddable":true,"href":"https:\/\/nordicmart.andreevmaster.com\/fi\/wp-json\/wp\/v2\/comments?post=31306"}],"wp:featuredmedia":[{"embeddable":true,"href":"https:\/\/nordicmart.andreevmaster.com\/fi\/wp-json\/wp\/v2\/media\/40475"}],"wp:attachment":[{"href":"https:\/\/nordicmart.andreevmaster.com\/fi\/wp-json\/wp\/v2\/media?parent=31306"}],"wp:term":[{"taxonomy":"product_brand","embeddable":true,"href":"https:\/\/nordicmart.andreevmaster.com\/fi\/wp-json\/wp\/v2\/product_brand?post=31306"},{"taxonomy":"product_cat","embeddable":true,"href":"https:\/\/nordicmart.andreevmaster.com\/fi\/wp-json\/wp\/v2\/product_cat?post=31306"},{"taxonomy":"product_tag","embeddable":true,"href":"https:\/\/nordicmart.andreevmaster.com\/fi\/wp-json\/wp\/v2\/product_tag?post=31306"}],"curies":[{"name":"wp","href":"https:\/\/api.w.org\/{rel}","templated":true}]}}